{"id":360501,"date":"2024-09-26T12:57:58","date_gmt":"2024-09-26T11:57:58","guid":{"rendered":"https:\/\/www.moskito.cz\/produkt\/kapesni-nuz-fragment\/"},"modified":"2025-12-10T12:45:21","modified_gmt":"2025-12-10T11:45:21","slug":"kapesni-nuz-fragment","status":"publish","type":"product","link":"https:\/\/www.moskito.cz\/es\/produkt\/kapesni-nuz-fragment\/","title":{"rendered":"Zav\u00edrac\u00ed N\u016f\u017e B\u00f6ker Plus Fragment 01BO660"},"content":{"rendered":"<p>Zav\u00edrac\u00ed N\u016f\u017e <strong>B\u00f6ker Plus<\/strong> Fragment 01BO660.<\/p>\n<p>Mimo\u0159\u00e1dn\u00fd B\u00f6ker Plus Fragment zaujme jako lehk\u00fd EDC nebo z\u00e1lo\u017en\u00ed n\u016f\u017e s extr\u00e9mn\u011b redukovanou konstrukc\u00ed. \u0160ikovn\u00fd kapesn\u00ed n\u016f\u017e se zcela obejde bez stupnice p\u0159edn\u00ed rukojeti a m\u00edsto toho s\u00e1z\u00ed na minimalistickou li\u0161tu, kter\u00e1 spojuje \u0161roub osy \u010depele se zadn\u00ed sko\u0159epinou. Dut\u00e1 brou\u0161en\u00e1 upraven\u00e1 \u010depel ov\u010d\u00ed nohy je vyrobena z kobaltu legovan\u00e9 440C a stejn\u011b jako cel\u00e1 celoocelov\u00e1 konstrukce m\u00e1 tmavou povrchovou \u00fapravu Stonewash. Provozn\u00ed bezpe\u010dnost modern\u00edho kluzn\u00e9ho kapesn\u00edho no\u017ee d\u00e1le zvy\u0161uje 90stup\u0148ov\u00e1 aretace p\u0159i otev\u00edr\u00e1n\u00ed a zav\u00edr\u00e1n\u00ed \u010depele a ochrana prst\u016f. S o\u010dkem na \u0161\u0148\u016frku a praktickou sponou pro hlubok\u00e9 no\u0161en\u00ed (sklopn\u00e1\/p).<\/p>\n<p>Zna\u010dka: Boker Plus<br \/>\nCelkov\u00e1 d\u00e9lka: 13,00 cm<br \/>\nD\u00e9lka \u010depele: 5,00 cm<br \/>\nTlou\u0161\u0165ka \u010depele: 2,50 mm<br \/>\nHmotnost: 31,00 g<br \/>\nMateri\u00e1l \u010depele: 440C<br \/>\nOtev\u00edrac\u00ed: Ru\u010dn\u011b<br \/>\nUzav\u0159en\u00ed: Kluzn\u00fd kloub<br \/>\n\u010c\u00edslo polo\u017eky: 01BO660<\/p>\n<p>&nbsp;<\/p>\n","protected":false},"excerpt":{"rendered":"<p><strong>Kapesn\u00ed n\u016f\u017e B\u00f6ker Plus Fragment p\u0159esv\u011bd\u010d\u00ed jako lehk\u00fd n\u016f\u017e EDC nebo z\u00e1lo\u017en\u00ed n\u016f\u017e s extr\u00e9mn\u011b redukovanou konstrukc\u00ed.<\/strong><\/p>\n","protected":false},"featured_media":370390,"comment_status":"closed","ping_status":"closed","template":"","meta":[],"pwb-brand":[140],"product_brand":[],"product_cat":[17,22],"product_tag":[],"class_list":{"0":"post-360501","1":"product","2":"type-product","3":"status-publish","4":"has-post-thumbnail","6":"pwb-brand-boker","7":"product_cat-noze","8":"product_cat-zaviraci-noze","10":"first","11":"outofstock","12":"taxable","13":"shipping-taxable","14":"purchasable","15":"product-type-simple"},"brands":[{"id":140,"name":"Boker","slug":"boker"}],"_links":{"self":[{"href":"https:\/\/www.moskito.cz\/es\/wp-json\/wp\/v2\/product\/360501","targetHints":{"allow":["GET"]}}],"collection":[{"href":"https:\/\/www.moskito.cz\/es\/wp-json\/wp\/v2\/product"}],"about":[{"href":"https:\/\/www.moskito.cz\/es\/wp-json\/wp\/v2\/types\/product"}],"replies":[{"embeddable":true,"href":"https:\/\/www.moskito.cz\/es\/wp-json\/wp\/v2\/comments?post=360501"}],"wp:featuredmedia":[{"embeddable":true,"href":"https:\/\/www.moskito.cz\/es\/wp-json\/wp\/v2\/media\/370390"}],"wp:attachment":[{"href":"https:\/\/www.moskito.cz\/es\/wp-json\/wp\/v2\/media?parent=360501"}],"wp:term":[{"taxonomy":"pwb-brand","embeddable":true,"href":"https:\/\/www.moskito.cz\/es\/wp-json\/wp\/v2\/pwb-brand?post=360501"},{"taxonomy":"product_brand","embeddable":true,"href":"https:\/\/www.moskito.cz\/es\/wp-json\/wp\/v2\/product_brand?post=360501"},{"taxonomy":"product_cat","embeddable":true,"href":"https:\/\/www.moskito.cz\/es\/wp-json\/wp\/v2\/product_cat?post=360501"},{"taxonomy":"product_tag","embeddable":true,"href":"https:\/\/www.moskito.cz\/es\/wp-json\/wp\/v2\/product_tag?post=360501"}],"curies":[{"name":"wp","href":"https:\/\/api.w.org\/{rel}","templated":true}]}}