{"id":360529,"date":"2024-09-26T12:57:58","date_gmt":"2024-09-26T11:57:58","guid":{"rendered":"https:\/\/www.moskito.cz\/produkt\/kapesni-nuz-barlow-integral-leopard-damascus\/"},"modified":"2025-05-07T11:24:42","modified_gmt":"2025-05-07T10:24:42","slug":"kapesni-nuz-barlow-integral-leopard-damascus","status":"publish","type":"product","link":"https:\/\/www.moskito.cz\/es\/produkt\/kapesni-nuz-barlow-integral-leopard-damascus\/","title":{"rendered":"Kapesn\u00ed n\u016f\u017e Barlow Integral Leopard-Damascus"},"content":{"rendered":"<p><UL><\/p>\n<p><LI>celkov\u00e1 d\u00e9lka: 15,2 cm <\/p>\n<p><LI>d\u00e9lka \u010depele: 6,7 cm <\/p>\n<p><LI>hmotnost: 30 g <\/p>\n<p><LI>materi\u00e1l \u010depele: dama\u0161kov\u00e1 ocel <\/p>\n<p><LI>materi\u00e1l rukojeti: exotick\u00e9 d\u0159evo Desert Ironwood \/ micarta <\/p>\n<p><LI>ru\u010dn\u00ed otv\u00edr\u00e1n\u00ed <\/p>\n<p><LI>typ pojistky: Slipjoint <\/p>\n<p><LI>v kvalitn\u00edm plst\u011bn\u00e9m pouzd\u0159e <\/p>\n<p><LI>s certifik\u00e1tem pravosti <\/p>\n<p><LI>individu\u00e1ln\u00ed s\u00e9riov\u00e9 \u010d\u00edslo <\/p>\n<p><LI>ru\u010dn\u011b vyrobeno v manufaktu\u0159e v Solingenu<\/LI><br \/>\n<\/UL><\/p>\n","protected":false},"excerpt":{"rendered":"<p><P>Kapesn\u00ed&nbsp;n\u016f\u017e Barlow je naprostou klasikou v nab\u00eddce zna\u010dky B\u00f6ker a jako lehk\u00fd kapesn\u00ed n\u016f\u017e zvl\u00e1dne t\u00e9m\u011b\u0159 v\u0161echny ka\u017edodenn\u00ed \u0159ezn\u00e9 pr\u00e1ce bez n\u00e1mahy. Tato obzvl\u00e1\u0161t\u011b u\u0161lechtil\u00e1 sb\u011bratelsk\u00e1 verze je vybavena \u010depel\u00ed z leopard\u00edho dama\u0161ku, kter\u00e1 se otev\u00edr\u00e1 pomoc\u00ed nehtov\u00e9ho z\u00e1\u0159ezu. Legend\u00e1rn\u00ed ocel \u010depele od spole\u010dnosti B\u00f6ker, kter\u00e1 ji\u017e mnoho let inspiruje no\u017e\u00ed\u0159skou sc\u00e9nu po cel\u00e9m sv\u011bt\u011b, je vyrobena zejm\u00e9na z oceli hlavn\u00edho bojov\u00e9ho tanku Leopard. Skl\u00e1d\u00e1 se ze 300 vrstev a m\u00e1 tvrdost 61 a\u017e 63 HRC. Kapesn\u00ed n\u016f\u017e s integrovanou konstrukc\u00ed je vybaven tvarovanou rukojet\u00ed z olivov\u011b zelen\u00e9 mikarty, kter\u00e1 je vyfr\u00e9zovan\u00e1 z masivu a tvo\u0159\u00ed tak\u00e9 charakteristick\u00e9 bolstery Barlow. Lehk\u00e1 konstrukce se tak m\u016f\u017ee zcela obej\u00edt bez p\u0159\u00eddavn\u00fdch kovov\u00fdch p\u0159\u00edlo\u017eek. D\u00edky podobn\u011b tvarovan\u00fdm st\u0159enk\u00e1m rukojeti z certifikovan\u00e9ho exotick\u00e9ho d\u0159eva Desert Ironwood se tento n\u016f\u017e pro distingovan\u00e9 gentlemany mimo\u0159\u00e1dn\u011b pohodln\u011b dr\u017e\u00ed. S kvalitn\u00edm plst\u011bn\u00fdm pouzdrem, certifik\u00e1tem pravosti a individu\u00e1ln\u00edm s\u00e9riov\u00fdm \u010d\u00edslem. Ru\u010dn\u011b v\u00fdrobeno v manufaktu\u0159e no\u017e\u016f B\u00f6ker v Solingenu.<\/P><\/p>\n","protected":false},"featured_media":360530,"comment_status":"closed","ping_status":"closed","template":"","meta":[],"pwb-brand":[140],"product_brand":[],"product_cat":[17,22],"product_tag":[],"class_list":{"0":"post-360529","1":"product","2":"type-product","3":"status-publish","4":"has-post-thumbnail","6":"pwb-brand-boker","7":"product_cat-noze","8":"product_cat-zaviraci-noze","10":"first","11":"outofstock","12":"taxable","13":"shipping-taxable","14":"purchasable","15":"product-type-simple"},"brands":[{"id":140,"name":"Boker","slug":"boker"}],"_links":{"self":[{"href":"https:\/\/www.moskito.cz\/es\/wp-json\/wp\/v2\/product\/360529","targetHints":{"allow":["GET"]}}],"collection":[{"href":"https:\/\/www.moskito.cz\/es\/wp-json\/wp\/v2\/product"}],"about":[{"href":"https:\/\/www.moskito.cz\/es\/wp-json\/wp\/v2\/types\/product"}],"replies":[{"embeddable":true,"href":"https:\/\/www.moskito.cz\/es\/wp-json\/wp\/v2\/comments?post=360529"}],"wp:featuredmedia":[{"embeddable":true,"href":"https:\/\/www.moskito.cz\/es\/wp-json\/wp\/v2\/media\/360530"}],"wp:attachment":[{"href":"https:\/\/www.moskito.cz\/es\/wp-json\/wp\/v2\/media?parent=360529"}],"wp:term":[{"taxonomy":"pwb-brand","embeddable":true,"href":"https:\/\/www.moskito.cz\/es\/wp-json\/wp\/v2\/pwb-brand?post=360529"},{"taxonomy":"product_brand","embeddable":true,"href":"https:\/\/www.moskito.cz\/es\/wp-json\/wp\/v2\/product_brand?post=360529"},{"taxonomy":"product_cat","embeddable":true,"href":"https:\/\/www.moskito.cz\/es\/wp-json\/wp\/v2\/product_cat?post=360529"},{"taxonomy":"product_tag","embeddable":true,"href":"https:\/\/www.moskito.cz\/es\/wp-json\/wp\/v2\/product_tag?post=360529"}],"curies":[{"name":"wp","href":"https:\/\/api.w.org\/{rel}","templated":true}]}}