{"id":360535,"date":"2024-09-26T12:57:58","date_gmt":"2024-09-26T11:57:58","guid":{"rendered":"https:\/\/www.moskito.cz\/produkt\/kapesni-nuz-m4-sherman-damascus\/"},"modified":"2025-05-07T11:24:42","modified_gmt":"2025-05-07T10:24:42","slug":"kapesni-nuz-m4-sherman-damascus","status":"publish","type":"product","link":"https:\/\/www.moskito.cz\/es\/produkt\/kapesni-nuz-m4-sherman-damascus\/","title":{"rendered":"Kapesn\u00ed n\u016f\u017e M4 Sherman-Damascus"},"content":{"rendered":"<p><UL><\/p>\n<p><LI>celkov\u00e1 d\u00e9lka: 17,5 cm <\/p>\n<p><LI>d\u00e9lka \u010depele: 7,7 cm <\/p>\n<p><LI>hmotnost: 107 g <\/p>\n<p><LI>materi\u00e1l \u010depele: dama\u0161kov\u00e1 ocel <\/p>\n<p><LI>materi\u00e1l rukojeti: plast Micarta <\/p>\n<p><LI>ru\u010dn\u00ed otv\u00edr\u00e1n\u00ed <\/p>\n<p><LI>pojistka: Framelock <\/p>\n<p><LI>s klipem <\/p>\n<p><LI>dod\u00e1v\u00e1no s certifik\u00e1tem pravosti a individu\u00e1ln\u00edm s\u00e9riov\u00fdm \u010d\u00edslem<\/LI><br \/>\n<\/UL><\/p>\n","protected":false},"excerpt":{"rendered":"<p><P>V\u00fdjime\u010dn\u00fd B\u00f6ker M4 Sherman-Damascus je kusem \u017eiv\u00e9 historie a kombinuje vysoce kvalitn\u00ed \u0159emesln\u00e9 zpracov\u00e1n\u00ed s historick\u00fdmi materi\u00e1ly. Tento n\u016f\u017e je vybaven jedine\u010dnou dama\u0161kovou \u010depel\u00ed s 80 vrstvami, kovanou z r\u016fzn\u00fdch materi\u00e1l\u016f z v\u00fdroby tank\u016f M4 Sherman, kter\u00e9 byly d\u0159\u00edve restaurov\u00e1ny muzeem. Unik\u00e1tn\u00ed dama\u0161ek je ru\u010dn\u011b kovan\u00fd ve vzoru, kter\u00fd p\u0159ipom\u00edn\u00e1 stopy tohoto tanku. M\u00edrn\u011b tvarovan\u00e1 rukoje\u0165 z odoln\u00e9 micarty pohodln\u011b padne do ruky. Jej\u00ed odst\u00edn p\u0159ipom\u00edn\u00e1 maskovac\u00ed barvu pou\u017e\u00edvanou americkou arm\u00e1dou i n\u00e1mo\u0159n\u00ed p\u011bchotou. Vyrobeno ru\u010dn\u011b v Solingenu.<\/P><\/p>\n","protected":false},"featured_media":360536,"comment_status":"closed","ping_status":"closed","template":"","meta":[],"pwb-brand":[140],"product_brand":[],"product_cat":[17,22],"product_tag":[],"class_list":{"0":"post-360535","1":"product","2":"type-product","3":"status-publish","4":"has-post-thumbnail","6":"pwb-brand-boker","7":"product_cat-noze","8":"product_cat-zaviraci-noze","10":"first","11":"outofstock","12":"taxable","13":"shipping-taxable","14":"purchasable","15":"product-type-simple"},"brands":[{"id":140,"name":"Boker","slug":"boker"}],"_links":{"self":[{"href":"https:\/\/www.moskito.cz\/es\/wp-json\/wp\/v2\/product\/360535","targetHints":{"allow":["GET"]}}],"collection":[{"href":"https:\/\/www.moskito.cz\/es\/wp-json\/wp\/v2\/product"}],"about":[{"href":"https:\/\/www.moskito.cz\/es\/wp-json\/wp\/v2\/types\/product"}],"replies":[{"embeddable":true,"href":"https:\/\/www.moskito.cz\/es\/wp-json\/wp\/v2\/comments?post=360535"}],"wp:featuredmedia":[{"embeddable":true,"href":"https:\/\/www.moskito.cz\/es\/wp-json\/wp\/v2\/media\/360536"}],"wp:attachment":[{"href":"https:\/\/www.moskito.cz\/es\/wp-json\/wp\/v2\/media?parent=360535"}],"wp:term":[{"taxonomy":"pwb-brand","embeddable":true,"href":"https:\/\/www.moskito.cz\/es\/wp-json\/wp\/v2\/pwb-brand?post=360535"},{"taxonomy":"product_brand","embeddable":true,"href":"https:\/\/www.moskito.cz\/es\/wp-json\/wp\/v2\/product_brand?post=360535"},{"taxonomy":"product_cat","embeddable":true,"href":"https:\/\/www.moskito.cz\/es\/wp-json\/wp\/v2\/product_cat?post=360535"},{"taxonomy":"product_tag","embeddable":true,"href":"https:\/\/www.moskito.cz\/es\/wp-json\/wp\/v2\/product_tag?post=360535"}],"curies":[{"name":"wp","href":"https:\/\/api.w.org\/{rel}","templated":true}]}}