{"id":360545,"date":"2024-09-26T12:57:58","date_gmt":"2024-09-26T11:57:58","guid":{"rendered":"https:\/\/www.moskito.cz\/produkt\/kapesni-nuz-trapper-asbach-uralt\/"},"modified":"2025-05-07T11:24:42","modified_gmt":"2025-05-07T10:24:42","slug":"kapesni-nuz-trapper-asbach-uralt","status":"publish","type":"product","link":"https:\/\/www.moskito.cz\/es\/produkt\/kapesni-nuz-trapper-asbach-uralt\/","title":{"rendered":"Kapesn\u00ed n\u016f\u017e Trapper Asbach Uralt"},"content":{"rendered":"<p><UL><\/p>\n<p><LI>celkov\u00e1 d\u00e9lka: 19 cm <\/p>\n<p><LI>d\u00e9lka \u010depele: 8,5 cm <\/p>\n<p><LI>hmotnost: 70 g <\/p>\n<p><LI>tlou\u0161\u0165ka \u010depele: 2,2 cm <\/p>\n<p><LI>materi\u00e1l \u010depele: nerezov\u00e1 ocel 440C <\/p>\n<p><LI>materi\u00e1l rukojeti: dubov\u00e9 d\u0159evo \/nikl <\/p>\n<p><LI>ru\u010dn\u00ed otv\u00edr\u00e1n\u00ed <\/p>\n<p><LI>typ pojistky: Slipjoint <\/p>\n<p><LI>v kvalitn\u00edm plst\u011bn\u00e9m pouzd\u0159e <\/p>\n<p><LI>certifik\u00e1t pravosti <\/p>\n<p><LI>individu\u00e1ln\u00ed s\u00e9riov\u00e9 \u010d\u00edslo<\/LI><br \/>\n<\/UL><\/p>\n","protected":false},"excerpt":{"rendered":"<p><P>Klasick\u00fd loveck\u00fd n\u016f\u017e popul\u00e1rn\u00ed ji\u017e od za\u010d\u00e1tku 20. stolet\u00ed. Rukojeti no\u017ee Trapper Asbach Uralt jsou vyrobeny z jedine\u010dn\u00e9ho dubov\u00e9ho d\u0159eva ze sud\u016f, ve kter\u00fdch zr\u00e1la u\u0161lechtil\u00e1 brandy Asbach a nyn\u00ed po desetilet\u00edch skladov\u00e1n\u00ed dostaly nov\u00fd \u00fakol. Stejn\u011b jako mal\u00e9 sudy je i rukoje\u0165 kapesn\u00edho no\u017ee opat\u0159ena zna\u010dkou slavn\u00e9ho lihovaru. Le\u0161t\u011bn\u00e1 \u010depel z nerezov\u00e9 oceli je bez pojistky. V\u00fdrazn\u00e9 bolstery jsou niklov\u011b st\u0159\u00edbrn\u00e9 a p\u011bkn\u011b kontrastuj\u00ed s d\u0159evem rukojeti. D\u00edky \u0161t\u00edhl\u00e9mu designu je Trapper ide\u00e1ln\u00edm spole\u010dn\u00edkem pro ka\u017edodenn\u00ed no\u0161en\u00ed. Vyrobeno ru\u010dn\u011b v Solingenu v limitovan\u00e9m mno\u017estv\u00ed pouh\u00fdch 999 kus\u016f.<\/P><\/p>\n","protected":false},"featured_media":360546,"comment_status":"closed","ping_status":"closed","template":"","meta":[],"pwb-brand":[140],"product_brand":[],"product_cat":[17,22],"product_tag":[],"class_list":{"0":"post-360545","1":"product","2":"type-product","3":"status-publish","4":"has-post-thumbnail","6":"pwb-brand-boker","7":"product_cat-noze","8":"product_cat-zaviraci-noze","10":"first","11":"outofstock","12":"taxable","13":"shipping-taxable","14":"purchasable","15":"product-type-simple"},"brands":[{"id":140,"name":"Boker","slug":"boker"}],"_links":{"self":[{"href":"https:\/\/www.moskito.cz\/es\/wp-json\/wp\/v2\/product\/360545","targetHints":{"allow":["GET"]}}],"collection":[{"href":"https:\/\/www.moskito.cz\/es\/wp-json\/wp\/v2\/product"}],"about":[{"href":"https:\/\/www.moskito.cz\/es\/wp-json\/wp\/v2\/types\/product"}],"replies":[{"embeddable":true,"href":"https:\/\/www.moskito.cz\/es\/wp-json\/wp\/v2\/comments?post=360545"}],"wp:featuredmedia":[{"embeddable":true,"href":"https:\/\/www.moskito.cz\/es\/wp-json\/wp\/v2\/media\/360546"}],"wp:attachment":[{"href":"https:\/\/www.moskito.cz\/es\/wp-json\/wp\/v2\/media?parent=360545"}],"wp:term":[{"taxonomy":"pwb-brand","embeddable":true,"href":"https:\/\/www.moskito.cz\/es\/wp-json\/wp\/v2\/pwb-brand?post=360545"},{"taxonomy":"product_brand","embeddable":true,"href":"https:\/\/www.moskito.cz\/es\/wp-json\/wp\/v2\/product_brand?post=360545"},{"taxonomy":"product_cat","embeddable":true,"href":"https:\/\/www.moskito.cz\/es\/wp-json\/wp\/v2\/product_cat?post=360545"},{"taxonomy":"product_tag","embeddable":true,"href":"https:\/\/www.moskito.cz\/es\/wp-json\/wp\/v2\/product_tag?post=360545"}],"curies":[{"name":"wp","href":"https:\/\/api.w.org\/{rel}","templated":true}]}}