{"id":360640,"date":"2024-09-26T12:58:29","date_gmt":"2024-09-26T11:58:29","guid":{"rendered":"https:\/\/www.moskito.cz\/produkt\/kapesni-nuz-boker-plus-urban-spillo-flipjoint\/"},"modified":"2025-05-07T11:24:44","modified_gmt":"2025-05-07T10:24:44","slug":"kapesni-nuz-boker-plus-urban-spillo-flipjoint","status":"publish","type":"product","link":"https:\/\/www.moskito.cz\/es\/produkt\/kapesni-nuz-boker-plus-urban-spillo-flipjoint\/","title":{"rendered":"Kapesn\u00ed n\u016f\u017e B\u00f6ker Plus Urban Spillo Flipjoint"},"content":{"rendered":"<ul>\n<li>celkov\u00e1 d\u00e9lka: 17,7 cm<\/li>\n<li>d\u00e9lka \u010depele: 7,6 cm<\/li>\n<li>hmotnost: 67 g<\/li>\n<li>tlou\u0161\u0165ka \u010depele: 2,9 mm<\/li>\n<li>materi\u00e1l \u010depele: 440C<\/li>\n<li>materi\u00e1l rukojeti: nerezov\u00e1 ocel<\/li>\n<li>typ pojistky: Slipjoint<\/li>\n<li>s klipem a otvorem na \u0161\u0148\u016frku<\/li>\n<\/ul>\n","protected":false},"excerpt":{"rendered":"<p>\u0160t\u00edhl\u00fd n\u016f\u017e B\u00f6ker Plus Urban Spillo Flipjoint kombinuje obl\u00edben\u00e9 otev\u00edr\u00e1n\u00ed flipper s promy\u0161len\u00fdm mechanismem slipjoint, a lze jej d\u00edky tomu snadno nosit na ve\u0159ejnosti. Kuli\u010dkov\u00e1 \u010depel Spearpoint vyroben\u00e1 z oceli 440C je opat\u0159ena odolnou povrchovou \u00fapravou stonewash a po otev\u0159en\u00ed ji diskr\u00e9tn\u011b dr\u017e\u00ed na m\u00edst\u011b pojistn\u00e1 kuli\u010dka. Mal\u00e1 kuli\u010dka \u00fa\u010dinn\u011b zabra\u0148uje necht\u011bn\u00e9mu zp\u011btn\u00e9mu v\u00fdkyvu otev\u0159en\u00e9 \u010depele, odpor lze ale p\u0159i zav\u00edr\u00e1n\u00ed no\u017ee rukou bez n\u00e1mahy p\u0159ekonat. Rukoje\u0165 je vyrobena ze skeletovan\u00e9 nerezov\u00e9 oceli a m\u00e1 rovn\u011b\u017e povrchovou \u00fapravu stonewash. Obejde se bez p\u0159\u00eddavn\u00fdch vlo\u017eek a dr\u017e\u00ed jej pohromad\u011b \u010dern\u00e9 \u0161rouby rukojeti, zat\u00edmco mosazn\u00fd krou\u017eek kolem oto\u010dn\u00e9ho \u0161roubu dod\u00e1v\u00e1 zaj\u00edmav\u00fd vizu\u00e1ln\u00ed akcent. Je vybaven otvorem na \u0161\u0148\u016frku a klipem.<\/p>\n","protected":false},"featured_media":360641,"comment_status":"closed","ping_status":"closed","template":"","meta":[],"pwb-brand":[140],"product_brand":[],"product_cat":[17,22],"product_tag":[],"class_list":{"0":"post-360640","1":"product","2":"type-product","3":"status-publish","4":"has-post-thumbnail","6":"pwb-brand-boker","7":"product_cat-noze","8":"product_cat-zaviraci-noze","10":"first","11":"instock","12":"taxable","13":"shipping-taxable","14":"purchasable","15":"product-type-simple"},"brands":[{"id":140,"name":"Boker","slug":"boker"}],"_links":{"self":[{"href":"https:\/\/www.moskito.cz\/es\/wp-json\/wp\/v2\/product\/360640","targetHints":{"allow":["GET"]}}],"collection":[{"href":"https:\/\/www.moskito.cz\/es\/wp-json\/wp\/v2\/product"}],"about":[{"href":"https:\/\/www.moskito.cz\/es\/wp-json\/wp\/v2\/types\/product"}],"replies":[{"embeddable":true,"href":"https:\/\/www.moskito.cz\/es\/wp-json\/wp\/v2\/comments?post=360640"}],"wp:featuredmedia":[{"embeddable":true,"href":"https:\/\/www.moskito.cz\/es\/wp-json\/wp\/v2\/media\/360641"}],"wp:attachment":[{"href":"https:\/\/www.moskito.cz\/es\/wp-json\/wp\/v2\/media?parent=360640"}],"wp:term":[{"taxonomy":"pwb-brand","embeddable":true,"href":"https:\/\/www.moskito.cz\/es\/wp-json\/wp\/v2\/pwb-brand?post=360640"},{"taxonomy":"product_brand","embeddable":true,"href":"https:\/\/www.moskito.cz\/es\/wp-json\/wp\/v2\/product_brand?post=360640"},{"taxonomy":"product_cat","embeddable":true,"href":"https:\/\/www.moskito.cz\/es\/wp-json\/wp\/v2\/product_cat?post=360640"},{"taxonomy":"product_tag","embeddable":true,"href":"https:\/\/www.moskito.cz\/es\/wp-json\/wp\/v2\/product_tag?post=360640"}],"curies":[{"name":"wp","href":"https:\/\/api.w.org\/{rel}","templated":true}]}}