{"id":360658,"date":"2024-09-26T12:58:29","date_gmt":"2024-09-26T11:58:29","guid":{"rendered":"https:\/\/www.moskito.cz\/produkt\/kapesni-nuz-heckler-koch-sfp-tactical-folder\/"},"modified":"2025-05-07T11:24:45","modified_gmt":"2025-05-07T10:24:45","slug":"kapesni-nuz-heckler-koch-sfp-tactical-folder","status":"publish","type":"product","link":"https:\/\/www.moskito.cz\/es\/produkt\/kapesni-nuz-heckler-koch-sfp-tactical-folder\/","title":{"rendered":"Kapesn\u00ed n\u016f\u017e Heckler &#038; Koch SFP Tactical Folder"},"content":{"rendered":"<ul>\n<li>celkov\u00e1 d\u00e9lka: 21,8 cm<\/li>\n<li>d\u00e9lka \u010depele: 9,2 cm<\/li>\n<li>tlou\u0161\u0165ka \u010depele: 3,2 mm<\/li>\n<li>hmotnost: 130 g<\/li>\n<li>materi\u00e1l \u010depele: D-2<\/li>\n<li>materi\u00e1l rukojeti: polypropylen<\/li>\n<li>pojistka: Linerlock<\/li>\n<\/ul>\n","protected":false},"excerpt":{"rendered":"<p>Kapesn\u00ed n\u016f\u017e Heckler &#038; Koch SFP Tactical Folder je spolehliv\u00fd taktick\u00fd n\u016f\u017e, kter\u00fd vyu\u017e\u00edv\u00e1 designov\u00e9 prvky sv\u011btozn\u00e1m\u00e9 pistole a zaujme robustn\u00ed \u0161pi\u010datou \u010depel\u00ed z materi\u00e1lu D2. Samonab\u00edjec\u00ed pistole n\u011bmeck\u00e9ho v\u00fdrobce zbran\u00ed m\u00e1 standardn\u011b jedine\u010dn\u00e9 vlastnosti a inovativn\u00ed detaily, kter\u00e9 n\u016f\u017e d\u016fsledn\u011b p\u0159eb\u00edr\u00e1. \u010cepel s povrchovou \u00fapravou stonewash se otev\u00edr\u00e1 odn\u00edmateln\u00fdm v\u00fdstupkem na palec a bezpe\u010dn\u011b se uzamyk\u00e1 robustn\u00ed pojistkou linerlock. D\u00edky ergonomicky tvarovan\u00fdm prohlubn\u00edm na prsty, kter\u00e9 jsou vytvo\u0159eny po vzoru rukojeti SFP9, se n\u016f\u017e v\u017edy bezpe\u010dn\u011b dr\u017e\u00ed v ruce, a to i za mokra, a lze jej snadno ovl\u00e1dat i v rukavic\u00edch. St\u0159enky rukojeti a hlubok\u00fd nosn\u00fd klip maj\u00ed vyra\u017een\u00e9 logo Heckler &#038; Koch. N\u016f\u017e je dod\u00e1v\u00e1n s kvalitn\u00edm nylonov\u00fdm pouzdrem pro bezpe\u010dn\u00e9 ukl\u00e1d\u00e1n\u00ed.<\/p>\n","protected":false},"featured_media":360659,"comment_status":"closed","ping_status":"closed","template":"","meta":[],"pwb-brand":[3959],"product_brand":[],"product_cat":[17,22],"product_tag":[],"class_list":{"0":"post-360658","1":"product","2":"type-product","3":"status-publish","4":"has-post-thumbnail","6":"pwb-brand-knives-international","7":"product_cat-noze","8":"product_cat-zaviraci-noze","10":"first","11":"outofstock","12":"taxable","13":"shipping-taxable","14":"purchasable","15":"product-type-simple"},"brands":[{"id":3959,"name":"Knives International","slug":"knives-international"}],"_links":{"self":[{"href":"https:\/\/www.moskito.cz\/es\/wp-json\/wp\/v2\/product\/360658","targetHints":{"allow":["GET"]}}],"collection":[{"href":"https:\/\/www.moskito.cz\/es\/wp-json\/wp\/v2\/product"}],"about":[{"href":"https:\/\/www.moskito.cz\/es\/wp-json\/wp\/v2\/types\/product"}],"replies":[{"embeddable":true,"href":"https:\/\/www.moskito.cz\/es\/wp-json\/wp\/v2\/comments?post=360658"}],"wp:featuredmedia":[{"embeddable":true,"href":"https:\/\/www.moskito.cz\/es\/wp-json\/wp\/v2\/media\/360659"}],"wp:attachment":[{"href":"https:\/\/www.moskito.cz\/es\/wp-json\/wp\/v2\/media?parent=360658"}],"wp:term":[{"taxonomy":"pwb-brand","embeddable":true,"href":"https:\/\/www.moskito.cz\/es\/wp-json\/wp\/v2\/pwb-brand?post=360658"},{"taxonomy":"product_brand","embeddable":true,"href":"https:\/\/www.moskito.cz\/es\/wp-json\/wp\/v2\/product_brand?post=360658"},{"taxonomy":"product_cat","embeddable":true,"href":"https:\/\/www.moskito.cz\/es\/wp-json\/wp\/v2\/product_cat?post=360658"},{"taxonomy":"product_tag","embeddable":true,"href":"https:\/\/www.moskito.cz\/es\/wp-json\/wp\/v2\/product_tag?post=360658"}],"curies":[{"name":"wp","href":"https:\/\/api.w.org\/{rel}","templated":true}]}}