{"id":360754,"date":"2024-09-26T12:59:06","date_gmt":"2024-09-26T11:59:06","guid":{"rendered":"https:\/\/www.moskito.cz\/produkt\/kapesni-nuz-alluvial-all-black\/"},"modified":"2025-05-07T11:24:50","modified_gmt":"2025-05-07T10:24:50","slug":"kapesni-nuz-alluvial-all-black","status":"publish","type":"product","link":"https:\/\/www.moskito.cz\/es\/produkt\/kapesni-nuz-alluvial-all-black\/","title":{"rendered":"Kapesn\u00ed n\u016f\u017e Alluvial All Black"},"content":{"rendered":"<ul>\n<li>celkov\u00e1 d\u00e9lka:19,4 cm<\/li>\n<li>d\u00e9lka \u010depele: 8,0 cm<\/li>\n<li>hmotnost: 88 g<\/li>\n<li>tlou\u0161\u0165ka \u010depele: 2,9 mm<\/li>\n<li>materi\u00e1l \u010depele: D2<\/li>\n<li>materi\u00e1l rukojeti: hlin\u00edk<\/li>\n<li>design\u00e9r: Justin Lundquist<\/li>\n<li>typ pojistky: tla\u010d\u00edtko<\/li>\n<li>s klipem<\/li>\n<\/ul>\n","protected":false},"excerpt":{"rendered":"<p>Vznikaly po tis\u00edce let a byly utv\u00e1\u0159eny obrovskou silou vody: aluvi\u00e1ln\u00ed p\u016fdy byly u\u017e ve star\u00e9m Egypt\u011b vn\u00edm\u00e1ny jako \u0161\u0165astn\u00e9 po\u017eehn\u00e1n\u00ed pro bohatou \u00farodu. Eroze sediment\u016f vytvo\u0159ila pod\u00e9l pob\u0159e\u017e\u00ed, \u0159ek nebo jezer specifick\u00e9 p\u016fdy extr\u00e9mn\u011b bohat\u00e9 na \u017eiviny, co\u017e s\u00e1m design\u00e9r Justin Lundquist popisuje jako inspiraci pro sv\u016fj n\u00e1vrh p\u016fsobiv\u00e9ho no\u017ee <strong>Alluvial All Black<\/strong>. P\u0159\u00edrodu miluj\u00edc\u00ed design\u00e9r no\u017e\u016f z USA je no\u017ei fascinov\u00e1n ji\u017e od sv\u00fdch \u010dty\u0159 let a od roku 2013 \u00fasp\u011b\u0161n\u011b realizuje sv\u00e9 vlastn\u00ed n\u00e1vrhy. Zaplaven\u00fd inspirac\u00ed v tomto prvn\u00edm spole\u010dn\u00e9m projektu se spole\u010dnost\u00ed B\u00f6ker pozastavuje platnost p\u0159\u00edrodn\u00edch z\u00e1kon\u016f a vn\u00e1\u0161\u00ed nov\u00fd \u017eivot do sv\u011bta automatick\u00fdch no\u017e\u016f t\u00edmto \u0161t\u00edhl\u00fdm modelem. \u010cepel z materi\u00e1lu D2 se otev\u00edr\u00e1 i odemyk\u00e1 pomoc\u00ed tla\u010d\u00edtka. Tla\u010d\u00edtko a \u0161roub osy \u010depele jsou zapu\u0161t\u011bny do hlin\u00edkov\u00e9 rukojeti. Pevn\u00fd aluvi\u00e1ln\u00ed podklad p\u0159edstavuje p\u0159edn\u00ed, v\u011bt\u0161inou hladk\u00e1 \u010d\u00e1st rukojeti, zat\u00edmco jemn\u00e9 strukturov\u00e1n\u00ed v zadn\u00ed \u010d\u00e1sti rukojeti zachycuje p\u0159it\u00e9kaj\u00edc\u00ed sediment. Klip umo\u017e\u0148uje pohodln\u00e9 no\u0161en\u00ed a dotv\u00e1\u0159\u00ed nen\u00e1padn\u011b zemit\u00fd vzhled automatick\u00e9ho no\u017ee.<\/p>\n","protected":false},"featured_media":360755,"comment_status":"closed","ping_status":"closed","template":"","meta":[],"pwb-brand":[140],"product_brand":[],"product_cat":[17,22],"product_tag":[],"class_list":{"0":"post-360754","1":"product","2":"type-product","3":"status-publish","4":"has-post-thumbnail","6":"pwb-brand-boker","7":"product_cat-noze","8":"product_cat-zaviraci-noze","10":"first","11":"instock","12":"taxable","13":"shipping-taxable","14":"purchasable","15":"product-type-simple"},"brands":[{"id":140,"name":"Boker","slug":"boker"}],"_links":{"self":[{"href":"https:\/\/www.moskito.cz\/es\/wp-json\/wp\/v2\/product\/360754","targetHints":{"allow":["GET"]}}],"collection":[{"href":"https:\/\/www.moskito.cz\/es\/wp-json\/wp\/v2\/product"}],"about":[{"href":"https:\/\/www.moskito.cz\/es\/wp-json\/wp\/v2\/types\/product"}],"replies":[{"embeddable":true,"href":"https:\/\/www.moskito.cz\/es\/wp-json\/wp\/v2\/comments?post=360754"}],"wp:featuredmedia":[{"embeddable":true,"href":"https:\/\/www.moskito.cz\/es\/wp-json\/wp\/v2\/media\/360755"}],"wp:attachment":[{"href":"https:\/\/www.moskito.cz\/es\/wp-json\/wp\/v2\/media?parent=360754"}],"wp:term":[{"taxonomy":"pwb-brand","embeddable":true,"href":"https:\/\/www.moskito.cz\/es\/wp-json\/wp\/v2\/pwb-brand?post=360754"},{"taxonomy":"product_brand","embeddable":true,"href":"https:\/\/www.moskito.cz\/es\/wp-json\/wp\/v2\/product_brand?post=360754"},{"taxonomy":"product_cat","embeddable":true,"href":"https:\/\/www.moskito.cz\/es\/wp-json\/wp\/v2\/product_cat?post=360754"},{"taxonomy":"product_tag","embeddable":true,"href":"https:\/\/www.moskito.cz\/es\/wp-json\/wp\/v2\/product_tag?post=360754"}],"curies":[{"name":"wp","href":"https:\/\/api.w.org\/{rel}","templated":true}]}}