{"id":360846,"date":"2024-09-26T12:59:22","date_gmt":"2024-09-26T11:59:22","guid":{"rendered":"https:\/\/www.moskito.cz\/produkt\/kapesni-nuz-boker-plus-seenotretter-01\/"},"modified":"2025-05-07T11:24:55","modified_gmt":"2025-05-07T10:24:55","slug":"kapesni-nuz-boker-plus-seenotretter-01","status":"publish","type":"product","link":"https:\/\/www.moskito.cz\/es\/produkt\/kapesni-nuz-boker-plus-seenotretter-01\/","title":{"rendered":"Kapesn\u00ed n\u016f\u017e B\u00f6ker Plus Seenotretter 01"},"content":{"rendered":"<ul>\n<li>celkov\u00e1 d\u00e9lka: 19,5 cm<\/li>\n<li>d\u00e9lka \u010depele: 8,5 cm<\/li>\n<li>hmotnost: 172 g<\/li>\n<li>tlou\u0161\u0165ka \u010depele: 2,3 mm<\/li>\n<li>materi\u00e1l \u010depele: 4116<\/li>\n<li>materi\u00e1l rukojeti: ocel<\/li>\n<li>pojistka: Slipjoint<\/li>\n<li>n\u00e1stroje:\n<ul>\n<li>velk\u00fd n\u016f\u017e<\/li>\n<li>bodec s o\u010dkem a otv\u00edr\u00e1kem na lahve<\/li>\n<\/ul>\n<\/li>\n<li>s o\u010dkem na \u0161n\u016fru a klipem<\/li>\n<\/ul>\n","protected":false},"excerpt":{"rendered":"<p>Zodpov\u011bdnost za p\u00e1trac\u00ed a z\u00e1chrann\u00e9 akce v Severn\u00edm a Baltsk\u00e9m mo\u0159i v\u017edy a za ka\u017ed\u00e9ho po\u010das\u00ed. To je pr\u00e1ce n\u00e1mo\u0159n\u00edch z\u00e1chran\u00e1\u0159\u016f. \u017d\u00e1dn\u00ed hrdinov\u00e9, ale profesion\u00e1lov\u00e9 &#8211; skromn\u00ed a z\u00e1rove\u0148 jejich motto zn\u00ed b\u00fdt p\u0159\u00edsn\u00ed sami na sebe. Od sv\u00e9ho zalo\u017een\u00ed p\u0159ed v\u00edce ne\u017e 158 lety nese ofici\u00e1ln\u00ed n\u00e1zev N\u011bmeck\u00e1 n\u00e1mo\u0159n\u00ed p\u00e1trac\u00ed a z\u00e1chrann\u00e1 slu\u017eba (DGzRS). V sou\u010dasn\u00e9 dob\u011b se jedn\u00e1 o jednu z nejmodern\u011bj\u0161\u00edch a nejprofesion\u00e1ln\u011bj\u0161\u00edch n\u00e1mo\u0159n\u00edch z\u00e1chrann\u00fdch slu\u017eeb na sv\u011bt\u011b. Hlavn\u00edm c\u00edlem je rychl\u00e1 a \u00fa\u010dinn\u00e1 z\u00e1chrana lidsk\u00fdch \u017eivot\u016f. V \u00fazk\u00e9 spolupr\u00e1ci s t\u011bmito n\u00e1mo\u0159n\u00edmi profesion\u00e1ly odborn\u00edci ze spole\u010dnosti B\u00f6ker vyvinuli n\u00e1stroj B\u00f6ker Plus Seenotretter 1, kter\u00fd spl\u0148uje vysok\u00e9 n\u00e1roky na voln\u00e9m mo\u0159i. Je to n\u016f\u017e ur\u010den\u00fd pro profesion\u00e1ln\u00ed i soukrom\u00e9 u\u017eivatele na mo\u0159i i ve vnitrozem\u00ed, nebo pro ty, kte\u0159\u00ed \u010dasto pracuj\u00ed s lany. Je vyroben v\u00fdhradn\u011b z nerezov\u00e9 oceli. Hlavn\u00ed \u010depel m\u00e1 do poloviny d\u00e9lky vlnkovan\u00e9 ost\u0159\u00ed pro \u0159ez\u00e1n\u00ed lan a postroj\u016f. Sou\u010d\u00e1st\u00ed bodce pro rozvazov\u00e1n\u00ed lan je o\u010dko a otv\u00edr\u00e1k na lahve. Na p\u0159edn\u00ed st\u0159ence rukojeti je vyra\u017een hanzovn\u00ed k\u0159\u00ed\u017e, logo n\u00e1mo\u0159n\u00edch z\u00e1chran\u00e1\u0159\u016f.<\/p>\n","protected":false},"featured_media":360847,"comment_status":"closed","ping_status":"closed","template":"","meta":[],"pwb-brand":[140],"product_brand":[],"product_cat":[22,17],"product_tag":[],"class_list":{"0":"post-360846","1":"product","2":"type-product","3":"status-publish","4":"has-post-thumbnail","6":"pwb-brand-boker","7":"product_cat-zaviraci-noze","8":"product_cat-noze","10":"first","11":"instock","12":"taxable","13":"shipping-taxable","14":"purchasable","15":"product-type-simple"},"brands":[{"id":140,"name":"Boker","slug":"boker"}],"_links":{"self":[{"href":"https:\/\/www.moskito.cz\/es\/wp-json\/wp\/v2\/product\/360846","targetHints":{"allow":["GET"]}}],"collection":[{"href":"https:\/\/www.moskito.cz\/es\/wp-json\/wp\/v2\/product"}],"about":[{"href":"https:\/\/www.moskito.cz\/es\/wp-json\/wp\/v2\/types\/product"}],"replies":[{"embeddable":true,"href":"https:\/\/www.moskito.cz\/es\/wp-json\/wp\/v2\/comments?post=360846"}],"wp:featuredmedia":[{"embeddable":true,"href":"https:\/\/www.moskito.cz\/es\/wp-json\/wp\/v2\/media\/360847"}],"wp:attachment":[{"href":"https:\/\/www.moskito.cz\/es\/wp-json\/wp\/v2\/media?parent=360846"}],"wp:term":[{"taxonomy":"pwb-brand","embeddable":true,"href":"https:\/\/www.moskito.cz\/es\/wp-json\/wp\/v2\/pwb-brand?post=360846"},{"taxonomy":"product_brand","embeddable":true,"href":"https:\/\/www.moskito.cz\/es\/wp-json\/wp\/v2\/product_brand?post=360846"},{"taxonomy":"product_cat","embeddable":true,"href":"https:\/\/www.moskito.cz\/es\/wp-json\/wp\/v2\/product_cat?post=360846"},{"taxonomy":"product_tag","embeddable":true,"href":"https:\/\/www.moskito.cz\/es\/wp-json\/wp\/v2\/product_tag?post=360846"}],"curies":[{"name":"wp","href":"https:\/\/api.w.org\/{rel}","templated":true}]}}