{"id":360886,"date":"2024-09-26T12:59:22","date_gmt":"2024-09-26T11:59:22","guid":{"rendered":"https:\/\/www.moskito.cz\/produkt\/kapesni-nuz-boker-plus-gemtek\/"},"modified":"2025-05-07T11:24:58","modified_gmt":"2025-05-07T10:24:58","slug":"kapesni-nuz-boker-plus-gemtek","status":"publish","type":"product","link":"https:\/\/www.moskito.cz\/es\/produkt\/kapesni-nuz-boker-plus-gemtek\/","title":{"rendered":"Kapesn\u00ed n\u016f\u017e B\u00f6ker Plus Gemtek"},"content":{"rendered":"<ul>\n<li>celkov\u00e1 d\u00e9lka: 17,6 cm<\/li>\n<li>d\u00e9lka \u010depele: 7,2 cm<\/li>\n<li>tlou\u0161\u0165ka \u010depele: 3,7 mm<\/li>\n<li>hmotnost: 132 g<\/li>\n<li>materi\u00e1l \u010depele: D2<\/li>\n<li>materi\u00e1l rukojeti: G10<\/li>\n<li>design\u00e9r: Hydra Armaments<\/li>\n<li>pojistka: Framelock<\/li>\n<\/ul>\n","protected":false},"excerpt":{"rendered":"<p>celkov\u00e1 d\u00e9lka: 17,6 cm d\u00e9lka \u010depele: 7,2 cm tlou\u0161\u0165ka \u010depele: 3,7 mm hmotnost: 132 g materi\u00e1l \u010depele: D2 materi\u00e1l rukojeti: G10 design\u00e9r: Hydra Armaments pojistka: Framelock<\/p>\n","protected":false},"featured_media":360887,"comment_status":"closed","ping_status":"closed","template":"","meta":[],"pwb-brand":[140],"product_brand":[],"product_cat":[22,17],"product_tag":[],"class_list":{"0":"post-360886","1":"product","2":"type-product","3":"status-publish","4":"has-post-thumbnail","6":"pwb-brand-boker","7":"product_cat-zaviraci-noze","8":"product_cat-noze","10":"first","11":"instock","12":"taxable","13":"shipping-taxable","14":"purchasable","15":"product-type-simple"},"brands":[{"id":140,"name":"Boker","slug":"boker"}],"_links":{"self":[{"href":"https:\/\/www.moskito.cz\/es\/wp-json\/wp\/v2\/product\/360886","targetHints":{"allow":["GET"]}}],"collection":[{"href":"https:\/\/www.moskito.cz\/es\/wp-json\/wp\/v2\/product"}],"about":[{"href":"https:\/\/www.moskito.cz\/es\/wp-json\/wp\/v2\/types\/product"}],"replies":[{"embeddable":true,"href":"https:\/\/www.moskito.cz\/es\/wp-json\/wp\/v2\/comments?post=360886"}],"wp:featuredmedia":[{"embeddable":true,"href":"https:\/\/www.moskito.cz\/es\/wp-json\/wp\/v2\/media\/360887"}],"wp:attachment":[{"href":"https:\/\/www.moskito.cz\/es\/wp-json\/wp\/v2\/media?parent=360886"}],"wp:term":[{"taxonomy":"pwb-brand","embeddable":true,"href":"https:\/\/www.moskito.cz\/es\/wp-json\/wp\/v2\/pwb-brand?post=360886"},{"taxonomy":"product_brand","embeddable":true,"href":"https:\/\/www.moskito.cz\/es\/wp-json\/wp\/v2\/product_brand?post=360886"},{"taxonomy":"product_cat","embeddable":true,"href":"https:\/\/www.moskito.cz\/es\/wp-json\/wp\/v2\/product_cat?post=360886"},{"taxonomy":"product_tag","embeddable":true,"href":"https:\/\/www.moskito.cz\/es\/wp-json\/wp\/v2\/product_tag?post=360886"}],"curies":[{"name":"wp","href":"https:\/\/api.w.org\/{rel}","templated":true}]}}