{"id":361037,"date":"2024-09-26T13:00:30","date_gmt":"2024-09-26T12:00:30","guid":{"rendered":"https:\/\/www.moskito.cz\/produkt\/kapesni-nuz-boker-plus-worldwide-2-0\/"},"modified":"2026-01-10T22:07:43","modified_gmt":"2026-01-10T21:07:43","slug":"kapesni-nuz-boker-plus-worldwide-2-0","status":"publish","type":"product","link":"https:\/\/www.moskito.cz\/es\/produkt\/kapesni-nuz-boker-plus-worldwide-2-0\/","title":{"rendered":"Kapesn\u00ed n\u016f\u017e B\u00f6ker Plus Worldwide 2.0"},"content":{"rendered":"<p>Kapesn\u00ed n\u016f\u017e B\u00f6ker Plus Worldwide 2.0.<\/p>\n<p>EDC je jeho domovem &#8211; sv\u011bt je jeho domovem! Spolehliv\u00fd, robustn\u00ed a kousav\u00fd &#8211; B\u00f6ker Plus Worldwide 2.0 p\u0159ich\u00e1z\u00ed jako taktick\u00fd obouru\u010dn\u00ed otev\u00edrac\u00ed n\u016f\u017e, kter\u00fd by m\u011bl b\u00fdt d\u00edky sv\u00fdm kosmopolitn\u00edm vlastnostem leg\u00e1ln\u011b nositeln\u00fd v mnoha zem\u00edch sv\u011bta. \u017d\u00e1dn\u00e1 pojistka, \u017e\u00e1dn\u00e9 jednoru\u010dn\u00ed otev\u00edr\u00e1n\u00ed, \u017e\u00e1dn\u00e9 obavy: pevnou \u010depel drop point 440C lze pohodln\u011b otev\u0159\u00edt d\u00edky velkorys\u00e9mu z\u00e1\u0159ezu na nehty, zat\u00edmco pojistka slipjoint se silnou pru\u017einou zaji\u0161\u0165uje \u010distou stabilitu. Kapesn\u00ed n\u016f\u017e b\u011b\u017en\u011b p\u0159e\u0159\u00edzne kartonov\u00e9 krabice, lana nebo obaly. Jemn\u00e1 \u010dern\u00e1 povrchov\u00e1 \u00faprava stonewash na \u010depeli dokonale lad\u00ed s ergonomick\u00fdmi st\u0159enkami rukojeti z tlumen\u00e9, olivov\u011b zelen\u00e9 G10 a dod\u00e1v\u00e1 taktick\u00fd \u0161mrnc. Zav\u00edrac\u00ed n\u016f\u017e je kosmopolitn\u00ed d\u00edky r\u016fzn\u00fdm mo\u017enostem no\u0161en\u00ed, kter\u00e9 nab\u00edz\u00ed otvor na \u0161\u0148\u016frku a konvertibiln\u00ed klip tip-up. Nezbytn\u00e1 v\u00fdbava pro v\u0161echny sv\u011btob\u011b\u017en\u00edky i ty, kte\u0159\u00ed z\u016fst\u00e1vaj\u00ed doma.<\/p>\n<p>Zna\u010dka: Boker Plus<br \/>\nCelkov\u00e1 d\u00e9lka: 15,50 cm<br \/>\nD\u00e9lka \u010depele: 6,40 cm<br \/>\nTlou\u0161\u0165ka \u010depele: 2,80 mm<br \/>\nHmotnost: 87,00 g<br \/>\nMateri\u00e1l \u010depele: 440C<br \/>\nMateri\u00e1l rukojeti: G10<br \/>\nOtev\u00edrac\u00ed: Ru\u010dn\u011b<br \/>\nUzav\u0159en\u00ed: Kluzn\u00fd kloub<br \/>\nBarva: Zelen\u00fd<br \/>\n\u010c\u00edslo polo\u017eky: 01BO798<\/p>\n<p>&nbsp;<\/p>\n","protected":false},"excerpt":{"rendered":"<p>EDC je jeho domovem &#8211; sv\u011bt je jeho domovem! Spolehliv\u00fd, robustn\u00ed a kousav\u00fd &#8211; B<span class=\"fn\">\u00f6<\/span>ker Plus Worldwide 2.0 p\u0159ich\u00e1z\u00ed jako taktick\u00fd obouru\u010dn\u00ed otev\u00edrac\u00ed n\u016f\u017e, kter\u00fd by m\u011bl b\u00fdt d\u00edky sv\u00fdm kosmopolitn\u00edm vlastnostem leg\u00e1ln\u011b nositeln\u00fd v mnoha zem\u00edch sv\u011bta.<\/p>\n","protected":false},"featured_media":361038,"comment_status":"closed","ping_status":"closed","template":"","meta":[],"pwb-brand":[140],"product_brand":[],"product_cat":[22,17],"product_tag":[],"class_list":{"0":"post-361037","1":"product","2":"type-product","3":"status-publish","4":"has-post-thumbnail","6":"pwb-brand-boker","7":"product_cat-zaviraci-noze","8":"product_cat-noze","10":"first","11":"outofstock","12":"taxable","13":"shipping-taxable","14":"purchasable","15":"product-type-simple"},"brands":[{"id":140,"name":"Boker","slug":"boker"}],"_links":{"self":[{"href":"https:\/\/www.moskito.cz\/es\/wp-json\/wp\/v2\/product\/361037","targetHints":{"allow":["GET"]}}],"collection":[{"href":"https:\/\/www.moskito.cz\/es\/wp-json\/wp\/v2\/product"}],"about":[{"href":"https:\/\/www.moskito.cz\/es\/wp-json\/wp\/v2\/types\/product"}],"replies":[{"embeddable":true,"href":"https:\/\/www.moskito.cz\/es\/wp-json\/wp\/v2\/comments?post=361037"}],"wp:featuredmedia":[{"embeddable":true,"href":"https:\/\/www.moskito.cz\/es\/wp-json\/wp\/v2\/media\/361038"}],"wp:attachment":[{"href":"https:\/\/www.moskito.cz\/es\/wp-json\/wp\/v2\/media?parent=361037"}],"wp:term":[{"taxonomy":"pwb-brand","embeddable":true,"href":"https:\/\/www.moskito.cz\/es\/wp-json\/wp\/v2\/pwb-brand?post=361037"},{"taxonomy":"product_brand","embeddable":true,"href":"https:\/\/www.moskito.cz\/es\/wp-json\/wp\/v2\/product_brand?post=361037"},{"taxonomy":"product_cat","embeddable":true,"href":"https:\/\/www.moskito.cz\/es\/wp-json\/wp\/v2\/product_cat?post=361037"},{"taxonomy":"product_tag","embeddable":true,"href":"https:\/\/www.moskito.cz\/es\/wp-json\/wp\/v2\/product_tag?post=361037"}],"curies":[{"name":"wp","href":"https:\/\/api.w.org\/{rel}","templated":true}]}}