{"id":361045,"date":"2024-09-26T13:00:30","date_gmt":"2024-09-26T12:00:30","guid":{"rendered":"https:\/\/www.moskito.cz\/produkt\/kapesni-nuz-boker-plus-modern-trapper-uno\/"},"modified":"2025-05-07T11:25:11","modified_gmt":"2025-05-07T10:25:11","slug":"kapesni-nuz-boker-plus-modern-trapper-uno","status":"publish","type":"product","link":"https:\/\/www.moskito.cz\/es\/produkt\/kapesni-nuz-boker-plus-modern-trapper-uno\/","title":{"rendered":"Zav\u00edrac\u00ed N\u016f\u017e B\u00f6ker Plus Modern Trapper Uno 01BO930"},"content":{"rendered":"<p>Zav\u00edrac\u00ed N\u016f\u017e <strong>B\u00f6ker Plus<\/strong> Modern Trapper Uno 01BO930.<\/p>\n<p>D\u011bdictv\u00ed klasika; nad\u010dasov\u00fd tradi\u010dn\u00ed &#8211; tradi\u010dn\u011b nad\u010dasov\u00fd a sou\u010dasn\u00fd v interpretaci B\u00f6ker Plus. P\u016fvodn\u00ed lovec vd\u011b\u010d\u00ed za sv\u00e9 jm\u00e9no lovc\u016fm, kte\u0159\u00ed se toulali v les\u00edch Severn\u00ed Ameriky na lov. Design no\u017ee poch\u00e1z\u00ed z 19. stolet\u00ed a vyzna\u010duje se \u0161t\u00edhl\u00fdmi liniemi a charakteristickou horn\u00ed a spodn\u00ed \u010delist\u00ed na rukojeti. B\u00f6ker Plus Modern Trapper Uno se obejde bez zadn\u00ed \u010delisti a pou\u017e\u00edv\u00e1 p\u0159edn\u00ed \u010delist pota\u017eenou titanem s ru\u010dn\u011b lichotiv\u00fdmi stupnicemi rukojeti z \u0161ed\u00e9 Micarty. Nam\u00edsto \u0159ez\u00e1n\u00ed h\u0159eb\u00edk\u016f a spojov\u00e1n\u00ed pou\u017e\u00edv\u00e1 gentlemansk\u00fd n\u016f\u017e flipper a liner lock k otev\u0159en\u00ed a uzam\u010den\u00ed \u010depele s kuli\u010dkov\u00fdm lo\u017eiskem vyroben\u00e9ho z Nitro-V. Uklizen\u00fd vzhled kapesn\u00edho no\u017ee zavr\u0161uje ploch\u00fd \u0161roub osy \u010depele, kart\u00e1\u010dovan\u00fd sat\u00e9nov\u00fd dvoubarevn\u00fd povrch \u010depele a elegantn\u00ed vykl\u00e1p\u011bc\u00ed spona (r). Klasika je tak modern\u00ed!<\/p>\n<p>Zna\u010dka: Boker Plus<br \/>\nCelkov\u00e1 d\u00e9lka: 18,70 cm<br \/>\nD\u00e9lka \u010depele: 8,20 cm<br \/>\nTlou\u0161\u0165ka \u010depele: 2,30 mm<br \/>\nHmotnost: 69,00 g<br \/>\nMateri\u00e1l \u010depele: Nitro V<br \/>\nMateri\u00e1l rukojeti: Micarta<br \/>\nPom\u016fcka pro otev\u00edr\u00e1n\u00ed: Pinball<br \/>\nOtev\u00edrac\u00ed: Ru\u010dn\u011b<br \/>\nBarva: Zelen\u00fd<br \/>\n\u010c\u00edslo polo\u017eky: 01BO930<\/p>\n","protected":false},"excerpt":{"rendered":"<p><strong>Kapesn\u00ed n\u016f\u017e pro ka\u017edodenn\u00ed pou\u017eit\u00ed. D\u011bdictv\u00ed klasika; nad\u010dasov\u00fd tradi\u010dn\u00ed &#8211; tradi\u010dn\u011b nad\u010dasov\u00fd a sou\u010dasn\u00fd v interpretaci B\u00f6ker Plus.<\/strong><\/p>\n","protected":false},"featured_media":370169,"comment_status":"closed","ping_status":"closed","template":"","meta":[],"pwb-brand":[140],"product_brand":[],"product_cat":[17,22],"product_tag":[],"class_list":{"0":"post-361045","1":"product","2":"type-product","3":"status-publish","4":"has-post-thumbnail","6":"pwb-brand-boker","7":"product_cat-noze","8":"product_cat-zaviraci-noze","10":"first","11":"outofstock","12":"taxable","13":"shipping-taxable","14":"purchasable","15":"product-type-simple"},"brands":[{"id":140,"name":"Boker","slug":"boker"}],"_links":{"self":[{"href":"https:\/\/www.moskito.cz\/es\/wp-json\/wp\/v2\/product\/361045","targetHints":{"allow":["GET"]}}],"collection":[{"href":"https:\/\/www.moskito.cz\/es\/wp-json\/wp\/v2\/product"}],"about":[{"href":"https:\/\/www.moskito.cz\/es\/wp-json\/wp\/v2\/types\/product"}],"replies":[{"embeddable":true,"href":"https:\/\/www.moskito.cz\/es\/wp-json\/wp\/v2\/comments?post=361045"}],"wp:featuredmedia":[{"embeddable":true,"href":"https:\/\/www.moskito.cz\/es\/wp-json\/wp\/v2\/media\/370169"}],"wp:attachment":[{"href":"https:\/\/www.moskito.cz\/es\/wp-json\/wp\/v2\/media?parent=361045"}],"wp:term":[{"taxonomy":"pwb-brand","embeddable":true,"href":"https:\/\/www.moskito.cz\/es\/wp-json\/wp\/v2\/pwb-brand?post=361045"},{"taxonomy":"product_brand","embeddable":true,"href":"https:\/\/www.moskito.cz\/es\/wp-json\/wp\/v2\/product_brand?post=361045"},{"taxonomy":"product_cat","embeddable":true,"href":"https:\/\/www.moskito.cz\/es\/wp-json\/wp\/v2\/product_cat?post=361045"},{"taxonomy":"product_tag","embeddable":true,"href":"https:\/\/www.moskito.cz\/es\/wp-json\/wp\/v2\/product_tag?post=361045"}],"curies":[{"name":"wp","href":"https:\/\/api.w.org\/{rel}","templated":true}]}}