{"id":361110,"date":"2024-09-26T13:00:44","date_gmt":"2024-09-26T12:00:44","guid":{"rendered":"https:\/\/www.moskito.cz\/produkt\/nuz-magnum-sledgedog\/"},"modified":"2025-05-07T11:25:16","modified_gmt":"2025-05-07T10:25:16","slug":"nuz-magnum-sledgedog","status":"publish","type":"product","link":"https:\/\/www.moskito.cz\/es\/produkt\/nuz-magnum-sledgedog\/","title":{"rendered":"N\u016f\u017e Magnum Sledgedog"},"content":{"rendered":"<ul>\n<li>cekov\u00e1 d\u00e9lka:&nbsp;29,5 cm<\/li>\n<li>d\u00e9lka \u010depele:&nbsp;17,0 cm<\/li>\n<li>tlou\u0161\u0165ka \u010depele:&nbsp;5,6 mm<\/li>\n<li>hmotnost:&nbsp;329 g<\/li>\n<li>materi\u00e1l \u010depele: 440B<\/li>\n<li>materi\u00e1l rukojeti: TPR<\/li>\n<li>design\u00e9r: Fernando Santos<\/li>\n<li>v ko\u017een\u00e9m pouzd\u0159e<\/li>\n<\/ul>\n","protected":false},"excerpt":{"rendered":"<p>Loveck\u00fd n\u016f\u017e s pevnou \u010depel\u00ed v padnouc\u00edm pouzd\u0159e z kvalitn\u00ed k\u016f\u017ee.<\/p>\n","protected":false},"featured_media":361111,"comment_status":"closed","ping_status":"closed","template":"","meta":[],"pwb-brand":[140],"product_brand":[],"product_cat":[17,23],"product_tag":[],"class_list":{"0":"post-361110","1":"product","2":"type-product","3":"status-publish","4":"has-post-thumbnail","6":"pwb-brand-boker","7":"product_cat-noze","8":"product_cat-pevne-noze","10":"first","11":"outofstock","12":"taxable","13":"shipping-taxable","14":"purchasable","15":"product-type-simple"},"brands":[{"id":140,"name":"Boker","slug":"boker"}],"_links":{"self":[{"href":"https:\/\/www.moskito.cz\/es\/wp-json\/wp\/v2\/product\/361110","targetHints":{"allow":["GET"]}}],"collection":[{"href":"https:\/\/www.moskito.cz\/es\/wp-json\/wp\/v2\/product"}],"about":[{"href":"https:\/\/www.moskito.cz\/es\/wp-json\/wp\/v2\/types\/product"}],"replies":[{"embeddable":true,"href":"https:\/\/www.moskito.cz\/es\/wp-json\/wp\/v2\/comments?post=361110"}],"wp:featuredmedia":[{"embeddable":true,"href":"https:\/\/www.moskito.cz\/es\/wp-json\/wp\/v2\/media\/361111"}],"wp:attachment":[{"href":"https:\/\/www.moskito.cz\/es\/wp-json\/wp\/v2\/media?parent=361110"}],"wp:term":[{"taxonomy":"pwb-brand","embeddable":true,"href":"https:\/\/www.moskito.cz\/es\/wp-json\/wp\/v2\/pwb-brand?post=361110"},{"taxonomy":"product_brand","embeddable":true,"href":"https:\/\/www.moskito.cz\/es\/wp-json\/wp\/v2\/product_brand?post=361110"},{"taxonomy":"product_cat","embeddable":true,"href":"https:\/\/www.moskito.cz\/es\/wp-json\/wp\/v2\/product_cat?post=361110"},{"taxonomy":"product_tag","embeddable":true,"href":"https:\/\/www.moskito.cz\/es\/wp-json\/wp\/v2\/product_tag?post=361110"}],"curies":[{"name":"wp","href":"https:\/\/api.w.org\/{rel}","templated":true}]}}