{"id":361124,"date":"2024-09-26T13:01:03","date_gmt":"2024-09-26T12:01:03","guid":{"rendered":"https:\/\/www.moskito.cz\/produkt\/specialist-pro\/"},"modified":"2025-05-07T11:25:18","modified_gmt":"2025-05-07T10:25:18","slug":"specialist-pro","status":"publish","type":"product","link":"https:\/\/www.moskito.cz\/es\/produkt\/specialist-pro\/","title":{"rendered":"B\u00f6ker Plus B\u00f6ker Plus Specialist Pro 09BO830"},"content":{"rendered":"<p>B\u00f6ker Plus B\u00f6ker Plus Specialist Pro 09BO830.<\/p>\n<p><strong>B\u00f6ker Plus Specialis<\/strong>t Pro vybaven\u00fd r\u016fzn\u00fdmi praktick\u00fdmi n\u00e1stroji je v\u0161estrann\u00fd multifunk\u010dn\u00ed n\u00e1stroj s odpru\u017een\u00fdmi kle\u0161t\u011bmi. Je vybavena zes\u00edlen\u00fdm vym\u011bniteln\u00fdm \u0159eza\u010dem dr\u00e1tu a snese vysok\u00e9 zat\u00ed\u017een\u00ed. Krom\u011b rovn\u00e9 uchopovac\u00ed plochy jsou kle\u0161t\u011b vybaveny tak\u00e9 tzv. otvorem pro ho\u0159\u00e1k pro uchopen\u00ed vn\u011bj\u0161\u00edch \u0161estihrann\u00fdch \u0161roub\u016f, p\u0159evle\u010dn\u00e9 matice a trubek. N\u00e1stroje um\u00edst\u011bn\u00e9 ve dvou polovin\u00e1ch rukojeti lze snadno otev\u0159\u00edt a d\u00edky spolehliv\u00e9mu zaji\u0161t\u011bn\u00ed je lze pou\u017e\u00edvat zvl\u00e1\u0161t\u011b bezpe\u010dn\u011b. Krom\u011b kombinovan\u00fdch kle\u0161t\u00ed pat\u0159\u00ed k funkc\u00edm multitoolu tak\u00e9 hladk\u00e1 \u010depel, pilka na d\u0159evo, otv\u00edr\u00e1k na konzervy, otv\u00edr\u00e1k na l\u00e1hve, oh\u00fdba\u010dka\/stripova\u010d dr\u00e1tu, \u0161ic\u00ed\/vrtac\u00ed \u0161\u00eddlo, k\u0159\u00ed\u017eov\u00fd \u0161roubov\u00e1k, ploch\u00fd \u0161roubov\u00e1k a kovov\u00fd soubor. T\u011blo rukojeti z nerezov\u00e9 oceli m\u00e1 ozdobn\u00e9 prohlubn\u011b. S otvorem pro \u0161\u0148\u016frku, klipem a vysoce kvalitn\u00edm nylonov\u00fdm pouzdrem na opasek.<\/p>\n<p>Zna\u010dka: Boker Plus<br \/>\nCelkov\u00e1 d\u00e9lka: 16,00 cm<br \/>\nD\u00e9lka \u010depele: 7,80 cm<br \/>\nTlou\u0161\u0165ka \u010depele: 2,30 mm<br \/>\nHmotnost: 248,00 g<br \/>\nMateri\u00e1l \u010depele: 2Cr13<br \/>\nMateri\u00e1l rukojeti: nerez<br \/>\nPom\u016fcka pro otev\u00edr\u00e1n\u00ed: Otev\u00edr\u00e1n\u00ed palce<br \/>\nOtev\u00edrac\u00ed: Ru\u010dn\u011b<br \/>\nBarva: \u0160ed\u00e1<br \/>\n\u010c\u00edslo polo\u017eky: 09BO830<\/p>\n<p>&nbsp;<\/p>\n<p>&nbsp;<\/p>\n","protected":false},"excerpt":{"rendered":"<p><strong>B\u00f6ker Plus Specialist Pro vybaven\u00fd r\u016fzn\u00fdmi praktick\u00fdmi n\u00e1stroji je v\u0161estrann\u00fd multifunk\u010dn\u00ed n\u00e1stroj s odpru\u017een\u00fdmi kle\u0161t\u011bmi.<\/strong><\/p>\n","protected":false},"featured_media":365486,"comment_status":"closed","ping_status":"closed","template":"","meta":[],"pwb-brand":[140],"product_brand":[],"product_cat":[50],"product_tag":[],"class_list":{"0":"post-361124","1":"product","2":"type-product","3":"status-publish","4":"has-post-thumbnail","6":"pwb-brand-boker","7":"product_cat-multi-tool","9":"first","10":"outofstock","11":"taxable","12":"shipping-taxable","13":"purchasable","14":"product-type-simple"},"brands":[{"id":140,"name":"Boker","slug":"boker"}],"_links":{"self":[{"href":"https:\/\/www.moskito.cz\/es\/wp-json\/wp\/v2\/product\/361124","targetHints":{"allow":["GET"]}}],"collection":[{"href":"https:\/\/www.moskito.cz\/es\/wp-json\/wp\/v2\/product"}],"about":[{"href":"https:\/\/www.moskito.cz\/es\/wp-json\/wp\/v2\/types\/product"}],"replies":[{"embeddable":true,"href":"https:\/\/www.moskito.cz\/es\/wp-json\/wp\/v2\/comments?post=361124"}],"wp:featuredmedia":[{"embeddable":true,"href":"https:\/\/www.moskito.cz\/es\/wp-json\/wp\/v2\/media\/365486"}],"wp:attachment":[{"href":"https:\/\/www.moskito.cz\/es\/wp-json\/wp\/v2\/media?parent=361124"}],"wp:term":[{"taxonomy":"pwb-brand","embeddable":true,"href":"https:\/\/www.moskito.cz\/es\/wp-json\/wp\/v2\/pwb-brand?post=361124"},{"taxonomy":"product_brand","embeddable":true,"href":"https:\/\/www.moskito.cz\/es\/wp-json\/wp\/v2\/product_brand?post=361124"},{"taxonomy":"product_cat","embeddable":true,"href":"https:\/\/www.moskito.cz\/es\/wp-json\/wp\/v2\/product_cat?post=361124"},{"taxonomy":"product_tag","embeddable":true,"href":"https:\/\/www.moskito.cz\/es\/wp-json\/wp\/v2\/product_tag?post=361124"}],"curies":[{"name":"wp","href":"https:\/\/api.w.org\/{rel}","templated":true}]}}