{"id":361212,"date":"2024-09-26T13:01:18","date_gmt":"2024-09-26T12:01:18","guid":{"rendered":"https:\/\/www.moskito.cz\/produkt\/boker-plus-damascus-dominator\/"},"modified":"2025-05-07T11:25:22","modified_gmt":"2025-05-07T10:25:22","slug":"boker-plus-damascus-dominator","status":"publish","type":"product","link":"https:\/\/www.moskito.cz\/es\/produkt\/boker-plus-damascus-dominator\/","title":{"rendered":"Dama\u0161kov\u00fd N\u016f\u017e B\u00f6ker Plus Damascus Dominator 01BO511DAM"},"content":{"rendered":"<p>Dama\u0161kov\u00fd N\u016f\u017e <strong>B\u00f6ker Plus<\/strong> Damascus Dominator 01BO511DAM.<\/p>\n<p>Pevn\u00fd a p\u0159esto elegantn\u00ed Dama\u0161ek Dominator m\u00e1 nejen kr\u00e1sn\u011b ozna\u010denou dama\u0161kovou \u010depel se 71 vrstvami, ale tak\u00e9 \u00fachopov\u00e9 \u0161upiny vyroben\u00e9 z Dama\u0161ku. Obrys rukojeti tak\u00e9 vyvol\u00e1v\u00e1 v\u00fdjime\u010dn\u011b harmonickou linii zrn, kter\u00e1 p\u0159ech\u00e1z\u00ed z mal\u00fdch vlnek na okraji stupnice do \u017eiv\u00e9ho kruhov\u00e9ho vzoru sm\u011brem ke st\u0159edu rukojeti.<\/p>\n<p>Zna\u010dka: Boker Plus<br \/>\nRytina: \u017d\u00e1dn\u00fd<br \/>\nCelkov\u00e1 d\u00e9lka: 18,70 cm<br \/>\nD\u00e9lka \u010depele: 8,40 cm<br \/>\nTlou\u0161\u0165ka \u010depele: 2,80 mm<br \/>\nHmotnost: 150,00 g<br \/>\nMateri\u00e1l \u010depele: Dama\u0161ek<br \/>\nMateri\u00e1l rukojeti: Dama\u0161ek<br \/>\nOtv\u00edr\u00e1k: Nechat Nicka<br \/>\nOtev\u00edrac\u00ed: Manu\u00e1l<br \/>\n\u010c\u00edslo polo\u017eky: 01BO511DAM<\/p>\n<p>&nbsp;<\/p>\n<p>&nbsp;<\/p>\n<p>&nbsp;<\/p>\n","protected":false},"excerpt":{"rendered":"<p><strong>Pevn\u00fd a p\u0159esto elegantn\u00ed Dama\u0161ek Dominator m\u00e1 nejen kr\u00e1sn\u011b ozna\u010denou dama\u0161kovou \u010depel se 71 vrstvami, ale tak\u00e9 \u00fachopov\u00e9 \u0161upiny vyroben\u00e9 z Dama\u0161ku.<\/strong><\/p>\n<p><strong>Doprava zdarma.<\/strong><\/p>\n","protected":false},"featured_media":364544,"comment_status":"closed","ping_status":"closed","template":"","meta":[],"pwb-brand":[140],"product_brand":[],"product_cat":[25,17],"product_tag":[],"class_list":{"0":"post-361212","1":"product","2":"type-product","3":"status-publish","4":"has-post-thumbnail","6":"pwb-brand-boker","7":"product_cat-damascenske-noze","8":"product_cat-noze","10":"first","11":"instock","12":"taxable","13":"shipping-taxable","14":"purchasable","15":"product-type-simple"},"brands":[{"id":140,"name":"Boker","slug":"boker"}],"_links":{"self":[{"href":"https:\/\/www.moskito.cz\/es\/wp-json\/wp\/v2\/product\/361212","targetHints":{"allow":["GET"]}}],"collection":[{"href":"https:\/\/www.moskito.cz\/es\/wp-json\/wp\/v2\/product"}],"about":[{"href":"https:\/\/www.moskito.cz\/es\/wp-json\/wp\/v2\/types\/product"}],"replies":[{"embeddable":true,"href":"https:\/\/www.moskito.cz\/es\/wp-json\/wp\/v2\/comments?post=361212"}],"wp:featuredmedia":[{"embeddable":true,"href":"https:\/\/www.moskito.cz\/es\/wp-json\/wp\/v2\/media\/364544"}],"wp:attachment":[{"href":"https:\/\/www.moskito.cz\/es\/wp-json\/wp\/v2\/media?parent=361212"}],"wp:term":[{"taxonomy":"pwb-brand","embeddable":true,"href":"https:\/\/www.moskito.cz\/es\/wp-json\/wp\/v2\/pwb-brand?post=361212"},{"taxonomy":"product_brand","embeddable":true,"href":"https:\/\/www.moskito.cz\/es\/wp-json\/wp\/v2\/product_brand?post=361212"},{"taxonomy":"product_cat","embeddable":true,"href":"https:\/\/www.moskito.cz\/es\/wp-json\/wp\/v2\/product_cat?post=361212"},{"taxonomy":"product_tag","embeddable":true,"href":"https:\/\/www.moskito.cz\/es\/wp-json\/wp\/v2\/product_tag?post=361212"}],"curies":[{"name":"wp","href":"https:\/\/api.w.org\/{rel}","templated":true}]}}