{"id":361226,"date":"2024-09-26T13:01:18","date_gmt":"2024-09-26T12:01:18","guid":{"rendered":"https:\/\/www.moskito.cz\/produkt\/treninkovy-nuz-balisong-trainer\/"},"modified":"2025-05-07T11:25:23","modified_gmt":"2025-05-07T10:25:23","slug":"treninkovy-nuz-balisong-trainer","status":"publish","type":"product","link":"https:\/\/www.moskito.cz\/es\/produkt\/treninkovy-nuz-balisong-trainer\/","title":{"rendered":"Tr\u00e9ninkov\u00fd n\u016f\u017e Balisong Trainer"},"content":{"rendered":"<ul>\n<li>celkov\u00e1 d\u00e9lka: 23,2 cm<\/li>\n<li>d\u00e9lka \u010depele:10,3 cm<\/li>\n<li>tlou\u0161\u0165ka \u010depele: 2,9 mm<\/li>\n<li>hmotnost: 154 g<\/li>\n<li>materi\u00e1l zaoblen\u00e9 \u010depele: nerezov\u00e1 ocel<\/li>\n<li>pro bezpe\u010dn\u00fd tr\u00e9nink<\/li>\n<\/ul>\n","protected":false},"excerpt":{"rendered":"<p>Mechanismus tr\u00e9ninkov\u00e9ho no\u017ee B\u00f6ker Plus Balisong Trainer odpov\u00edd\u00e1 mechanismu skute\u010dn\u00e9ho no\u017ee Balisong, ale maketa m\u00edsto \u010depele jej z\u00e1rove\u0148 jasn\u011b klasifikuje jako tr\u00e9ninkov\u00e9 za\u0159\u00edzen\u00ed. \u010cepel z nerezov\u00e9 oceli, na okraj\u00edch zaoblen\u00e1, je opat\u0159ena kruhov\u00fdmi prohlubn\u011bmi pro jednozna\u010dn\u00e9 odli\u0161en\u00ed od ost\u0159e brou\u0161en\u00fdch \u010depel\u00ed. Robustn\u00ed rukoje\u0165 z nerezov\u00e9 oceli je opat\u0159ena otev\u0159en\u00fdmi st\u0159enkami z \u010derven\u00e9 G10. Pro bezpe\u010dnou hru a tr\u00e9nink. S klipem.<\/p>\n","protected":false},"featured_media":361227,"comment_status":"closed","ping_status":"closed","template":"","meta":[],"pwb-brand":[140],"product_brand":[],"product_cat":[2030,17],"product_tag":[],"class_list":{"0":"post-361226","1":"product","2":"type-product","3":"status-publish","4":"has-post-thumbnail","6":"pwb-brand-boker","7":"product_cat-motylky","8":"product_cat-noze","10":"first","11":"instock","12":"taxable","13":"shipping-taxable","14":"purchasable","15":"product-type-simple"},"brands":[{"id":140,"name":"Boker","slug":"boker"}],"_links":{"self":[{"href":"https:\/\/www.moskito.cz\/es\/wp-json\/wp\/v2\/product\/361226","targetHints":{"allow":["GET"]}}],"collection":[{"href":"https:\/\/www.moskito.cz\/es\/wp-json\/wp\/v2\/product"}],"about":[{"href":"https:\/\/www.moskito.cz\/es\/wp-json\/wp\/v2\/types\/product"}],"replies":[{"embeddable":true,"href":"https:\/\/www.moskito.cz\/es\/wp-json\/wp\/v2\/comments?post=361226"}],"wp:featuredmedia":[{"embeddable":true,"href":"https:\/\/www.moskito.cz\/es\/wp-json\/wp\/v2\/media\/361227"}],"wp:attachment":[{"href":"https:\/\/www.moskito.cz\/es\/wp-json\/wp\/v2\/media?parent=361226"}],"wp:term":[{"taxonomy":"pwb-brand","embeddable":true,"href":"https:\/\/www.moskito.cz\/es\/wp-json\/wp\/v2\/pwb-brand?post=361226"},{"taxonomy":"product_brand","embeddable":true,"href":"https:\/\/www.moskito.cz\/es\/wp-json\/wp\/v2\/product_brand?post=361226"},{"taxonomy":"product_cat","embeddable":true,"href":"https:\/\/www.moskito.cz\/es\/wp-json\/wp\/v2\/product_cat?post=361226"},{"taxonomy":"product_tag","embeddable":true,"href":"https:\/\/www.moskito.cz\/es\/wp-json\/wp\/v2\/product_tag?post=361226"}],"curies":[{"name":"wp","href":"https:\/\/api.w.org\/{rel}","templated":true}]}}