{"id":361280,"date":"2024-09-26T13:01:37","date_gmt":"2024-09-26T12:01:37","guid":{"rendered":"https:\/\/www.moskito.cz\/produkt\/kapesni-nuz-magnum-crusader\/"},"modified":"2025-05-07T11:25:26","modified_gmt":"2025-05-07T10:25:26","slug":"kapesni-nuz-magnum-crusader","status":"publish","type":"product","link":"https:\/\/www.moskito.cz\/es\/produkt\/kapesni-nuz-magnum-crusader\/","title":{"rendered":"Zav\u00edrac\u00ed N\u016f\u017e Magnum Crusader 01LG281"},"content":{"rendered":"<p>P\u016fsobiv\u00fd design no\u017ee s extravagantn\u00edm vzhledem. \u010cepel z\u00a0nerezov\u00e9 oceli 440 m\u00e1 u\u0161lechtil\u00fd dvoubarevn\u00fd povrch s\u00a0pojistkou Linerlock. Oboustrannou ochranu ruky zdob\u00ed na obou stran\u00e1ch k\u0159\u00ed\u017eky, stejn\u011b jako rukoje\u0165 vyrobenou z lehk\u00e9ho hlin\u00edku. Sou\u010d\u00e1st\u00ed no\u017ee je klip na uchycen\u00ed.<\/p>\n<p>Celkov\u00e1 d\u00e9lka: 23,0 cm<br \/>\nD\u00e9lka \u010depele: 10,0 cm<br \/>\nHmotnost: 153 g<br \/>\nTou\u0161\u0165ka \u010depele: 2,7 mm<br \/>\nMateri\u00e1l \u010depele: 440A<br \/>\nMateri\u00e1l rukojeti: hlin\u00edk<br \/>\nTyp pojistky: linerlock<\/p>\n","protected":false},"excerpt":{"rendered":"<p><strong>P\u016fsobiv\u00fd design no\u017ee s extravagantn\u00edm vzhledem.\u00a0<\/strong><\/p>\n","protected":false},"featured_media":366049,"comment_status":"closed","ping_status":"closed","template":"","meta":[],"pwb-brand":[140],"product_brand":[],"product_cat":[22,17],"product_tag":[],"class_list":{"0":"post-361280","1":"product","2":"type-product","3":"status-publish","4":"has-post-thumbnail","6":"pwb-brand-boker","7":"product_cat-zaviraci-noze","8":"product_cat-noze","10":"first","11":"instock","12":"taxable","13":"shipping-taxable","14":"purchasable","15":"product-type-simple"},"brands":[{"id":140,"name":"Boker","slug":"boker"}],"_links":{"self":[{"href":"https:\/\/www.moskito.cz\/es\/wp-json\/wp\/v2\/product\/361280","targetHints":{"allow":["GET"]}}],"collection":[{"href":"https:\/\/www.moskito.cz\/es\/wp-json\/wp\/v2\/product"}],"about":[{"href":"https:\/\/www.moskito.cz\/es\/wp-json\/wp\/v2\/types\/product"}],"replies":[{"embeddable":true,"href":"https:\/\/www.moskito.cz\/es\/wp-json\/wp\/v2\/comments?post=361280"}],"wp:featuredmedia":[{"embeddable":true,"href":"https:\/\/www.moskito.cz\/es\/wp-json\/wp\/v2\/media\/366049"}],"wp:attachment":[{"href":"https:\/\/www.moskito.cz\/es\/wp-json\/wp\/v2\/media?parent=361280"}],"wp:term":[{"taxonomy":"pwb-brand","embeddable":true,"href":"https:\/\/www.moskito.cz\/es\/wp-json\/wp\/v2\/pwb-brand?post=361280"},{"taxonomy":"product_brand","embeddable":true,"href":"https:\/\/www.moskito.cz\/es\/wp-json\/wp\/v2\/product_brand?post=361280"},{"taxonomy":"product_cat","embeddable":true,"href":"https:\/\/www.moskito.cz\/es\/wp-json\/wp\/v2\/product_cat?post=361280"},{"taxonomy":"product_tag","embeddable":true,"href":"https:\/\/www.moskito.cz\/es\/wp-json\/wp\/v2\/product_tag?post=361280"}],"curies":[{"name":"wp","href":"https:\/\/api.w.org\/{rel}","templated":true}]}}