{"id":361284,"date":"2024-09-26T13:01:37","date_gmt":"2024-09-26T12:01:37","guid":{"rendered":"https:\/\/www.moskito.cz\/produkt\/kapesni-nuz-s-priborem-magnum-bon-appetite\/"},"modified":"2025-11-05T17:30:27","modified_gmt":"2025-11-05T16:30:27","slug":"kapesni-nuz-s-priborem-magnum-bon-appetite","status":"publish","type":"product","link":"https:\/\/www.moskito.cz\/es\/produkt\/kapesni-nuz-s-priborem-magnum-bon-appetite\/","title":{"rendered":"Kapesn\u00ed n\u016f\u017e s p\u0159\u00edborem Magnum Bon Appetite"},"content":{"rendered":"<p>Kapesn\u00ed n\u016f\u017e s p\u0159\u00edborem <strong>Magnum<\/strong> Bon Appetite.<\/p>\n<p>Kompaktn\u00ed a plnohodnotn\u00fd kempingov\u00fd p\u0159\u00edbor. N\u016f\u017e, vidli\u010dka a l\u017e\u00edce jsou vyrobeny z nerezov\u00e9 oceli 440 a jsou pou\u017eiteln\u00e9 nez\u00e1visle na sob\u011b d\u00edky inovativn\u00ed spojovac\u00ed technologii. Bolstery v\u00a0barv\u011b mosazi v kombinaci s tmav\u011b hn\u011bdou p\u0159ekli\u017ekovou rukojet\u00ed dopl\u0148uj\u00ed celkov\u00fd obraz.<\/p>\n<p>Celkov\u00e1 d\u00e9lka: 18,7 cm<br \/>\nD\u00e9lka \u010depele: 8,4 cm<br \/>\nTlou\u0161\u0165ka \u010depele: 1,6 mm<br \/>\nHmotnost: 178 g<br \/>\nMateri\u00e1l \u010depele: 440A<br \/>\nMateri\u00e1l rukojeti: Pakka Wood<br \/>\nTyp pojistky: Slipjoint<br \/>\nManu\u00e1ln\u00ed otev\u00edr\u00e1n\u00ed<\/p>\n","protected":false},"excerpt":{"rendered":"<p><strong>Kompaktn\u00ed a plnohodnotn\u00fd kempingov\u00fd p\u0159\u00edbor.<\/strong><\/p>\n","protected":false},"featured_media":361285,"comment_status":"closed","ping_status":"closed","template":"","meta":[],"pwb-brand":[140],"product_brand":[],"product_cat":[22,17],"product_tag":[],"class_list":{"0":"post-361284","1":"product","2":"type-product","3":"status-publish","4":"has-post-thumbnail","6":"pwb-brand-boker","7":"product_cat-zaviraci-noze","8":"product_cat-noze","10":"first","11":"outofstock","12":"taxable","13":"shipping-taxable","14":"purchasable","15":"product-type-simple"},"brands":[{"id":140,"name":"Boker","slug":"boker"}],"_links":{"self":[{"href":"https:\/\/www.moskito.cz\/es\/wp-json\/wp\/v2\/product\/361284","targetHints":{"allow":["GET"]}}],"collection":[{"href":"https:\/\/www.moskito.cz\/es\/wp-json\/wp\/v2\/product"}],"about":[{"href":"https:\/\/www.moskito.cz\/es\/wp-json\/wp\/v2\/types\/product"}],"replies":[{"embeddable":true,"href":"https:\/\/www.moskito.cz\/es\/wp-json\/wp\/v2\/comments?post=361284"}],"wp:featuredmedia":[{"embeddable":true,"href":"https:\/\/www.moskito.cz\/es\/wp-json\/wp\/v2\/media\/361285"}],"wp:attachment":[{"href":"https:\/\/www.moskito.cz\/es\/wp-json\/wp\/v2\/media?parent=361284"}],"wp:term":[{"taxonomy":"pwb-brand","embeddable":true,"href":"https:\/\/www.moskito.cz\/es\/wp-json\/wp\/v2\/pwb-brand?post=361284"},{"taxonomy":"product_brand","embeddable":true,"href":"https:\/\/www.moskito.cz\/es\/wp-json\/wp\/v2\/product_brand?post=361284"},{"taxonomy":"product_cat","embeddable":true,"href":"https:\/\/www.moskito.cz\/es\/wp-json\/wp\/v2\/product_cat?post=361284"},{"taxonomy":"product_tag","embeddable":true,"href":"https:\/\/www.moskito.cz\/es\/wp-json\/wp\/v2\/product_tag?post=361284"}],"curies":[{"name":"wp","href":"https:\/\/api.w.org\/{rel}","templated":true}]}}