{"id":361299,"date":"2024-09-26T13:02:06","date_gmt":"2024-09-26T12:02:06","guid":{"rendered":"https:\/\/www.moskito.cz\/produkt\/magnum-swat-transformer\/"},"modified":"2025-06-28T18:49:55","modified_gmt":"2025-06-28T17:49:55","slug":"magnum-swat-transformer","status":"publish","type":"product","link":"https:\/\/www.moskito.cz\/es\/produkt\/magnum-swat-transformer\/","title":{"rendered":"Zav\u00edrac\u00ed N\u016f\u017e Magnum SWAT Transformer 01MB102"},"content":{"rendered":"<p>Mimo\u0159\u00e1dn\u00fd n\u016f\u017e. \u0160t\u00edhl\u00e1 \u010depel z nerezov\u00e9 oceli 440 je v\u00fdrazn\u011b del\u0161\u00ed ne\u017e rukoje\u0165. \u010cepel je spolehliv\u011b zaji\u0161t\u011bna pojistkou Linerlock proti necht\u011bn\u00e9mu zav\u0159en\u00ed no\u017ee p\u0159i pr\u00e1ci. Geni\u00e1ln\u00ed technick\u00e9 proveden\u00ed umo\u017e\u0148uje n\u016f\u017e bezpe\u010dn\u011b nosit ve slo\u017een\u00e9m stavu navzdory jeho neobvykl\u00fdm proporc\u00edm, proto\u017ee p\u0159i skl\u00e1p\u011bn\u00ed no\u017ee se automaticky vysouv\u00e1 ochrann\u00fd kryt \u010depele a zakr\u00fdv\u00e1 \u0161pi\u010dku no\u017ee. \u010cern\u00e1 anodizovan\u00e1 hlin\u00edkov\u00e1 rukoje\u0165 nese znak SWAT.<\/p>\n<p>Zna\u010dka: Magnum<br \/>\nCelkov\u00e1 d\u00e9lka: 24,50 cm<br \/>\nD\u00e9lka \u010depele: 12,50 cm<br \/>\nTlou\u0161\u0165ka \u010depele: 2,70 mm<br \/>\nHmotnost: 145,00 g<br \/>\nMateri\u00e1l \u010depele: 440A<br \/>\nMateri\u00e1l rukojeti: hlin\u00edk<br \/>\nPom\u016fcka pro otev\u00edr\u00e1n\u00ed: Pinball<br \/>\nOtev\u00edrac\u00ed: Ru\u010dn\u011b<br \/>\nUzav\u0159en\u00ed: Z\u00e1mek vlo\u017eky<br \/>\n\u010c\u00edslo polo\u017eky: 01MB102<\/p>\n","protected":false},"excerpt":{"rendered":"<p><strong>Mimo\u0159\u00e1dn\u00fd n\u016f\u017e. \u0160t\u00edhl\u00e1 \u010depel z nerezov\u00e9 oceli 440 je v\u00fdrazn\u011b del\u0161\u00ed ne\u017e rukoje\u0165.\u00a0<\/strong><\/p>\n","protected":false},"featured_media":365982,"comment_status":"closed","ping_status":"closed","template":"","meta":[],"pwb-brand":[140],"product_brand":[],"product_cat":[22,17],"product_tag":[],"class_list":{"0":"post-361299","1":"product","2":"type-product","3":"status-publish","4":"has-post-thumbnail","6":"pwb-brand-boker","7":"product_cat-zaviraci-noze","8":"product_cat-noze","10":"first","11":"outofstock","12":"taxable","13":"shipping-taxable","14":"purchasable","15":"product-type-simple"},"brands":[{"id":140,"name":"Boker","slug":"boker"}],"_links":{"self":[{"href":"https:\/\/www.moskito.cz\/es\/wp-json\/wp\/v2\/product\/361299","targetHints":{"allow":["GET"]}}],"collection":[{"href":"https:\/\/www.moskito.cz\/es\/wp-json\/wp\/v2\/product"}],"about":[{"href":"https:\/\/www.moskito.cz\/es\/wp-json\/wp\/v2\/types\/product"}],"replies":[{"embeddable":true,"href":"https:\/\/www.moskito.cz\/es\/wp-json\/wp\/v2\/comments?post=361299"}],"wp:featuredmedia":[{"embeddable":true,"href":"https:\/\/www.moskito.cz\/es\/wp-json\/wp\/v2\/media\/365982"}],"wp:attachment":[{"href":"https:\/\/www.moskito.cz\/es\/wp-json\/wp\/v2\/media?parent=361299"}],"wp:term":[{"taxonomy":"pwb-brand","embeddable":true,"href":"https:\/\/www.moskito.cz\/es\/wp-json\/wp\/v2\/pwb-brand?post=361299"},{"taxonomy":"product_brand","embeddable":true,"href":"https:\/\/www.moskito.cz\/es\/wp-json\/wp\/v2\/product_brand?post=361299"},{"taxonomy":"product_cat","embeddable":true,"href":"https:\/\/www.moskito.cz\/es\/wp-json\/wp\/v2\/product_cat?post=361299"},{"taxonomy":"product_tag","embeddable":true,"href":"https:\/\/www.moskito.cz\/es\/wp-json\/wp\/v2\/product_tag?post=361299"}],"curies":[{"name":"wp","href":"https:\/\/api.w.org\/{rel}","templated":true}]}}