{"id":361304,"date":"2024-09-26T13:02:06","date_gmt":"2024-09-26T12:02:06","guid":{"rendered":"https:\/\/www.moskito.cz\/produkt\/classic-hunter-slim\/"},"modified":"2025-05-07T11:25:28","modified_gmt":"2025-05-07T10:25:28","slug":"classic-hunter-slim","status":"publish","type":"product","link":"https:\/\/www.moskito.cz\/es\/produkt\/classic-hunter-slim\/","title":{"rendered":"Zav\u00edrac\u00ed N\u016f\u017e Classic Hunter Slim 01MB138"},"content":{"rendered":"<table class=\"datatable bokerparamtable\" style=\"letter-spacing: 0.03em; width: 50%;\" border=\"0\" cellspacing=\"0\" cellpadding=\"0\">\n<tbody>\n<tr>\n<td style=\"width: 50%;\">Celkov\u00e1 d\u00e9lka:<\/td>\n<td style=\"width: 25%;\">20.6 cm<\/td>\n<\/tr>\n<tr>\n<td style=\"width: 50%;\">D\u00e9lka \u010depele:<\/td>\n<td style=\"width: 25%;\">8.9 cm<\/td>\n<\/tr>\n<tr>\n<td style=\"width: 50%;\">Tlou\u0161\u0165ka \u010depele:<\/td>\n<td style=\"width: 25%;\">2.8 mm<\/td>\n<\/tr>\n<tr>\n<td style=\"width: 50%;\">Hmotnost:<\/td>\n<td style=\"width: 25%;\">200 g<\/td>\n<\/tr>\n<tr>\n<td style=\"width: 50%;\">Materi\u00e1l \u010depele:<\/td>\n<td style=\"width: 25%;\"><a href=\"\/prehled-materialu\/\">440A<\/a><\/td>\n<\/tr>\n<tr>\n<td style=\"width: 50%;\">Materi\u00e1l rukojeti:<\/td>\n<td style=\"width: 25%;\">Vrstven\u00e9 d\u0159evo<\/td>\n<\/tr>\n<tr>\n<td style=\"width: 50%;\">Typ pojistky:<\/td>\n<td style=\"width: 25%;\">Zadn\u00ed<\/td>\n<\/tr>\n<\/tbody>\n<\/table>\n<p>Spolehliv\u00fd a masivn\u00ed n\u016f\u017e s \u010depel\u00ed z\u00a0nerezov\u00e9 oceli 440A, bolster\u016f z nerezov\u00e9 oceli a s\u00a0rukojet\u00ed z p\u0159ekli\u017eky. S\u00a0pojistkou Backlock proti necht\u011bn\u00e9mu zav\u0159en\u00ed no\u017ee p\u0159i pr\u00e1ci.<\/p>\n","protected":false},"excerpt":{"rendered":"<p><strong>N\u016f\u017e Magnum Classic Hunter Slim je \u0161t\u00edhlej\u0161\u00ed verze no\u017ee Classic Hunter bez kuchac\u00edho h\u00e1ku pro stahov\u00e1n\u00ed.\u00a0<\/strong><\/p>\n","protected":false},"featured_media":363587,"comment_status":"closed","ping_status":"closed","template":"","meta":[],"pwb-brand":[140],"product_brand":[],"product_cat":[22,17],"product_tag":[],"class_list":{"0":"post-361304","1":"product","2":"type-product","3":"status-publish","4":"has-post-thumbnail","6":"pwb-brand-boker","7":"product_cat-zaviraci-noze","8":"product_cat-noze","10":"first","11":"instock","12":"taxable","13":"shipping-taxable","14":"purchasable","15":"product-type-simple"},"brands":[{"id":140,"name":"Boker","slug":"boker"}],"_links":{"self":[{"href":"https:\/\/www.moskito.cz\/es\/wp-json\/wp\/v2\/product\/361304","targetHints":{"allow":["GET"]}}],"collection":[{"href":"https:\/\/www.moskito.cz\/es\/wp-json\/wp\/v2\/product"}],"about":[{"href":"https:\/\/www.moskito.cz\/es\/wp-json\/wp\/v2\/types\/product"}],"replies":[{"embeddable":true,"href":"https:\/\/www.moskito.cz\/es\/wp-json\/wp\/v2\/comments?post=361304"}],"wp:featuredmedia":[{"embeddable":true,"href":"https:\/\/www.moskito.cz\/es\/wp-json\/wp\/v2\/media\/363587"}],"wp:attachment":[{"href":"https:\/\/www.moskito.cz\/es\/wp-json\/wp\/v2\/media?parent=361304"}],"wp:term":[{"taxonomy":"pwb-brand","embeddable":true,"href":"https:\/\/www.moskito.cz\/es\/wp-json\/wp\/v2\/pwb-brand?post=361304"},{"taxonomy":"product_brand","embeddable":true,"href":"https:\/\/www.moskito.cz\/es\/wp-json\/wp\/v2\/product_brand?post=361304"},{"taxonomy":"product_cat","embeddable":true,"href":"https:\/\/www.moskito.cz\/es\/wp-json\/wp\/v2\/product_cat?post=361304"},{"taxonomy":"product_tag","embeddable":true,"href":"https:\/\/www.moskito.cz\/es\/wp-json\/wp\/v2\/product_tag?post=361304"}],"curies":[{"name":"wp","href":"https:\/\/api.w.org\/{rel}","templated":true}]}}