{"id":361468,"date":"2024-09-26T13:04:21","date_gmt":"2024-09-26T12:04:21","guid":{"rendered":"https:\/\/www.moskito.cz\/produkt\/magnum-giant-bowie\/"},"modified":"2025-05-07T11:25:30","modified_gmt":"2025-05-07T10:25:30","slug":"magnum-giant-bowie","status":"publish","type":"product","link":"https:\/\/www.moskito.cz\/es\/produkt\/magnum-giant-bowie\/","title":{"rendered":"Pevn\u00fd N\u016f\u017e Magnum Giant Bowie 02MB565"},"content":{"rendered":"<table class=\"datatable bokerparamtable\" style=\"letter-spacing: 0.03em; width: 50%;\" border=\"0\" cellspacing=\"0\" cellpadding=\"0\">\n<tbody>\n<tr>\n<td style=\"width: 50%;\">Celkov\u00e1 d\u00e9lka:<\/td>\n<td style=\"width: 25%;\">32 cm<\/td>\n<\/tr>\n<tr>\n<td style=\"width: 50%;\">D\u00e9lka \u010depele:<\/td>\n<td style=\"width: 25%;\">20.7 cm<\/td>\n<\/tr>\n<tr>\n<td style=\"width: 50%;\">Tlou\u0161\u0165ka \u010depele:<\/td>\n<td style=\"width: 25%;\">4.7 mm<\/td>\n<\/tr>\n<tr>\n<td style=\"width: 50%;\">Hmotnost:<\/td>\n<td style=\"width: 25%;\">330 g<\/td>\n<\/tr>\n<tr>\n<td style=\"width: 50%;\">Materi\u00e1l \u010depele:<\/td>\n<td style=\"width: 25%;\"><a href=\"\/prehled-materialu\/440-a\">440A<\/a><\/td>\n<\/tr>\n<tr>\n<td style=\"width: 50%;\">Materi\u00e1l rukojeti:<\/td>\n<td style=\"width: 25%;\">K\u016f\u017ee<\/td>\n<\/tr>\n<tr>\n<td style=\"width: 50%;\">Typ pojistky:<\/td>\n<td style=\"width: 25%;\">Pevn\u00fd n\u016f\u017e<\/td>\n<\/tr>\n<\/tbody>\n<\/table>\n<p>Pevn\u00fd N\u016f\u017e <strong>Magnum<\/strong> Giant Bowie 02MB565.<\/p>\n<p>\u010cepel z nerezov\u00e9 oceli 440 je \u010dist\u011b nabrou\u0161en\u00e1 a velmi ostr\u00e1. Ochrana ruky a koncovka rukojeti jsou vyrobeny z le\u0161t\u011bn\u00e9 nerezov\u00e9 oceli. Lisovan\u00e9 ko\u017een\u00e9 krou\u017eky s diskr\u00e9tn\u011b tvarovan\u00fdm vybr\u00e1n\u00edm pro prsty dokresluj\u00ed impozantn\u00ed vzhled tohoto n\u00e1dhern\u00e9ho exempl\u00e1\u0159e. V\u010detn\u011b ko\u017een\u00e9ho pouzdra.<\/p>\n<p>&nbsp;<\/p>\n","protected":false},"excerpt":{"rendered":"<p><strong>Interpretace ji\u017e legend\u00e1rn\u00edho designu vietnamsk\u00e9ho Bowie v impozantn\u00ed, zv\u011bt\u0161en\u00e9 verzi.\u00a0<\/strong><\/p>\n","protected":false},"featured_media":362269,"comment_status":"closed","ping_status":"closed","template":"","meta":[],"pwb-brand":[140],"product_brand":[],"product_cat":[17,23],"product_tag":[],"class_list":{"0":"post-361468","1":"product","2":"type-product","3":"status-publish","4":"has-post-thumbnail","6":"pwb-brand-boker","7":"product_cat-noze","8":"product_cat-pevne-noze","10":"first","11":"outofstock","12":"taxable","13":"shipping-taxable","14":"purchasable","15":"product-type-simple"},"brands":[{"id":140,"name":"Boker","slug":"boker"}],"_links":{"self":[{"href":"https:\/\/www.moskito.cz\/es\/wp-json\/wp\/v2\/product\/361468","targetHints":{"allow":["GET"]}}],"collection":[{"href":"https:\/\/www.moskito.cz\/es\/wp-json\/wp\/v2\/product"}],"about":[{"href":"https:\/\/www.moskito.cz\/es\/wp-json\/wp\/v2\/types\/product"}],"replies":[{"embeddable":true,"href":"https:\/\/www.moskito.cz\/es\/wp-json\/wp\/v2\/comments?post=361468"}],"wp:featuredmedia":[{"embeddable":true,"href":"https:\/\/www.moskito.cz\/es\/wp-json\/wp\/v2\/media\/362269"}],"wp:attachment":[{"href":"https:\/\/www.moskito.cz\/es\/wp-json\/wp\/v2\/media?parent=361468"}],"wp:term":[{"taxonomy":"pwb-brand","embeddable":true,"href":"https:\/\/www.moskito.cz\/es\/wp-json\/wp\/v2\/pwb-brand?post=361468"},{"taxonomy":"product_brand","embeddable":true,"href":"https:\/\/www.moskito.cz\/es\/wp-json\/wp\/v2\/product_brand?post=361468"},{"taxonomy":"product_cat","embeddable":true,"href":"https:\/\/www.moskito.cz\/es\/wp-json\/wp\/v2\/product_cat?post=361468"},{"taxonomy":"product_tag","embeddable":true,"href":"https:\/\/www.moskito.cz\/es\/wp-json\/wp\/v2\/product_tag?post=361468"}],"curies":[{"name":"wp","href":"https:\/\/api.w.org\/{rel}","templated":true}]}}