{"id":361477,"date":"2024-09-26T13:04:21","date_gmt":"2024-09-26T12:04:21","guid":{"rendered":"https:\/\/www.moskito.cz\/produkt\/nuz-s-pevnou-cepeli-magnum-survivor\/"},"modified":"2025-05-07T11:25:31","modified_gmt":"2025-05-07T10:25:31","slug":"nuz-s-pevnou-cepeli-magnum-survivor","status":"publish","type":"product","link":"https:\/\/www.moskito.cz\/es\/produkt\/nuz-s-pevnou-cepeli-magnum-survivor\/","title":{"rendered":"Pevn\u00fd N\u016f\u017e Magnum Survivor 02RY7085"},"content":{"rendered":"<p>Pevn\u00fd N\u016f\u017e <strong>Magnum<\/strong> Survivor 02RY7085.<\/p>\n<p>Masivn\u00ed \u010depel z nerezov\u00e9 oceli 440 o tlou\u0161\u0165ce 5,2 mm dosahuje p\u0159es rukoje\u0165 a\u017e k pln\u00e9mu hrotu. Rukoje\u0165 obalen\u00e1 k\u016f\u017e\u00ed je v ruce pohodln\u00e1 a bezpe\u010dn\u00e1. D\u00edky tomuto extr\u00e9mn\u011b siln\u00e9mu tvaru \u010depele je n\u016f\u017e ide\u00e1ln\u00ed pro \u0159ez\u00e1n\u00ed, vy\u0159ez\u00e1v\u00e1n\u00ed nebo jin\u00e9 \u00fakoly. V\u010detn\u011b ko\u017een\u00e9ho pouzdra.<\/p>\n<p>&nbsp;<\/p>\n","protected":false},"excerpt":{"rendered":"<p><strong>Masivn\u00ed \u010depel z nerezov\u00e9 oceli 440 o tlou\u0161\u0165ce 5,2 mm dosahuje p\u0159es rukoje\u0165 a\u017e k pln\u00e9mu hrotu.\u00a0<\/strong><\/p>\n","protected":false},"featured_media":362295,"comment_status":"closed","ping_status":"closed","template":"","meta":[],"pwb-brand":[140],"product_brand":[],"product_cat":[17,23],"product_tag":[],"class_list":{"0":"post-361477","1":"product","2":"type-product","3":"status-publish","4":"has-post-thumbnail","6":"pwb-brand-boker","7":"product_cat-noze","8":"product_cat-pevne-noze","10":"first","11":"outofstock","12":"taxable","13":"shipping-taxable","14":"purchasable","15":"product-type-simple"},"brands":[{"id":140,"name":"Boker","slug":"boker"}],"_links":{"self":[{"href":"https:\/\/www.moskito.cz\/es\/wp-json\/wp\/v2\/product\/361477","targetHints":{"allow":["GET"]}}],"collection":[{"href":"https:\/\/www.moskito.cz\/es\/wp-json\/wp\/v2\/product"}],"about":[{"href":"https:\/\/www.moskito.cz\/es\/wp-json\/wp\/v2\/types\/product"}],"replies":[{"embeddable":true,"href":"https:\/\/www.moskito.cz\/es\/wp-json\/wp\/v2\/comments?post=361477"}],"wp:featuredmedia":[{"embeddable":true,"href":"https:\/\/www.moskito.cz\/es\/wp-json\/wp\/v2\/media\/362295"}],"wp:attachment":[{"href":"https:\/\/www.moskito.cz\/es\/wp-json\/wp\/v2\/media?parent=361477"}],"wp:term":[{"taxonomy":"pwb-brand","embeddable":true,"href":"https:\/\/www.moskito.cz\/es\/wp-json\/wp\/v2\/pwb-brand?post=361477"},{"taxonomy":"product_brand","embeddable":true,"href":"https:\/\/www.moskito.cz\/es\/wp-json\/wp\/v2\/product_brand?post=361477"},{"taxonomy":"product_cat","embeddable":true,"href":"https:\/\/www.moskito.cz\/es\/wp-json\/wp\/v2\/product_cat?post=361477"},{"taxonomy":"product_tag","embeddable":true,"href":"https:\/\/www.moskito.cz\/es\/wp-json\/wp\/v2\/product_tag?post=361477"}],"curies":[{"name":"wp","href":"https:\/\/api.w.org\/{rel}","templated":true}]}}