{"id":362221,"date":"2019-11-02T18:03:51","date_gmt":"2024-09-30T13:42:21","guid":{"rendered":"https:\/\/www.moskito.cz\/produkt\/cuchillo-de-tiro-microtech-ultratech-123-4\/"},"modified":"2025-07-11T07:50:14","modified_gmt":"2025-07-11T06:50:14","slug":"cuchillo-de-tiro-microtech-ultratech-123-4","status":"publish","type":"product","link":"https:\/\/www.moskito.cz\/es\/produkt\/cuchillo-de-tiro-microtech-ultratech-123-4\/","title":{"rendered":"Cuchillo de Tiro Microtech Ultratech 123-4"},"content":{"rendered":"<p>Cuchillo de tiro <strong>Microtech<\/strong> Ultratech 123-4 Cuchillo de tiro desde el frente. Ultratech con un \u00fanico filo al estilo tanto. El cuchillo tiene un mango de aluminio perfilado fabricado con rompevidrios de aluminio anodizado 6061-T6 y refuerzo de acero inoxidable. <strong>Microtech<\/strong> ha equipado esta versi\u00f3n del siempre popular cuchillo Ultratech D\/A OTF con un dise\u00f1o de mango contorneado suave que aumenta la comodidad de uso. Este modelo actualizado ofrece las mismas dimensiones y durabilidad que ofrece la variante \u00abTri-Grip\u00bb, mientras se adapta m\u00e1s f\u00e1cilmente a la mano y al bolsillo.    Para aquellos que no est\u00e1n familiarizados con Ultratech, es un cuchillo completamente autom\u00e1tico con un mecanismo dual en la parte frontal, lo que significa que la hoja se pliega y se retrae con el pulgar. El cuchillo Ultratech de Microtech estableci\u00f3 el list\u00f3n para todos los cuchillos OTF. Longitud total: 22 cm Longitud de la hoja: 8,6 cm Material de la hoja: Bohler M390 Estilo de la hoja: Tanto Inserciones: Planas Tipo de borde: Liso Material del mango: Aluminio Peso: 3,60 oz. Usuario: Clip de bolsillo derecho: Cuchillo con punta hacia abajo Tipo: OTF de doble acci\u00f3n Abridor autom\u00e1tico: Deslizante para pulgar Marca: Microtech Modelo: Ultratech N\u00famero de modelo: 123-4 Pa\u00eds de origen: EE. UU. Mejor uso: Diario   <\/p>\n<div class=\"description\"><\/div>\n<div class=\"specifications\">\n<div class=\"specs\">\n<iframe title=\"Microtech Combat Troodon Torture Test\" width=\"800\" height=\"450\" src=\"https:\/\/www.youtube.com\/embed\/xE9TeOFYEjg?feature=oembed\" frameborder=\"0\" allow=\"accelerometer; autoplay; clipboard-write; encrypted-media; gyroscope; picture-in-picture; web-share\" referrerpolicy=\"strict-origin-when-cross-origin\" allowfullscreen><\/iframe><br \/>\n &nbsp;<\/p>\n<\/div>\n<\/div>\n","protected":false},"excerpt":{"rendered":"<p>A lo largo de los a\u00f1os, <strong>Microtech\u00ae<\/strong> Knives ha llenado los cuchillos con pasi\u00f3n y habilidad para crear casi obras de arte que son el pin\u00e1culo de la funcionalidad. Todas las piezas se fabrican en los EE. UU. <strong>Todas las cuchillas Microtech est\u00e1n garantizadas de por vida (m\u00edn. 80.000 ciclos, apertura y cierre)<\/strong><\/p>\n","protected":false},"featured_media":213583,"comment_status":"open","ping_status":"closed","template":"","meta":[],"pwb-brand":[3752],"product_brand":[],"product_cat":[3726,3729],"product_tag":[3756],"class_list":{"0":"post-362221","1":"product","2":"type-product","3":"status-publish","4":"has-post-thumbnail","6":"pwb-brand-microtecnologia","7":"product_cat-cuchillos","8":"product_cat-cuchillos-de-tiro","9":"product_tag-b2b-es","11":"first","12":"outofstock","13":"taxable","14":"shipping-taxable","15":"purchasable","16":"product-type-simple"},"brands":[{"id":3752,"name":"microtecnolog\u00eda","slug":"microtecnologia"}],"_links":{"self":[{"href":"https:\/\/www.moskito.cz\/es\/wp-json\/wp\/v2\/product\/362221","targetHints":{"allow":["GET"]}}],"collection":[{"href":"https:\/\/www.moskito.cz\/es\/wp-json\/wp\/v2\/product"}],"about":[{"href":"https:\/\/www.moskito.cz\/es\/wp-json\/wp\/v2\/types\/product"}],"replies":[{"embeddable":true,"href":"https:\/\/www.moskito.cz\/es\/wp-json\/wp\/v2\/comments?post=362221"}],"wp:featuredmedia":[{"embeddable":true,"href":"https:\/\/www.moskito.cz\/es\/wp-json\/wp\/v2\/media\/213583"}],"wp:attachment":[{"href":"https:\/\/www.moskito.cz\/es\/wp-json\/wp\/v2\/media?parent=362221"}],"wp:term":[{"taxonomy":"pwb-brand","embeddable":true,"href":"https:\/\/www.moskito.cz\/es\/wp-json\/wp\/v2\/pwb-brand?post=362221"},{"taxonomy":"product_brand","embeddable":true,"href":"https:\/\/www.moskito.cz\/es\/wp-json\/wp\/v2\/product_brand?post=362221"},{"taxonomy":"product_cat","embeddable":true,"href":"https:\/\/www.moskito.cz\/es\/wp-json\/wp\/v2\/product_cat?post=362221"},{"taxonomy":"product_tag","embeddable":true,"href":"https:\/\/www.moskito.cz\/es\/wp-json\/wp\/v2\/product_tag?post=362221"}],"curies":[{"name":"wp","href":"https:\/\/api.w.org\/{rel}","templated":true}]}}