{"id":362227,"date":"2023-03-18T15:41:56","date_gmt":"2024-09-30T13:42:24","guid":{"rendered":"https:\/\/www.moskito.cz\/produkt\/cuchillo-de-tiro-microtech-ultratec-satin-tanto-123-4bl\/"},"modified":"2025-05-07T11:25:40","modified_gmt":"2025-05-07T10:25:40","slug":"cuchillo-de-tiro-microtech-ultratec-satin-tanto-123-4bl","status":"publish","type":"product","link":"https:\/\/www.moskito.cz\/es\/produkt\/cuchillo-de-tiro-microtech-ultratec-satin-tanto-123-4bl\/","title":{"rendered":"Cuchillo de Tiro Microtech Ultratec Satin Tanto 123-4BL"},"content":{"rendered":"<p>Cuchillo de tiro <strong>Microtech<\/strong> Ultratec Satin Tanto 123-4BL <strong>Ultratech<\/strong> establecer\u00e1 para siempre el est\u00e1ndar para todos los cuchillos frontales. El Ultratech es el cuchillo frontal de doble acci\u00f3n original de Microtech y ha sido la base de toda nuestra l\u00ednea OTF. Ha sufrido varias modificaciones a lo largo de los a\u00f1os, volvi\u00e9ndose cada vez m\u00e1s eficiente y fiable. El resorte Ultratech permanece en posici\u00f3n de \u00abreposo\u00bb en todo momento, excepto cuando est\u00e1 estirado. Esto asegura que el resorte comprimido no se canse, asegurando a los usuarios que cuando se dispare el cuchillo, funcionar\u00e1 de manera efectiva. La ultratecnolog\u00eda puede adoptar muchas formas diferentes; se puede acabar con una placa de aluminio mecanizada est\u00e1ndar o un trozo de fibra de carbono. La apertura y el cierre livianos con una sola mano, el dise\u00f1o delgado y la hoja afilada como un bistur\u00ed de Ultratech lo convierten en un cuchillo \u00fanico que solo est\u00e1 disponible en Microtech. Este cuchillo ha demostrado una y otra vez que puede resistir cualquier obst\u00e1culo. S\u00f3lo el tiempo dir\u00e1 cu\u00e1l ser\u00e1 el siguiente paso de la l\u00ednea Ultratech. Especificaciones Apertura\/cierre autom\u00e1tico &#8211; Abridor frontal Acci\u00f3n: Acci\u00f3n de duelo &#8211; Disparo\/retracci\u00f3n autom\u00e1tico Longitud de la hoja: 8,65 cm Acero: M390 Estilo de la hoja: Tanto de un solo filo, liso Material del mango: Aluminio 6061-T6 con revestimiento duro anodizado azul Mil-Spec Longitud en pulgadas abierto: 21 cm Material del clip de bolsillo: acero inoxidable 301 totalmente duro Parte superior est\u00e1ndar: aleaci\u00f3n de AL 6061-T6 Gatillo: acero inoxidable 303 Fabricado en EE. UU.<\/p>\n","protected":false},"excerpt":{"rendered":"<p>A lo largo de los a\u00f1os, <strong>Microtech\u00ae Knives<\/strong> ha llenado los cuchillos con pasi\u00f3n y habilidad para crear casi obras de arte que son el pin\u00e1culo de la funcionalidad. Todas las piezas se fabrican en los EE. UU. <strong>Todos los cuchillos Microtech vienen con una garant\u00eda de por vida.<\/strong> <strong>Env\u00edo gratis.<\/strong><\/p>\n","protected":false},"featured_media":362228,"comment_status":"open","ping_status":"closed","template":"","meta":[],"pwb-brand":[3752],"product_brand":[],"product_cat":[3726,3729],"product_tag":[3756],"class_list":{"0":"post-362227","1":"product","2":"type-product","3":"status-publish","4":"has-post-thumbnail","6":"pwb-brand-microtecnologia","7":"product_cat-cuchillos","8":"product_cat-cuchillos-de-tiro","9":"product_tag-b2b-es","11":"first","12":"instock","13":"taxable","14":"shipping-taxable","15":"purchasable","16":"product-type-simple"},"brands":[{"id":3752,"name":"microtecnolog\u00eda","slug":"microtecnologia"}],"_links":{"self":[{"href":"https:\/\/www.moskito.cz\/es\/wp-json\/wp\/v2\/product\/362227","targetHints":{"allow":["GET"]}}],"collection":[{"href":"https:\/\/www.moskito.cz\/es\/wp-json\/wp\/v2\/product"}],"about":[{"href":"https:\/\/www.moskito.cz\/es\/wp-json\/wp\/v2\/types\/product"}],"replies":[{"embeddable":true,"href":"https:\/\/www.moskito.cz\/es\/wp-json\/wp\/v2\/comments?post=362227"}],"wp:featuredmedia":[{"embeddable":true,"href":"https:\/\/www.moskito.cz\/es\/wp-json\/wp\/v2\/media\/362228"}],"wp:attachment":[{"href":"https:\/\/www.moskito.cz\/es\/wp-json\/wp\/v2\/media?parent=362227"}],"wp:term":[{"taxonomy":"pwb-brand","embeddable":true,"href":"https:\/\/www.moskito.cz\/es\/wp-json\/wp\/v2\/pwb-brand?post=362227"},{"taxonomy":"product_brand","embeddable":true,"href":"https:\/\/www.moskito.cz\/es\/wp-json\/wp\/v2\/product_brand?post=362227"},{"taxonomy":"product_cat","embeddable":true,"href":"https:\/\/www.moskito.cz\/es\/wp-json\/wp\/v2\/product_cat?post=362227"},{"taxonomy":"product_tag","embeddable":true,"href":"https:\/\/www.moskito.cz\/es\/wp-json\/wp\/v2\/product_tag?post=362227"}],"curies":[{"name":"wp","href":"https:\/\/api.w.org\/{rel}","templated":true}]}}