{"id":362762,"date":"2024-10-10T19:11:51","date_gmt":"2024-10-10T18:11:51","guid":{"rendered":"https:\/\/www.moskito.cz\/?post_type=product&#038;p=362762"},"modified":"2025-11-12T15:44:57","modified_gmt":"2025-11-12T14:44:57","slug":"zaviraci-nuz-emerson-el-bandito","status":"publish","type":"product","link":"https:\/\/www.moskito.cz\/es\/produkt\/zaviraci-nuz-emerson-el-bandito\/","title":{"rendered":"Zav\u00edrac\u00ed N\u016f\u017e Emerson El Bandito"},"content":{"rendered":"<p>Zav\u00edrac\u00ed N\u016f\u017e <strong>Emerson<\/strong> El Bandito.<\/p>\n<p><strong>El Bandito<\/strong>, odvozen\u00fd z legendy o Stumblin&#8217; Jack Belvedere, byl n\u016f\u017e pojmenovan\u00fd po legend\u00e1rn\u00edm mexick\u00e9m psanci Pancho Jesus De Cuervo, kter\u00fd na\u0161el Stumblin&#8217; Jacka v pustin\u00e1ch pou\u0161t\u011b v Nov\u00e9m Mexiku pot\u00e9, co byl zran\u011bn Geronimem. El Bandito, jak byl zn\u00e1m\u00fd, dal Jackovi vodu, kon\u011b a sv\u016fj osobn\u00ed n\u016f\u017e a nechal ho s jednoduch\u00fdmi slovy \u201eVaya Con Dios\u201c. Tento n\u016f\u017e byl vytvo\u0159en podle nejlep\u0161\u00ed vzpom\u00ednky samotn\u00e9ho Stumblin&#8217; Jacka Belvedera.<\/p>\n<p>Rukoje\u0165: \u010cern\u00e1 G-10<br \/>\n\u010cepel\u00a0 ocel: 154 cm<br \/>\nDokon\u010den\u00ed: Stone Washed<br \/>\nCelkov\u00e1 d\u00e9lka: 21.25 cm<br \/>\nD\u00e9lka \u010depele : 8.75 cm<br \/>\nTlou\u0161\u0165ka \u010depele: 0.31 cm<\/p>\n<p><strong>Ernest Emerson<\/strong> za\u010dal s v\u00fdrobou no\u017e\u016f na zak\u00e1zku ve sv\u00e9 gar\u00e1\u017ei v roce 1979. Rychle se prosadil jako v\u00fdrobce no\u017e\u016f, a to stejnou m\u011brou d\u00edky jeho odborn\u00fdm znalostem jako \u0159emesln\u00edk (v\u00fdrobce n\u00e1stroj\u016f a matric), jeho um\u011bleck\u00e9mu z\u00e1jmu o design a praktick\u00fdm zku\u0161enostem jako jeden z celosv\u011btov\u011b nejvyhled\u00e1van\u011bj\u0161\u00edch a nejuzn\u00e1van\u011bj\u0161\u00edch instruktor\u016f boje z ruky do ruky. Emersonovo d\u00edlo bylo p\u0159edstaveno a vystaveno v Metropolitan Museum of Art a Smithsonian Museum. Existuje jen hrstka \u017eij\u00edc\u00edch um\u011blc\u016f, kte\u0159\u00ed to mohou tvrdit. Jako instruktor v boji z ruky do ruky a dovednostech se zbran\u011bmi s ost\u0159\u00edm u\u010dil pan Emerson ty nejelitn\u011bj\u0161\u00ed v\u00e1le\u010dn\u00edky na sv\u011bt\u011b, od US Navy SEALs a\u017e po str\u00e1\u017ee parlamentu v Lond\u00fdn\u011b a v\u0161ude mezi t\u00edm. Je autorem mnoha \u010dl\u00e1nk\u016f, knih a vide\u00ed t\u00fdkaj\u00edc\u00edch se taktiky, v\u00fdcviku a boje. Jako jeden z nejvyhled\u00e1van\u011bj\u0161\u00edch instruktor\u016f na sv\u011bt\u011b je velmi \u017e\u00e1dan\u00fd po semin\u00e1\u0159\u00edch a p\u0159edn\u00e1\u0161k\u00e1ch pro civiln\u00ed, vojensk\u00e9 a donucovac\u00ed org\u00e1ny. Je \u010dlenem S\u00edn\u011b sl\u00e1vy bojov\u00fdch um\u011bn\u00ed spolu s tak ctihodn\u00fdmi jm\u00e9ny jako Bruce Lee a Chuck Norris. Ve skute\u010dnosti je jedin\u00fdm zn\u00e1m\u00fdm v\u00fdrobcem no\u017e\u016f, kter\u00fd tak\u00e9 vlastn\u00ed a provozuje sv\u00e9 vlastn\u00ed tr\u00e9ninkov\u00e9 za\u0159\u00edzen\u00ed, prvot\u0159\u00eddn\u00ed \u201eBlack Shamrock Combat Academy Gym\u201c v Los Angeles v Kalifornii.<\/p>\n<p>&nbsp;<\/p>\n<p>&nbsp;<\/p>\n","protected":false},"excerpt":{"rendered":"<p><strong>El Bandito, odvozen\u00fd z legendy o Stumblin&#8217; Jack Belvedere, byl n\u016f\u017e pojmenovan\u00fd po legend\u00e1rn\u00edm mexick\u00e9m psanci Pancho Jesus De Cuervo, kter\u00fd na\u0161el Stumblin&#8217; Jacka v pustin\u00e1ch pou\u0161t\u011b v Nov\u00e9m Mexiku pot\u00e9, co byl zran\u011bn Geronimem.<\/strong><\/p>\n<p><strong>Doprava zdarma.<\/strong><\/p>\n","protected":false},"featured_media":362763,"comment_status":"open","ping_status":"closed","template":"","meta":[],"pwb-brand":[248],"product_brand":[],"product_cat":[22,17],"product_tag":[],"class_list":{"0":"post-362762","1":"product","2":"type-product","3":"status-publish","4":"has-post-thumbnail","6":"pwb-brand-emerson","7":"product_cat-zaviraci-noze","8":"product_cat-noze","10":"first","11":"outofstock","12":"taxable","13":"shipping-taxable","14":"purchasable","15":"product-type-simple"},"brands":[{"id":248,"name":"Emerson","slug":"emerson"}],"_links":{"self":[{"href":"https:\/\/www.moskito.cz\/es\/wp-json\/wp\/v2\/product\/362762","targetHints":{"allow":["GET"]}}],"collection":[{"href":"https:\/\/www.moskito.cz\/es\/wp-json\/wp\/v2\/product"}],"about":[{"href":"https:\/\/www.moskito.cz\/es\/wp-json\/wp\/v2\/types\/product"}],"replies":[{"embeddable":true,"href":"https:\/\/www.moskito.cz\/es\/wp-json\/wp\/v2\/comments?post=362762"}],"wp:featuredmedia":[{"embeddable":true,"href":"https:\/\/www.moskito.cz\/es\/wp-json\/wp\/v2\/media\/362763"}],"wp:attachment":[{"href":"https:\/\/www.moskito.cz\/es\/wp-json\/wp\/v2\/media?parent=362762"}],"wp:term":[{"taxonomy":"pwb-brand","embeddable":true,"href":"https:\/\/www.moskito.cz\/es\/wp-json\/wp\/v2\/pwb-brand?post=362762"},{"taxonomy":"product_brand","embeddable":true,"href":"https:\/\/www.moskito.cz\/es\/wp-json\/wp\/v2\/product_brand?post=362762"},{"taxonomy":"product_cat","embeddable":true,"href":"https:\/\/www.moskito.cz\/es\/wp-json\/wp\/v2\/product_cat?post=362762"},{"taxonomy":"product_tag","embeddable":true,"href":"https:\/\/www.moskito.cz\/es\/wp-json\/wp\/v2\/product_tag?post=362762"}],"curies":[{"name":"wp","href":"https:\/\/api.w.org\/{rel}","templated":true}]}}