{"id":362856,"date":"2024-10-10T20:37:59","date_gmt":"2024-10-10T19:37:59","guid":{"rendered":"https:\/\/www.moskito.cz\/?post_type=product&#038;p=362856"},"modified":"2025-12-17T18:35:00","modified_gmt":"2025-12-17T17:35:00","slug":"zaviraci-nuz-emerson-big-bulldog","status":"publish","type":"product","link":"https:\/\/www.moskito.cz\/es\/produkt\/zaviraci-nuz-emerson-big-bulldog\/","title":{"rendered":"Zav\u00edrac\u00ed N\u016f\u017e Emerson Big Bulldog"},"content":{"rendered":"<p>Zav\u00edrac\u00ed N\u016f\u017e <strong>Emerson<\/strong> Big Bulldog.<\/p>\n<p><strong>Big Bulldog<\/strong> je jedn\u00edm z prvn\u00edch model\u016f no\u017e\u016f, se kter\u00fdmi jsme se posunuli dozadu. Nejprve p\u0159i\u0161el standardn\u00ed Bulldog, men\u0161\u00ed a kapesn\u011bj\u0161\u00ed verze. Teprve pot\u00e9, co jsme vydali tento model, jsme sly\u0161eli ohromn\u00fd po\u017eadavek ud\u011blat velkou verzi! Obvykle lid\u00e9 \u017e\u00e1daj\u00ed men\u0161\u00ed verzi POTOM, kdy\u017e m\u00e1me standardn\u00ed velikost. Je vybavena VELKOU tanto \u0161pi\u010datou hranatou \u010depel\u00ed s hranatou rukojet\u00ed G-10 chr\u00e1n\u011bnou prsty. <strong>Big Bulldog<\/strong> je velk\u00fd a spolehliv\u00fd n\u016f\u017e, kter\u00fd budete cht\u00edt m\u00edt u sebe.<\/p>\n<p>Rukoje\u0165:\u00a0 G-10<br \/>\nZ\u00e1mek: Titan<br \/>\n\u010cepel : 154 cm<\/p>\n<p>Celkov\u00e1 d\u00e9lka: 22.25 cm<br \/>\nD\u00e9lka \u010depele: 9.25 cm<br \/>\nTlou\u0161\u0165ka \u010depele: 0.31 cm<br \/>\nTvrdost 57-59RC<\/p>\n<p><iframe title=\"Emerson Big Bulldog | A Closer Look\" width=\"800\" height=\"450\" src=\"https:\/\/www.youtube.com\/embed\/Gif4K5Tkwkg?feature=oembed\" frameborder=\"0\" allow=\"accelerometer; autoplay; clipboard-write; encrypted-media; gyroscope; picture-in-picture; web-share\" referrerpolicy=\"strict-origin-when-cross-origin\" allowfullscreen><\/iframe><\/p>\n<p>&nbsp;<\/p>\n<p>&nbsp;<\/p>\n","protected":false},"excerpt":{"rendered":"<p><strong>Big Bulldog je jedn\u00edm z prvn\u00edch model\u016f no\u017e\u016f, se kter\u00fdmi jsme se posunuli dozadu. Nejprve p\u0159i\u0161el standardn\u00ed Bulldog, men\u0161\u00ed a kapesn\u011bj\u0161\u00ed verze. Teprve pot\u00e9, co jsme vydali tento model, jsme sly\u0161eli ohromn\u00fd po\u017eadavek ud\u011blat velkou verzi!<\/strong><\/p>\n<p><strong>Doprava zdarma.<\/strong><\/p>\n","protected":false},"featured_media":362857,"comment_status":"open","ping_status":"closed","template":"","meta":[],"pwb-brand":[248],"product_brand":[],"product_cat":[22,17],"product_tag":[],"class_list":{"0":"post-362856","1":"product","2":"type-product","3":"status-publish","4":"has-post-thumbnail","6":"pwb-brand-emerson","7":"product_cat-zaviraci-noze","8":"product_cat-noze","10":"first","11":"outofstock","12":"taxable","13":"shipping-taxable","14":"purchasable","15":"product-type-simple"},"brands":[{"id":248,"name":"Emerson","slug":"emerson"}],"_links":{"self":[{"href":"https:\/\/www.moskito.cz\/es\/wp-json\/wp\/v2\/product\/362856","targetHints":{"allow":["GET"]}}],"collection":[{"href":"https:\/\/www.moskito.cz\/es\/wp-json\/wp\/v2\/product"}],"about":[{"href":"https:\/\/www.moskito.cz\/es\/wp-json\/wp\/v2\/types\/product"}],"replies":[{"embeddable":true,"href":"https:\/\/www.moskito.cz\/es\/wp-json\/wp\/v2\/comments?post=362856"}],"wp:featuredmedia":[{"embeddable":true,"href":"https:\/\/www.moskito.cz\/es\/wp-json\/wp\/v2\/media\/362857"}],"wp:attachment":[{"href":"https:\/\/www.moskito.cz\/es\/wp-json\/wp\/v2\/media?parent=362856"}],"wp:term":[{"taxonomy":"pwb-brand","embeddable":true,"href":"https:\/\/www.moskito.cz\/es\/wp-json\/wp\/v2\/pwb-brand?post=362856"},{"taxonomy":"product_brand","embeddable":true,"href":"https:\/\/www.moskito.cz\/es\/wp-json\/wp\/v2\/product_brand?post=362856"},{"taxonomy":"product_cat","embeddable":true,"href":"https:\/\/www.moskito.cz\/es\/wp-json\/wp\/v2\/product_cat?post=362856"},{"taxonomy":"product_tag","embeddable":true,"href":"https:\/\/www.moskito.cz\/es\/wp-json\/wp\/v2\/product_tag?post=362856"}],"curies":[{"name":"wp","href":"https:\/\/api.w.org\/{rel}","templated":true}]}}