{"id":365231,"date":"2024-10-22T18:22:46","date_gmt":"2024-10-22T17:23:58","guid":{"rendered":"https:\/\/www.moskito.cz\/produkt\/cuchillo-de-tiro-microtech-ultratech-navy-stonewash-122-10na\/"},"modified":"2025-05-07T11:25:50","modified_gmt":"2025-05-07T10:25:50","slug":"cuchillo-de-tiro-microtech-ultratech-navy-stonewash-122-10na","status":"publish","type":"product","link":"https:\/\/www.moskito.cz\/es\/produkt\/cuchillo-de-tiro-microtech-ultratech-navy-stonewash-122-10na\/","title":{"rendered":"Cuchillo de tiro Microtech Ultratech Navy Stonewash 122-10NA"},"content":{"rendered":"<p>Cuchillo de tiro <strong>Microtech<\/strong> Ultratech Navy Stonewash 122-10NA. Presentamos <strong>Microtech Ultratech<\/strong> , la navaja autom\u00e1tica OTF (frontal) pionera que ha establecido el est\u00e1ndar para un funcionamiento suave y confiable. Con una longitud total de 8,5 pulgadas, este excepcional cuchillo est\u00e1 dise\u00f1ado para superar sus expectativas. El Ultratech cuenta con una impresionante hoja de daga de 3,4 pulgadas con un acabado Stonewash. La hoja est\u00e1 hecha de acero de alta calidad (el acero variar\u00e1) y proporciona un rendimiento de corte y una durabilidad excepcionales. Ya sea que est\u00e9 abordando tareas cotidianas o necesidades de corte m\u00e1s exigentes, Ultratech est\u00e1 a la altura del desaf\u00edo. El mango Ultratech de 5 pulgadas est\u00e1 fabricado en aluminio 6061-T6 anodizado negro y ofrece un agarre c\u00f3modo y ergon\u00f3mico. El clip de bolsillo pulido con cuentas permite un c\u00f3modo uso inclinado hacia abajo, para diestros o zurdos para un f\u00e1cil acceso. El mango tambi\u00e9n cuenta con un rompevidrios y herrajes de acero inoxidable para mayor funcionalidad y durabilidad. <strong>Ultratech<\/strong> cuenta con un deslizador de pulgar de doble acci\u00f3n y ofrece un despliegue y retracci\u00f3n autom\u00e1ticos ultrarr\u00e1pidos. El mecanismo OTF proporciona un rendimiento fluido, lo que lo convierte en una herramienta confiable en situaciones cr\u00edticas. Su dise\u00f1o delgado lo convierte en el cuchillo perfecto para llevar a diario que cabe sin esfuerzo en su bolsillo o equipo. Con un peso de s\u00f3lo 3,6 onzas, Ultratech logra el equilibrio perfecto entre robustez y portabilidad. Ensamblado en los EE. UU. con meticulosa atenci\u00f3n al detalle, este cuchillo demuestra el compromiso de Microtech con la artesan\u00eda y la calidad excepcionales. Experimente la excelencia <strong>de Microtech Ultratech<\/strong> , el pionero en cuchillas autom\u00e1ticas OTF. Con su dise\u00f1o excepcional, rendimiento impecable y construcci\u00f3n robusta, Ultratech pone el list\u00f3n muy alto en cuanto a confiabilidad y funcionalidad. Ya sea coleccionista, aficionado o profesional, Ultratech es la mejor opci\u00f3n para sus necesidades diarias de transporte.<\/p>\n<p><strong>El Microtech Ultratech<\/strong> es el primer cuchillo autom\u00e1tico OTF (desde el frente) fabricado por Microtech Knives. La autom\u00e1tica de doble acci\u00f3n que inici\u00f3 todo es el control frontal m\u00e1s suave que encontrar\u00e1s. Cuenta con una hoja de 3,4&#8243;. El Ultratech tiene un mango de contorno de aluminio anodizado 6061-T6 de 5&#8243; con un clip de bolsillo, fragmento de vidrio y herrajes de acero inoxidable. Un interruptor deslizante de doble acci\u00f3n permite un r\u00e1pido despliegue y retracci\u00f3n autom\u00e1tica cuando lo necesite. El dise\u00f1o delgado del cuchillo Ultra lo convierte en el cuchillo EDC perfecto. Longitud total: 21 cm<br \/>\n Hoja: 8,65 cm M390, Daga, Lavado a la piedra<br \/>\n Mango: Aluminio 6061-T6 de 5&#8243;, azul marino<br \/>\n Peso: 3,6 onzas<br \/>\n Clip de bolsillo: inclinado hacia abajo, desgaste hacia la izquierda\/derecha<br \/>\n Abridor: control deslizante del pulgar<br \/>\n Tipo: OTF (Frontal) Autom\u00e1tico, Doble Acci\u00f3n<br \/>\n Hecho en EE.UU.<br \/>\n Modelo: 122-10NA https:\/\/youtu.be\/xE9TeOFYEjg   <\/p>\n<p>&nbsp;<\/p>\n<p>&nbsp;<\/p>\n","protected":false},"excerpt":{"rendered":"<p><strong>A lo largo de los a\u00f1os, Microtech\u00ae Knives ha llenado los cuchillos con pasi\u00f3n y habilidad para crear casi obras de arte que son el pin\u00e1culo de la funcionalidad. Todas las piezas se fabrican en los EE. UU.<\/strong><br \/>\n<strong>Todos los cuchillos Microtech vienen con una garant\u00eda de por vida.<\/strong><\/p>\n<p><strong>Transporte gratuito.<\/strong><\/p>\n","protected":false},"featured_media":365214,"comment_status":"open","ping_status":"closed","template":"","meta":[],"pwb-brand":[3752],"product_brand":[],"product_cat":[3726,3729],"product_tag":[],"class_list":{"0":"post-365231","1":"product","2":"type-product","3":"status-publish","4":"has-post-thumbnail","6":"pwb-brand-microtecnologia","7":"product_cat-cuchillos","8":"product_cat-cuchillos-de-tiro","10":"first","11":"outofstock","12":"taxable","13":"shipping-taxable","14":"purchasable","15":"product-type-simple"},"brands":[{"id":3752,"name":"microtecnolog\u00eda","slug":"microtecnologia"}],"_links":{"self":[{"href":"https:\/\/www.moskito.cz\/es\/wp-json\/wp\/v2\/product\/365231","targetHints":{"allow":["GET"]}}],"collection":[{"href":"https:\/\/www.moskito.cz\/es\/wp-json\/wp\/v2\/product"}],"about":[{"href":"https:\/\/www.moskito.cz\/es\/wp-json\/wp\/v2\/types\/product"}],"replies":[{"embeddable":true,"href":"https:\/\/www.moskito.cz\/es\/wp-json\/wp\/v2\/comments?post=365231"}],"wp:featuredmedia":[{"embeddable":true,"href":"https:\/\/www.moskito.cz\/es\/wp-json\/wp\/v2\/media\/365214"}],"wp:attachment":[{"href":"https:\/\/www.moskito.cz\/es\/wp-json\/wp\/v2\/media?parent=365231"}],"wp:term":[{"taxonomy":"pwb-brand","embeddable":true,"href":"https:\/\/www.moskito.cz\/es\/wp-json\/wp\/v2\/pwb-brand?post=365231"},{"taxonomy":"product_brand","embeddable":true,"href":"https:\/\/www.moskito.cz\/es\/wp-json\/wp\/v2\/product_brand?post=365231"},{"taxonomy":"product_cat","embeddable":true,"href":"https:\/\/www.moskito.cz\/es\/wp-json\/wp\/v2\/product_cat?post=365231"},{"taxonomy":"product_tag","embeddable":true,"href":"https:\/\/www.moskito.cz\/es\/wp-json\/wp\/v2\/product_tag?post=365231"}],"curies":[{"name":"wp","href":"https:\/\/api.w.org\/{rel}","templated":true}]}}