{"id":365302,"date":"2024-10-22T19:01:32","date_gmt":"2024-10-22T18:02:05","guid":{"rendered":"https:\/\/www.moskito.cz\/produkt\/cuchillo-de-tiro-microtech-cypher-ii-apocalyptic-1242-12ap\/"},"modified":"2025-05-07T11:25:52","modified_gmt":"2025-05-07T10:25:52","slug":"cuchillo-de-tiro-microtech-cypher-ii-apocalyptic-1242-12ap","status":"publish","type":"product","link":"https:\/\/www.moskito.cz\/es\/produkt\/cuchillo-de-tiro-microtech-cypher-ii-apocalyptic-1242-12ap\/","title":{"rendered":"Cuchillo de tiro Microtech Cypher II Apocalyptic 1242-12AP"},"content":{"rendered":"<p>Navaja de Tiro <strong>Microtech<\/strong> Cypher II Apocalyptic 1242-12AP.<\/p>\n<p>Deryk DC Munroe es la principal fuente de ingenier\u00eda y mano de obra para MunroeKnives. Una fascinaci\u00f3n de toda la vida por las armas lo llev\u00f3 a crear su primer cuchillo en 1984. En 1997, tom\u00f3 un camino bastante complicado para convertirse en fabricante de cuchillos a tiempo completo. Explor\u00f3 y desarroll\u00f3 varios aspectos del oficio que lo han impulsado desde entonces. Su estilo es \u00fanico y la calidad de sus ingredientes es simplemente sobresaliente. Por lo tanto, fue una elecci\u00f3n obvia para Tony trabajar con Deryk en este segundo cuchillo de colaboraci\u00f3n Munroe\/Marfione, el Cypher.<\/p>\n<p>Microtech Cypher ve el regreso del OTF favorito de los fan\u00e1ticos con mejoras de \u00faltima generaci\u00f3n en el dise\u00f1o original. El cl\u00e1sico Cypher ha sido redise\u00f1ado por dentro y por fuera, estableciendo un nuevo est\u00e1ndar para la tecnolog\u00eda moderna. La \u00faltima e innovadora transmisi\u00f3n de combustible dual de Microtech proporciona un control sin esfuerzo y la acci\u00f3n m\u00e1s suave jam\u00e1s vista en un OTF.<\/p>\n<p>Las ranuras en el chasis agregan un elemento elegante al mismo tiempo que brindan el m\u00e1ximo agarre, y el clip de bolsillo de titanio 6Al4V con tap\u00f3n de cer\u00e1mica brinda al usuario opciones de transporte seguras y asequibles. El cuerpo sin tornillos y el rompevidrios integrado le dan una apariencia m\u00e1s estilizada, y el dise\u00f1o actualizado del bolsillo con botones reduce la fricci\u00f3n y facilita el movimiento de escombros. Con su tama\u00f1o relativamente compacto y su facilidad de implementaci\u00f3n, el Cypher redise\u00f1ado establece el punto de referencia para la reconocida combinaci\u00f3n de estilo y utilidad de Microtech en nuestra l\u00ednea premium.<\/p>\n<p>Presupuesto:<br \/>\n Longitud de la hoja: 8,75 cm<br \/>\n Largo cerrado: 12,5 cm<br \/>\n Longitud total: 21,25 cm.<br \/>\n Acero de la hoja: acero inoxidable Bohler M390MK<br \/>\n Estilo de hoja: Daga de doble filo<br \/>\n Rectificado de la hoja: Plano<br \/>\n Acabado de la hoja: Apocal\u00edptico<br \/>\n Material del mango: Aluminio negro fresado<br \/>\n Mecanismo de bloqueo: Deslizante<br \/>\n Clip de bolsillo: Titanio con bola de cer\u00e1mica (plegable hacia abajo, derecha\/izquierda)<br \/>\n Peso: 3,88 onzas.<br \/>\n Dise\u00f1adores: Deryk Munroe y Tony Marfione<br \/>\n Hecho en EE. UU. https:\/\/youtu.be\/xE9TeOFYEjg<\/p>\n<p>&nbsp;<\/p>\n","protected":false},"excerpt":{"rendered":"<p><strong>A lo largo de los a\u00f1os, Microtech\u00ae Knives ha llenado los cuchillos con pasi\u00f3n y habilidad para crear casi obras de arte que son el pin\u00e1culo de la funcionalidad. Todas las piezas se fabrican en los EE. UU.<\/strong><br \/>\n<strong>Todos los cuchillos Microtech vienen con una garant\u00eda de por vida.<\/strong><\/p>\n<p><strong>Transporte gratuito.<\/strong><\/p>\n","protected":false},"featured_media":365285,"comment_status":"open","ping_status":"closed","template":"","meta":[],"pwb-brand":[3752],"product_brand":[],"product_cat":[3726,3729],"product_tag":[],"class_list":{"0":"post-365302","1":"product","2":"type-product","3":"status-publish","4":"has-post-thumbnail","6":"pwb-brand-microtecnologia","7":"product_cat-cuchillos","8":"product_cat-cuchillos-de-tiro","10":"first","11":"outofstock","12":"taxable","13":"shipping-taxable","14":"purchasable","15":"product-type-simple"},"brands":[{"id":3752,"name":"microtecnolog\u00eda","slug":"microtecnologia"}],"_links":{"self":[{"href":"https:\/\/www.moskito.cz\/es\/wp-json\/wp\/v2\/product\/365302","targetHints":{"allow":["GET"]}}],"collection":[{"href":"https:\/\/www.moskito.cz\/es\/wp-json\/wp\/v2\/product"}],"about":[{"href":"https:\/\/www.moskito.cz\/es\/wp-json\/wp\/v2\/types\/product"}],"replies":[{"embeddable":true,"href":"https:\/\/www.moskito.cz\/es\/wp-json\/wp\/v2\/comments?post=365302"}],"wp:featuredmedia":[{"embeddable":true,"href":"https:\/\/www.moskito.cz\/es\/wp-json\/wp\/v2\/media\/365285"}],"wp:attachment":[{"href":"https:\/\/www.moskito.cz\/es\/wp-json\/wp\/v2\/media?parent=365302"}],"wp:term":[{"taxonomy":"pwb-brand","embeddable":true,"href":"https:\/\/www.moskito.cz\/es\/wp-json\/wp\/v2\/pwb-brand?post=365302"},{"taxonomy":"product_brand","embeddable":true,"href":"https:\/\/www.moskito.cz\/es\/wp-json\/wp\/v2\/product_brand?post=365302"},{"taxonomy":"product_cat","embeddable":true,"href":"https:\/\/www.moskito.cz\/es\/wp-json\/wp\/v2\/product_cat?post=365302"},{"taxonomy":"product_tag","embeddable":true,"href":"https:\/\/www.moskito.cz\/es\/wp-json\/wp\/v2\/product_tag?post=365302"}],"curies":[{"name":"wp","href":"https:\/\/api.w.org\/{rel}","templated":true}]}}