{"id":368692,"date":"2024-11-06T10:02:31","date_gmt":"2024-11-06T09:02:31","guid":{"rendered":"https:\/\/www.moskito.cz\/?post_type=product&#038;p=368692"},"modified":"2025-05-07T11:26:03","modified_gmt":"2025-05-07T10:26:03","slug":"extrema-ratio-kh-satin-04-1000-0170-sat-blk","status":"publish","type":"product","link":"https:\/\/www.moskito.cz\/es\/produkt\/extrema-ratio-kh-satin-04-1000-0170-sat-blk\/","title":{"rendered":"Extrema Ratio KH SATIN 04.1000.0170 \/ SAT-BLK"},"content":{"rendered":"<p><strong>Extrema Ratio<\/strong> KH SATIN 04.1000.0170 \/ SAT-BLK<\/p>\n<p>Dob\u0159e motivovan\u00e1 klasika. \u00abkukri\u00bb, v\u00edce\u00fa\u010delov\u00fd nep\u00e1lsk\u00fd n\u00e1stroj, kter\u00fd proslavil Rgt. Gurka, ve slu\u017eb\u00e1ch Jeho Britsk\u00e9ho Veli\u010denstva a odvozen\u00fd ze staro\u0159eck\u00fdch sokol\u00edch me\u010d\u016f, nen\u00ed nic jin\u00e9ho ne\u017e pokro\u010dil\u00e1 sekac\u00ed ma\u010deta. Tento pokrok v \u0159ez\u00e1n\u00ed umo\u017e\u0148uje replikovat funk\u010dnost sekery p\u0159i zachov\u00e1n\u00ed v\u0161estrannosti dlouh\u00e9 \u010depele. Spole\u010dnost Extrema Ratio, kter\u00e1 dok\u00e1zala spojit star\u00e9 a modern\u00ed koncepty, vytvo\u0159ila n\u011bkolik n\u00e1stroj\u016f pat\u0159\u00edc\u00edch do t\u00e9to kategorie, v\u010detn\u011b KH.<\/p>\n<p>\u010cepel t\u00e9to ma\u010dety m\u00e1 diferencovan\u00e9 brou\u0161en\u00ed. V bl\u00edzkosti rukojeti je \u010depel nabrou\u0161ena jako b\u0159itva, aby bylo mo\u017en\u00e9 dos\u00e1hnout \u00fazk\u00e9ho \u00fahlu ost\u0159en\u00ed bez nadm\u011brn\u00e9ho ovlivn\u011bn\u00ed tlou\u0161\u0165ky h\u0159betn\u00edho materi\u00e1lu, kter\u00fd mus\u00ed z\u016fstat pevn\u00fd. Brou\u0161en\u00ed na konci \u010depele je v\u0161ak ploch\u00e9 a dob\u0159e zahnut\u00e9, aby bez n\u00e1mahy proniklo do d\u0159eva a vegetace.<\/p>\n<p>Obvykle jsou tyto n\u00e1stroje vyrobeny z m\u011bkk\u00e9 oceli, aby byly pru\u017en\u011bj\u0161\u00ed a snadn\u011bji se brousily. Spole\u010dnosti Extrema Ratio se poda\u0159ilo z\u00edskat elastick\u00fd n\u00e1stroj s rozhodn\u011b dlouhotrvaj\u00edc\u00ed a odolnou ostrost\u00ed pou\u017eit\u00edm tvrd\u00e9 oceli, jako je B\u00d6HLER N690. Tato ma\u010deta je vybavena \u010dern\u00fdm pouzdrem na nohy z cordury s \u00falo\u017enou kapsou a bezpe\u010dnostn\u00edm popruhem.<\/p>\n<p>KH je k dispozici ve dvou variant\u00e1ch: \u010cERN\u00c1 (\u010depel s le\u0161t\u011bn\u00fdm povrchem) a SATIN (sat\u00e9nov\u00e1 \u010depel).<\/p>\n<p>V\u00c1HA G.: 650<br \/>\nD\u00c9LKA \u010cEPELE : 34 cm<br \/>\nCELKOV\u00c1 D\u00c9LKA : 49.3 cm<br \/>\nTLOU\u0160\u0164KA \u010cEPELE : 0.63 cm<br \/>\nMATERI\u00c1L \u010cEPELE: B\u00f6HLER N690 STEEL (58HRC)<br \/>\nPOVRCHOV\u00c1 \u00daPRAVA \u010cEPELE: SAT\u00c9N<br \/>\nBROU\u0160EN\u00cd NO\u017dE: BROU\u0160KA\/PLOCH\u00c1 HRANA<br \/>\nMATERI\u00c1L RUKOJETI: FORPRENE<\/p>\n<p>&nbsp;<\/p>\n<p>&nbsp;<\/p>\n","protected":false},"excerpt":{"rendered":"<p><strong>Dob\u0159e motivovan\u00e1 klasika. \u00abkukri\u00bb, v\u00edce\u00fa\u010delov\u00fd nep\u00e1lsk\u00fd n\u00e1stroj, kter\u00fd proslavil Rgt. Gurka, ve slu\u017eb\u00e1ch Jeho Britsk\u00e9ho Veli\u010denstva a odvozen\u00fd ze staro\u0159eck\u00fdch sokol\u00edch me\u010d\u016f, nen\u00ed nic jin\u00e9ho ne\u017e pokro\u010dil\u00e1 sekac\u00ed ma\u010deta.<\/strong><\/p>\n<p><strong>Doprava zdarma.<\/strong><\/p>\n","protected":false},"featured_media":368693,"comment_status":"open","ping_status":"closed","template":"","meta":[],"pwb-brand":[267],"product_brand":[],"product_cat":[23,17],"product_tag":[],"class_list":{"0":"post-368692","1":"product","2":"type-product","3":"status-publish","4":"has-post-thumbnail","6":"pwb-brand-extrema-ratio","7":"product_cat-pevne-noze","8":"product_cat-noze","10":"first","11":"instock","12":"taxable","13":"shipping-taxable","14":"purchasable","15":"product-type-simple"},"brands":[{"id":267,"name":"Extrema Ratio","slug":"extrema-ratio"}],"_links":{"self":[{"href":"https:\/\/www.moskito.cz\/es\/wp-json\/wp\/v2\/product\/368692","targetHints":{"allow":["GET"]}}],"collection":[{"href":"https:\/\/www.moskito.cz\/es\/wp-json\/wp\/v2\/product"}],"about":[{"href":"https:\/\/www.moskito.cz\/es\/wp-json\/wp\/v2\/types\/product"}],"replies":[{"embeddable":true,"href":"https:\/\/www.moskito.cz\/es\/wp-json\/wp\/v2\/comments?post=368692"}],"wp:featuredmedia":[{"embeddable":true,"href":"https:\/\/www.moskito.cz\/es\/wp-json\/wp\/v2\/media\/368693"}],"wp:attachment":[{"href":"https:\/\/www.moskito.cz\/es\/wp-json\/wp\/v2\/media?parent=368692"}],"wp:term":[{"taxonomy":"pwb-brand","embeddable":true,"href":"https:\/\/www.moskito.cz\/es\/wp-json\/wp\/v2\/pwb-brand?post=368692"},{"taxonomy":"product_brand","embeddable":true,"href":"https:\/\/www.moskito.cz\/es\/wp-json\/wp\/v2\/product_brand?post=368692"},{"taxonomy":"product_cat","embeddable":true,"href":"https:\/\/www.moskito.cz\/es\/wp-json\/wp\/v2\/product_cat?post=368692"},{"taxonomy":"product_tag","embeddable":true,"href":"https:\/\/www.moskito.cz\/es\/wp-json\/wp\/v2\/product_tag?post=368692"}],"curies":[{"name":"wp","href":"https:\/\/api.w.org\/{rel}","templated":true}]}}