{"id":374209,"date":"2024-11-19T18:32:22","date_gmt":"2024-11-19T17:32:22","guid":{"rendered":"https:\/\/www.moskito.cz\/?post_type=product&#038;p=374209"},"modified":"2025-05-07T11:26:24","modified_gmt":"2025-05-07T10:26:24","slug":"pevny-nuz-benchmade-bushcrafter-163-1","status":"publish","type":"product","link":"https:\/\/www.moskito.cz\/es\/produkt\/pevny-nuz-benchmade-bushcrafter-163-1\/","title":{"rendered":"Pevn\u00fd N\u016f\u017e Benchmade Bushcrafter 163-1"},"content":{"rendered":"<p>Pevn\u00fd N\u016f\u017e <strong>Benchmade<\/strong> Bushcrafter 163-1.<\/p>\n<p><strong>Benchmade BM1631 Bushcrafter,<\/strong> navr\u017een\u00fd Shaneem Sibertem, je pr\u00e9miov\u00fdm n\u00e1strojem pro bushcraft a outdoorov\u00e9 aktivity. Tento modern\u00ed n\u016f\u017e s pevnou \u010depel\u00ed stav\u00ed na z\u00e1klad\u011b modelu 162, p\u0159i\u010dem\u017e p\u0159in\u00e1\u0161\u00ed n\u011bkolik v\u00fdznamn\u00fdch vylep\u0161en\u00ed v oblasti ergonomie, materi\u00e1l\u016f a funk\u010dnosti.<\/p>\n<p>Kl\u00ed\u010dov\u00e9 vlastnosti:<br \/>\n\u010cepel:<\/p>\n<p>Materi\u00e1l: Nerezov\u00e1 ocel CPM-S30V (tvrdost 58-60 HRC) pro vynikaj\u00edc\u00ed odolnost proti korozi a dlouhotrvaj\u00edc\u00ed ostrost.<br \/>\nTlou\u0161\u0165ka: 4 166 mm (0,164&#8243;) poskytuje pevnost pro n\u00e1ro\u010dn\u00e9 \u00fakoly.<br \/>\nBrou\u0161en\u00ed: Vysok\u00e9 ploch\u00e9 brou\u0161en\u00ed s le\u0161t\u011bn\u00fdm sat\u00e9nov\u00fdm povrchem.<br \/>\nStyl: Drop Point, ide\u00e1ln\u00ed pro univerz\u00e1ln\u00ed pou\u017eit\u00ed, od p\u0159\u00edpravy d\u0159eva po jemn\u00e9 pr\u00e1ce.<br \/>\nRukoje\u0165:<\/p>\n<p>Materi\u00e1l: Zelen\u00e1 G10 s \u010derven\u00fdmi distan\u010dn\u00edmi vlo\u017ekami, kter\u00e1 kombinuje pevnost a n\u00edzkou hmotnost.<br \/>\nErgonomie: Rukoje\u0165 byla p\u0159epracov\u00e1na pro lep\u0161\u00ed uchopen\u00ed a komfort p\u0159i dlouhodob\u00e9m pou\u017e\u00edv\u00e1n\u00ed.<br \/>\nKonstrukce: Upevn\u011bna lisovan\u00fdmi titanov\u00fdmi trubkami.<br \/>\nPouzdro:<\/p>\n<p>Materi\u00e1l: K\u016f\u017ee s modul\u00e1rn\u00edm designem, kter\u00fd obsahuje zacvak\u00e1vac\u00ed popruh a poutko na ferroceriovou ty\u010d, co\u017e zvy\u0161uje prakti\u010dnost v ter\u00e9nu.<br \/>\nSpecifikace:<br \/>\nRozm\u011bry:<\/p>\n<p>D\u00e9lka \u010depele: 11,14 cm<br \/>\nD\u00e9lka rukojeti: 12,94 cm<br \/>\nCelkov\u00e1 d\u00e9lka: 24,08 cm<br \/>\nHmotnost: 218,9 g , co\u017e zaji\u0161\u0165uje robustnost, ani\u017e by byl n\u016f\u017e p\u0159\u00edli\u0161 t\u011b\u017ek\u00fd.<\/p>\n<p>Vyrobeno v USA: Z\u00e1ruka kvality a precizn\u00edho zpracov\u00e1n\u00ed.<\/p>\n<p>Pou\u017eit\u00ed:<br \/>\nModel 163 Bushcrafter je ide\u00e1ln\u00ed pro milovn\u00edky p\u0159\u00edrody, od stavby p\u0159\u00edst\u0159e\u0161k\u016f, p\u0159\u00edpravy d\u0159eva, a\u017e po va\u0159en\u00ed v t\u00e1bo\u0159e. Tento n\u00e1stroj oslov\u00ed survivalisty i ka\u017edodenn\u00ed outdoorov\u00e9 nad\u0161ence d\u00edky sv\u00e9 kombinaci odolnosti, funk\u010dnosti a estetick\u00e9ho proveden\u00ed.<\/p>\n<p>Pokud hled\u00e1te n\u016f\u017e, kter\u00fd zvl\u00e1dne v\u0161echny v\u00fdzvy p\u0159\u00edrody a p\u0159itom vypad\u00e1 skv\u011ble, BM1631 je tou pravou volbou.<\/p>\n","protected":false},"excerpt":{"rendered":"<p><strong>Model 163 Bushcrafter je ide\u00e1ln\u00ed pro milovn\u00edky p\u0159\u00edrody, od stavby p\u0159\u00edst\u0159e\u0161k\u016f, p\u0159\u00edpravy d\u0159eva, a\u017e po va\u0159en\u00ed v t\u00e1bo\u0159e. Tento n\u00e1stroj oslov\u00ed survivalisty i ka\u017edodenn\u00ed outdoorov\u00e9 nad\u0161ence d\u00edky sv\u00e9 kombinaci odolnosti, funk\u010dnosti a estetick\u00e9ho proveden\u00ed.<\/strong><\/p>\n<p><strong>Doprava zdarma.<\/strong><\/p>\n","protected":false},"featured_media":374210,"comment_status":"open","ping_status":"closed","template":"","meta":[],"pwb-brand":[3960],"product_brand":[],"product_cat":[23,17],"product_tag":[],"class_list":{"0":"post-374209","1":"product","2":"type-product","3":"status-publish","4":"has-post-thumbnail","6":"pwb-brand-benchmade","7":"product_cat-pevne-noze","8":"product_cat-noze","10":"first","11":"instock","12":"taxable","13":"shipping-taxable","14":"purchasable","15":"product-type-simple"},"brands":[{"id":3960,"name":"Benchmade","slug":"benchmade"}],"_links":{"self":[{"href":"https:\/\/www.moskito.cz\/es\/wp-json\/wp\/v2\/product\/374209","targetHints":{"allow":["GET"]}}],"collection":[{"href":"https:\/\/www.moskito.cz\/es\/wp-json\/wp\/v2\/product"}],"about":[{"href":"https:\/\/www.moskito.cz\/es\/wp-json\/wp\/v2\/types\/product"}],"replies":[{"embeddable":true,"href":"https:\/\/www.moskito.cz\/es\/wp-json\/wp\/v2\/comments?post=374209"}],"wp:featuredmedia":[{"embeddable":true,"href":"https:\/\/www.moskito.cz\/es\/wp-json\/wp\/v2\/media\/374210"}],"wp:attachment":[{"href":"https:\/\/www.moskito.cz\/es\/wp-json\/wp\/v2\/media?parent=374209"}],"wp:term":[{"taxonomy":"pwb-brand","embeddable":true,"href":"https:\/\/www.moskito.cz\/es\/wp-json\/wp\/v2\/pwb-brand?post=374209"},{"taxonomy":"product_brand","embeddable":true,"href":"https:\/\/www.moskito.cz\/es\/wp-json\/wp\/v2\/product_brand?post=374209"},{"taxonomy":"product_cat","embeddable":true,"href":"https:\/\/www.moskito.cz\/es\/wp-json\/wp\/v2\/product_cat?post=374209"},{"taxonomy":"product_tag","embeddable":true,"href":"https:\/\/www.moskito.cz\/es\/wp-json\/wp\/v2\/product_tag?post=374209"}],"curies":[{"name":"wp","href":"https:\/\/api.w.org\/{rel}","templated":true}]}}