{"id":376085,"date":"2024-11-22T08:39:35","date_gmt":"2024-11-22T07:39:35","guid":{"rendered":"https:\/\/www.moskito.cz\/?post_type=product&#038;p=376085"},"modified":"2026-04-01T10:42:29","modified_gmt":"2026-04-01T09:42:29","slug":"zaviraci-nuz-crkt-squid-compact-2485b","status":"publish","type":"product","link":"https:\/\/www.moskito.cz\/es\/produkt\/zaviraci-nuz-crkt-squid-compact-2485b\/","title":{"rendered":"Zav\u00edrac\u00ed N\u016f\u017e CRKT Squid Compact 2485B"},"content":{"rendered":"<div class=\"flex-1 overflow-hidden @container\/thread\">\n<div class=\"h-full\">\n<div class=\"react-scroll-to-bottom--css-quzxw-79elbk h-full\">\n<div class=\"react-scroll-to-bottom--css-quzxw-1n7m0yu\">\n<div class=\"flex flex-col text-sm md:pb-9\">\n<article class=\"w-full scroll-mb-[var(--thread-trailing-height,150px)] text-token-text-primary focus-visible:outline-2 focus-visible:outline-offset-[-4px]\" dir=\"auto\" data-testid=\"conversation-turn-89\" data-scroll-anchor=\"true\">\n<div class=\"m-auto text-base py-[18px] px-3 md:px-4 w-full md:px-5 lg:px-4 xl:px-5\">\n<div class=\"mx-auto flex flex-1 gap-4 text-base md:gap-5 lg:gap-6 md:max-w-3xl\">\n<div class=\"group\/conversation-turn relative flex w-full min-w-0 flex-col agent-turn\">\n<div class=\"flex-col gap-1 md:gap-3\">\n<div class=\"flex max-w-full flex-col flex-grow\">\n<div class=\"min-h-8 text-message flex w-full flex-col items-end gap-2 whitespace-normal break-words text-start [.text-message+&amp;]:mt-5\" dir=\"auto\" data-message-author-role=\"assistant\" data-message-id=\"5ce0fe07-3ed8-4801-85e6-c614d4a70664\" data-message-model-slug=\"gpt-4o-mini\">\n<div class=\"flex w-full flex-col gap-1 empty:hidden first:pt-[3px]\">\n<div class=\"markdown prose w-full break-words dark:prose-invert light\">\n<p><strong>Zav\u00edrac\u00ed N\u016f\u017e CRKT Squid Compact 2485B<\/strong> je <strong>kompaktn\u00ed, praktick\u00fd a spolehliv\u00fd n\u016f\u017e<\/strong> ide\u00e1ln\u00ed pro ka\u017edodenn\u00ed no\u0161en\u00ed (EDC). Tento n\u016f\u017e je navr\u017een tak, aby spojil <strong>v\u00fdkon<\/strong>, <strong>odolnost<\/strong> a <strong>snadnou p\u0159enosnost<\/strong>. S kvalitn\u00edmi komponenty a <strong>ergonomick\u00fdmi designov\u00fdmi prvky<\/strong> je perfektn\u00ed volbou pro u\u017eivatele, kte\u0159\u00ed hledaj\u00ed v\u0161estrann\u00fd n\u00e1stroj na r\u016fzn\u00e9 ka\u017edodenn\u00ed \u00fakoly. D\u00edky jeho kompaktn\u00ed velikosti a skv\u00e9l\u00e9 funk\u010dnosti se pohodln\u011b vejde do kapsy, co\u017e z n\u011bj d\u011bl\u00e1 ide\u00e1ln\u00ed volbu pro ka\u017edodenn\u00ed no\u0161en\u00ed.<\/p>\n<h3><strong>Hlavn\u00ed vlastnosti CRKT Squid Compact 2485B:<\/strong><\/h3>\n<h4><strong>\u010cepel:<\/strong><\/h4>\n<ul>\n<li><strong>Materi\u00e1l:<\/strong> \u010cepel je vyrobena z <strong>oceli D2<\/strong>, kter\u00e1 je zn\u00e1m\u00e1 svou <strong>vynikaj\u00edc\u00ed trvanlivost\u00ed<\/strong>, <strong>odolnost\u00ed proti opot\u0159eben\u00ed<\/strong> a <strong>vysokou retenc\u00ed ostrosti<\/strong>. Tato ocel je obl\u00edben\u00e1 pro dlouhou \u017eivotnost a schopnost udr\u017eet ostr\u00fd \u0159ezn\u00fd okraj.<\/li>\n<li><strong>Tvar ost\u0159\u00ed:<\/strong> <strong>Hladk\u00e9 (plain)<\/strong> ost\u0159\u00ed, kter\u00e9 je ide\u00e1ln\u00ed pro p\u0159esn\u00e9 a \u010dist\u00e9 \u0159ez\u00e1n\u00ed. Tento typ ost\u0159\u00ed je velmi univerz\u00e1ln\u00ed a hod\u00ed se pro \u0161irokou \u0161k\u00e1lu \u00fakol\u016f.<\/li>\n<li><strong>Povrchov\u00e1 \u00faprava:<\/strong> <strong>Stonewash<\/strong> povrchov\u00e1 \u00faprava dod\u00e1v\u00e1 \u010depeli matn\u00fd a odoln\u00fd vzhled, kter\u00fd skv\u011ble maskuje \u0161kr\u00e1bance a opot\u0159eben\u00ed b\u011bhem pou\u017e\u00edv\u00e1n\u00ed.<\/li>\n<\/ul>\n<h4><strong>Otev\u00edrac\u00ed mechanismus:<\/strong><\/h4>\n<ul>\n<li><strong>Asistovan\u00e9 otev\u00edr\u00e1n\u00ed:<\/strong> N\u016f\u017e m\u00e1 <strong>flipper<\/strong> a <strong>pojis\u0165ku na palec<\/strong>, co\u017e poskytuje dv\u011b ergonomick\u00e9 mo\u017enosti pro snadn\u00e9 a rychl\u00e9 otev\u0159en\u00ed no\u017ee. Tento syst\u00e9m usnad\u0148uje otev\u00edr\u00e1n\u00ed no\u017ee v n\u00e1ro\u010dn\u00fdch situac\u00edch, a to i jednou rukou.<\/li>\n<li><strong>IKBS\u2122 lo\u017eiska:<\/strong> Tento model je vybaven <strong>IKBS\u2122 (Integrated Knife Bearing System)<\/strong> lo\u017eiskov\u00fdm mechanismem, kter\u00fd zaji\u0161\u0165uje plynul\u00e9 a p\u0159esn\u00e9 otev\u00edr\u00e1n\u00ed, sni\u017euje t\u0159en\u00ed a zvy\u0161uje kontrolu nad pohybem \u010depele.<\/li>\n<\/ul>\n<h4><strong>Rukoje\u0165:<\/strong><\/h4>\n<ul>\n<li><strong>Materi\u00e1l:<\/strong> <strong>G10<\/strong> rukoje\u0165 poskytuje <strong>v\u00fdborn\u00fd \u00fachop<\/strong>, i kdy\u017e je ruka mokr\u00e1 nebo kluzk\u00e1. G10 je odoln\u00fd kompozitn\u00ed materi\u00e1l, kter\u00fd zaru\u010duje pevnost a trvanlivost.<\/li>\n<li><strong>Design:<\/strong> Rukoje\u0165 je navr\u017eena pro <strong>pohodln\u00fd \u00fachop<\/strong> a <strong>ergonomii<\/strong>, co\u017e zaji\u0161\u0165uje maxim\u00e1ln\u00ed kontrolu p\u0159i pr\u00e1ci s no\u017eem.<\/li>\n<\/ul>\n<h4><strong>Zaji\u0161t\u011bn\u00ed \u010depele:<\/strong><\/h4>\n<ul>\n<li><strong>Frame Lock:<\/strong> Tento n\u016f\u017e pou\u017e\u00edv\u00e1 <strong>Frame Lock syst\u00e9m<\/strong>, kter\u00fd zaji\u0161\u0165uje <strong>bezpe\u010dn\u00e9 uzam\u010den\u00ed \u010depele<\/strong> v otev\u0159en\u00e9 poloze. Tento mechanismus je obl\u00edben\u00fd pro svou spolehlivost a jednoduchost, a je velmi efektivn\u00ed pro zaji\u0161t\u011bn\u00ed bezpe\u010dnosti p\u0159i pou\u017e\u00edv\u00e1n\u00ed no\u017ee.<\/li>\n<\/ul>\n<h4><strong>N\u00edzk\u00fd profil pro no\u0161en\u00ed:<\/strong><\/h4>\n<ul>\n<li><strong>Klip na opasek:<\/strong> N\u016f\u017e je vybaven <strong>kovov\u00fdm kapesn\u00edm klipem<\/strong>, kter\u00fd umo\u017e\u0148uje <strong>pohodln\u00e9 no\u0161en\u00ed<\/strong> a <strong>diskr\u00e9tn\u00ed p\u0159enos<\/strong> no\u017ee. Tento klip zaji\u0161\u0165uje, \u017ee n\u016f\u017e z\u016fstane pevn\u011b na sv\u00e9m m\u00edst\u011b, a je snadno dostupn\u00fd, kdy\u017e je pot\u0159eba.<\/li>\n<\/ul>\n<h3><strong>Specifikace:<\/strong><\/h3>\n<ul>\n<li><strong>Materi\u00e1l \u010depele:<\/strong> Ocel D2 (vysokouhl\u00edkov\u00e1 ocel s vynikaj\u00edc\u00edmi vlastnostmi pro uchov\u00e1n\u00ed ostrosti)<\/li>\n<li><strong>Ost\u0159\u00ed \u010depele:<\/strong> Hladk\u00e9 (Plain)<\/li>\n<li><strong>Povrchov\u00e1 \u00faprava \u010depele:<\/strong> Stonewash (matn\u00e1, odoln\u00e1 povrchov\u00e1 \u00faprava)<\/li>\n<li><strong>D\u00e9lka \u010depele:<\/strong> 44,40 mm (1,75 palce)<\/li>\n<li><strong>Tlou\u0161\u0165ka \u010depele:<\/strong> 2,69 mm (0,11 palce)<\/li>\n<li><strong>Celkov\u00e1 d\u00e9lka:<\/strong> 118,01 mm (4,65 palce)<\/li>\n<li><strong>D\u00e9lka ve slo\u017een\u00e9m stavu:<\/strong> 74,42 mm (2,93 palce)<\/li>\n<li><strong>Hmotnost:<\/strong> 62,37 g (2,20 oz)<\/li>\n<\/ul>\n<h3><strong>Rukoje\u0165:<\/strong><\/h3>\n<ul>\n<li><strong>Materi\u00e1l rukojeti:<\/strong> G10 (odoln\u00fd materi\u00e1l z vl\u00e1ken sklen\u011bn\u00fdch tkanin)<\/li>\n<li><strong>Zaji\u0161t\u011bn\u00ed:<\/strong> Frame Lock<\/li>\n<\/ul>\n<h3><strong>Pou\u017eit\u00ed:<\/strong><\/h3>\n<p>N\u016f\u017e <strong>Squid Compact<\/strong> je navr\u017een pro <strong>ka\u017edodenn\u00ed no\u0161en\u00ed (EDC)<\/strong> a je ide\u00e1ln\u00ed pro \u0161irokou \u0161k\u00e1lu <strong>b\u011b\u017en\u00fdch \u00fakol\u016f<\/strong>, jako je <strong>otev\u00edr\u00e1n\u00ed bal\u00ed\u010dk\u016f<\/strong>, <strong>\u0159ez\u00e1n\u00ed<\/strong>, <strong>kr\u00e1jen\u00ed<\/strong> nebo manipulace s materi\u00e1ly. D\u00edky kompaktn\u00ed velikosti je snadno p\u0159enosn\u00fd, tak\u017ee je ide\u00e1ln\u00ed pro lidi, kte\u0159\u00ed hledaj\u00ed <strong>v\u00fdkonn\u00fd n\u00e1stroj<\/strong>, kter\u00fd se pohodln\u011b vejde do kapsy nebo ta\u0161ky. <strong>Asistovan\u00e9 otev\u00edr\u00e1n\u00ed<\/strong> a <strong>Frame Lock<\/strong> syst\u00e9m zaji\u0161\u0165uj\u00ed nejen pohodln\u00e9 a rychl\u00e9 otev\u0159en\u00ed, ale i bezpe\u010dn\u00e9 pou\u017e\u00edv\u00e1n\u00ed no\u017ee.<\/p>\n<h3><strong>Z\u00e1v\u011br:<\/strong><\/h3>\n<p><strong>CRKT Squid Compact 2485B<\/strong> je <strong>kompaktn\u00ed, spolehliv\u00fd a odoln\u00fd n\u016f\u017e<\/strong> pro ka\u017edodenn\u00ed pou\u017eit\u00ed. Vyzna\u010duje se kvalitn\u00edmi materi\u00e1ly jako je <strong>ocel D2<\/strong> a <strong>G10<\/strong>, a nab\u00edz\u00ed <strong>asistovan\u00e9 otev\u00edr\u00e1n\u00ed<\/strong>, co\u017e z n\u011bj \u010din\u00ed vynikaj\u00edc\u00ed volbu pro v\u0161echny, kte\u0159\u00ed hledaj\u00ed <strong>funk\u010dn\u00ed a p\u0159enosn\u00fd n\u00e1stroj<\/strong>. D\u00edky <strong>frame lock syst\u00e9mu<\/strong> je nav\u00edc velmi bezpe\u010dn\u00fd a snadno ovladateln\u00fd, co\u017e je ide\u00e1ln\u00ed pro ka\u017edodenn\u00ed n\u00e1roky. Pokud hled\u00e1te kompaktn\u00ed a v\u00fdkonn\u00fd n\u016f\u017e pro ka\u017edodenn\u00ed \u00fakoly, Squid Compact je v\u00fdbornou volbou.<\/p>\n<\/div>\n<\/div>\n<\/div>\n<\/div>\n<div class=\"mb-2 flex gap-3 empty:hidden -ml-2\">\n<div class=\"items-center justify-start rounded-xl p-1 flex\">\n<div class=\"flex items-center\"><\/div>\n<\/div>\n<\/div>\n<div class=\"pr-2 lg:pr-0\"><\/div>\n<div class=\"mt-3 w-full empty:hidden\">\n<div class=\"text-center\"><\/div>\n<\/div>\n<\/div>\n<div class=\"absolute\">\n<div class=\"flex items-center justify-center\"><\/div>\n<\/div>\n<\/div>\n<\/div>\n<\/div>\n<\/article>\n<\/div>\n<\/div>\n<\/div>\n<\/div>\n<\/div>\n<div class=\"md:pt-0 dark:border-white\/20 md:border-transparent md:dark:border-transparent w-full\">\n<div>\n<div class=\"m-auto text-base px-3 md:px-4 w-full md:px-5 lg:px-4 xl:px-5\">\n<div class=\"mx-auto flex flex-1 gap-4 text-base md:gap-5 lg:gap-6 md:max-w-3xl\">\n<div class=\"flex justify-center\"><\/div>\n<\/div>\n<\/div>\n<\/div>\n<\/div>\n<p><iframe title=\"CRKT Squid\u2122 Compact | Lucas Burnley Design\" width=\"800\" height=\"450\" src=\"https:\/\/www.youtube.com\/embed\/zxmKZp4Zq_Y?feature=oembed\" frameborder=\"0\" allow=\"accelerometer; autoplay; clipboard-write; encrypted-media; gyroscope; picture-in-picture; web-share\" referrerpolicy=\"strict-origin-when-cross-origin\" allowfullscreen><\/iframe><\/p>\n<p><iframe title=\"Meet Knifemaker and Designer Lucas Burnley\" width=\"800\" height=\"450\" src=\"https:\/\/www.youtube.com\/embed\/GC8WctypoNo?feature=oembed\" frameborder=\"0\" allow=\"accelerometer; autoplay; clipboard-write; encrypted-media; gyroscope; picture-in-picture; web-share\" referrerpolicy=\"strict-origin-when-cross-origin\" allowfullscreen><\/iframe><\/p>\n<p><iframe title=\"CRKT ASSISTED OPENING | How It Works\" width=\"800\" height=\"450\" src=\"https:\/\/www.youtube.com\/embed\/QUSQFRDMrEI?feature=oembed\" frameborder=\"0\" allow=\"accelerometer; autoplay; clipboard-write; encrypted-media; gyroscope; picture-in-picture; web-share\" referrerpolicy=\"strict-origin-when-cross-origin\" allowfullscreen><\/iframe><\/p>\n<p>&nbsp;<\/p>\n","protected":false},"excerpt":{"rendered":"<p><strong>CRKT Squid Compact 2485B je kompaktn\u00ed, spolehliv\u00fd a odoln\u00fd n\u016f\u017e pro ka\u017edodenn\u00ed pou\u017eit\u00ed. Vyzna\u010duje se kvalitn\u00edmi materi\u00e1ly jako je ocel D2 a G10, a nab\u00edz\u00ed asistovan\u00e9 otev\u00edr\u00e1n\u00ed, co\u017e z n\u011bj \u010din\u00ed vynikaj\u00edc\u00ed volbu pro v\u0161echny, kte\u0159\u00ed hledaj\u00ed funk\u010dn\u00ed a p\u0159enosn\u00fd n\u00e1stroj. D\u00edky frame lock syst\u00e9mu je nav\u00edc velmi bezpe\u010dn\u00fd a snadno ovladateln\u00fd, co\u017e je ide\u00e1ln\u00ed pro ka\u017edodenn\u00ed n\u00e1roky. Pokud hled\u00e1te kompaktn\u00ed a v\u00fdkonn\u00fd n\u016f\u017e pro ka\u017edodenn\u00ed \u00fakoly, Squid Compact je v\u00fdbornou volbou.<\/strong><\/p>\n","protected":false},"featured_media":376086,"comment_status":"open","ping_status":"closed","template":"","meta":[],"pwb-brand":[209],"product_brand":[],"product_cat":[22,17],"product_tag":[],"class_list":{"0":"post-376085","1":"product","2":"type-product","3":"status-publish","4":"has-post-thumbnail","6":"pwb-brand-crkt","7":"product_cat-zaviraci-noze","8":"product_cat-noze","10":"first","11":"instock","12":"taxable","13":"shipping-taxable","14":"purchasable","15":"product-type-simple"},"brands":[{"id":209,"name":"CRKT","slug":"crkt"}],"_links":{"self":[{"href":"https:\/\/www.moskito.cz\/es\/wp-json\/wp\/v2\/product\/376085","targetHints":{"allow":["GET"]}}],"collection":[{"href":"https:\/\/www.moskito.cz\/es\/wp-json\/wp\/v2\/product"}],"about":[{"href":"https:\/\/www.moskito.cz\/es\/wp-json\/wp\/v2\/types\/product"}],"replies":[{"embeddable":true,"href":"https:\/\/www.moskito.cz\/es\/wp-json\/wp\/v2\/comments?post=376085"}],"wp:featuredmedia":[{"embeddable":true,"href":"https:\/\/www.moskito.cz\/es\/wp-json\/wp\/v2\/media\/376086"}],"wp:attachment":[{"href":"https:\/\/www.moskito.cz\/es\/wp-json\/wp\/v2\/media?parent=376085"}],"wp:term":[{"taxonomy":"pwb-brand","embeddable":true,"href":"https:\/\/www.moskito.cz\/es\/wp-json\/wp\/v2\/pwb-brand?post=376085"},{"taxonomy":"product_brand","embeddable":true,"href":"https:\/\/www.moskito.cz\/es\/wp-json\/wp\/v2\/product_brand?post=376085"},{"taxonomy":"product_cat","embeddable":true,"href":"https:\/\/www.moskito.cz\/es\/wp-json\/wp\/v2\/product_cat?post=376085"},{"taxonomy":"product_tag","embeddable":true,"href":"https:\/\/www.moskito.cz\/es\/wp-json\/wp\/v2\/product_tag?post=376085"}],"curies":[{"name":"wp","href":"https:\/\/api.w.org\/{rel}","templated":true}]}}