{"id":377949,"date":"2024-11-25T11:04:27","date_gmt":"2024-11-26T08:40:46","guid":{"rendered":"https:\/\/www.moskito.cz\/produkt\/cuchillo-plegable-spartan-blades-talos-sfbl7bk\/"},"modified":"2025-05-07T11:26:49","modified_gmt":"2025-05-07T10:26:49","slug":"cuchillo-plegable-spartan-blades-talos-sfbl7bk","status":"publish","type":"product","link":"https:\/\/www.moskito.cz\/es\/produkt\/cuchillo-plegable-spartan-blades-talos-sfbl7bk\/","title":{"rendered":"Cuchillo plegable Spartan Blades TALOS SFBL7BK"},"content":{"rendered":"<p>Navaja plegable <strong>Spartan Blades<\/strong> TALOS SFBL7BK. Presentamos TALOS Folder, un compa\u00f1ero liviano y magistralmente dise\u00f1ado cuidadosamente elaborado en colaboraci\u00f3n con nuestro estimado amigo y colaborador William W. Harsey Jr. Esta maravilla delgada y liviana est\u00e1 dise\u00f1ada para ser el transportador ideal para todos los d\u00edas que maneja una amplia gama de tareas con facilidad gracias a su cuidadoso dise\u00f1o, hoja premium CTS-XHP y clip de bolsillo profundo.<\/p>\n<p>Propiedades clave:<\/p>\n<p>Dise\u00f1o bien pensado: a pesar de su tama\u00f1o compacto, la carpeta TALOS ofrece un dise\u00f1o que enfatiza la funcionalidad para las tareas diarias. Desde arroyos repletos de truchas hasta los desplazamientos diarios, este peque\u00f1o pero potente compa\u00f1ero puede con todo.<br \/>\n Hoja premium CTS-XHP: La plegadora TALOS cuenta con una hoja CTS-XHP premium de 3.120&#8243; conocida por su durabilidad y retenci\u00f3n de bordes superiores, lo que garantiza una larga vida \u00fatil del cuchillo.<br \/>\n Clip de transporte de bolsillo profundo: El clip de transporte profundo permite un transporte discreto y seguro, lo que le permite llevar el TALOS con confianza a donde quiera que vaya en su aventura.<br \/>\n Sistema de buje de bronce con infusi\u00f3n de aceite (OIBBS): Como parte de nuestro compromiso con la innovaci\u00f3n, todos los cuchillos de grado Bronce (campo) est\u00e1n equipados con el \u00abSistema de buje de bronce con infusi\u00f3n de aceite\u00bb. Los cojinetes de bronce sinterizado impregnados de aceite reducen la fricci\u00f3n de la hoja, lo que garantiza una apertura firme pero suave. Este sistema destaca por los movimientos lentos, el uso intermitente y las cargas desiguales t\u00edpicos de las navajas plegables.   <\/p>\n<p>Especificaciones:<\/p>\n<p>Dise\u00f1adores: William W. Harsey Jr.<br \/>\n Longitud de la hoja: 7,93 cm<br \/>\n Grosor de la hoja: 0,30 cm.<br \/>\n Longitud total: 17,78 cm<br \/>\n Peso: 66 gramos<br \/>\n Acero de la hoja: Premium CTS-XHP<br \/>\n Dureza de la hoja: 58-60 HRC<br \/>\n Estilo de hoja: plegable, parte trasera recta, rectificado plano.<br \/>\n Superficie de la hoja: Vaso<br \/>\n Marco: Liner Lock, negro texturizado G-10<br \/>\n Artesan\u00eda que va m\u00e1s all\u00e1 de lo com\u00fan: mejore su experiencia diaria con la navaja TALOS Folder, un testimonio de la artesan\u00eda y la colaboraci\u00f3n entre Spartan Blades y William W. Harsey Jr. Ya sea navegando por arroyos salvajes o superando paisajes urbanos, TALOS es su compa\u00f1ero confiable y elegante. <\/p>\n<p>&nbsp;<\/p>\n","protected":false},"excerpt":{"rendered":"<p><strong>Presentamos la carpeta TALOS, un compa\u00f1ero liviano y magistralmente dise\u00f1ado cuidadosamente elaborado en colaboraci\u00f3n con nuestro estimado amigo y colaborador William W. Harsey Jr. Dise\u00f1ada como un transporte ideal para el d\u00eda a d\u00eda, esta maravilla delgada y liviana puede realizar f\u00e1cilmente una amplia gama de tareas gracias a su dise\u00f1o cuidadoso, su hoja CTS-XHP premium y su clip de bolsillo profundo. <\/strong><\/p>\n","protected":false},"featured_media":377189,"comment_status":"open","ping_status":"closed","template":"","meta":[],"pwb-brand":[3838],"product_brand":[],"product_cat":[3730,3726],"product_tag":[],"class_list":{"0":"post-377949","1":"product","2":"type-product","3":"status-publish","4":"has-post-thumbnail","6":"pwb-brand-espadas-espartanas","7":"product_cat-cuchillas-de-cierre","8":"product_cat-cuchillos","10":"first","11":"instock","12":"taxable","13":"shipping-taxable","14":"purchasable","15":"product-type-simple"},"brands":[{"id":3838,"name":"Espadas espartanas","slug":"espadas-espartanas"}],"_links":{"self":[{"href":"https:\/\/www.moskito.cz\/es\/wp-json\/wp\/v2\/product\/377949","targetHints":{"allow":["GET"]}}],"collection":[{"href":"https:\/\/www.moskito.cz\/es\/wp-json\/wp\/v2\/product"}],"about":[{"href":"https:\/\/www.moskito.cz\/es\/wp-json\/wp\/v2\/types\/product"}],"replies":[{"embeddable":true,"href":"https:\/\/www.moskito.cz\/es\/wp-json\/wp\/v2\/comments?post=377949"}],"wp:featuredmedia":[{"embeddable":true,"href":"https:\/\/www.moskito.cz\/es\/wp-json\/wp\/v2\/media\/377189"}],"wp:attachment":[{"href":"https:\/\/www.moskito.cz\/es\/wp-json\/wp\/v2\/media?parent=377949"}],"wp:term":[{"taxonomy":"pwb-brand","embeddable":true,"href":"https:\/\/www.moskito.cz\/es\/wp-json\/wp\/v2\/pwb-brand?post=377949"},{"taxonomy":"product_brand","embeddable":true,"href":"https:\/\/www.moskito.cz\/es\/wp-json\/wp\/v2\/product_brand?post=377949"},{"taxonomy":"product_cat","embeddable":true,"href":"https:\/\/www.moskito.cz\/es\/wp-json\/wp\/v2\/product_cat?post=377949"},{"taxonomy":"product_tag","embeddable":true,"href":"https:\/\/www.moskito.cz\/es\/wp-json\/wp\/v2\/product_tag?post=377949"}],"curies":[{"name":"wp","href":"https:\/\/api.w.org\/{rel}","templated":true}]}}