{"id":378358,"date":"2024-11-26T17:29:23","date_gmt":"2024-11-26T16:29:23","guid":{"rendered":"https:\/\/www.moskito.cz\/?post_type=product&#038;p=378358"},"modified":"2025-05-07T11:26:54","modified_gmt":"2025-05-07T10:26:54","slug":"pevny-nuz-extrema-ratio-coltello-a-s-f-k-x-brigatae-anniversarium-limited-edition","status":"publish","type":"product","link":"https:\/\/www.moskito.cz\/es\/produkt\/pevny-nuz-extrema-ratio-coltello-a-s-f-k-x-brigatae-anniversarium-limited-edition\/","title":{"rendered":"Pevn\u00fd N\u016f\u017e Extrema Ratio COLTELLO A.S.F.K. X BRIGATAE ANNIVERSARIUM LIMITED EDITION"},"content":{"rendered":"<p>Pevn\u00fd N\u016f\u017e <strong>Extrema Ratio<\/strong> COLTELLO A.S.F.K. X BRIGATAE ANNIVERSARIUM LIMITED EDITION.<\/p>\n<p>Extrema Ratio p\u0159edstavuje v limitovan\u00e9 edici k desetilet\u00e9mu v\u00fdro\u010d\u00ed COMFOSE (Vojensk\u00e9 speci\u00e1ln\u00ed s\u00edly Italsk\u00e9 arm\u00e1dy) model \u00abA.S.F.K. X BRIGATAE ANNIVERSARIUM LIMITED EDITION\u00bb, kter\u00fd je vyroben pouze v 70 kusech. A.S.F.K. (Assault Special Forces Knife) je n\u016f\u017e ur\u010den\u00fd pro a pou\u017e\u00edvan\u00fd vojensk\u00fdmi speci\u00e1ln\u00edmi silami. Tento model se inspiruje tradic\u00ed arditismu a krut\u00fdmi bitvami z prvn\u00ed sv\u011btov\u00e9 v\u00e1lky, kdy se voj\u00e1ci \u00fa\u010dastnili \u00fatok\u016f s b\u00edlou zbran\u00ed. A.S.F.K. je modern\u00ed verz\u00ed tradi\u010dn\u00edho trhac\u00edho no\u017ee (trench knife).<\/p>\n<p>A.S.F.K. X BRIGATAE ANNIVERSARIUM LIMITED EDITION je vybaven rukojet\u00ed z Forprene s prstencovou ochranou pro pou\u017eit\u00ed jako n\u00e1stroj na rozb\u00edjen\u00ed skla. \u010cepel je vyrobena z oceli B\u00f6hler N690, kalen\u00e1 na tvrdost 58 HRC a opat\u0159ena povrchovou \u00fapravou MIL-C-13924. Jej\u00ed unik\u00e1tn\u00ed Geotech Camo kamufl\u00e1\u017en\u00ed vzor je vytvo\u0159en laserov\u00fdm grav\u00edrov\u00e1n\u00edm. K no\u017ei je dod\u00e1v\u00e1n pouzdro z kordury v barv\u011b coyote, kter\u00e9 obsahuje popruh pro upevn\u011bn\u00ed na bok a syst\u00e9m M.O.L.L.E., co\u017e umo\u017e\u0148uje p\u0159ipevn\u011bn\u00ed na taktick\u00e9 vesty nebo b\u011b\u017en\u00e9 opasky.<\/p>\n<p>N\u016f\u017e je ulo\u017een v technick\u00e9 kuf\u0159\u00edku z polypropylenu, kter\u00fd je vodot\u011bsn\u00fd a m\u00e1 certifikaci IP67. Tento kuf\u0159\u00edk je odoln\u00fd v\u016f\u010di pov\u011btrnostn\u00edm podm\u00ednk\u00e1m, prachu a n\u00e1raz\u016fm. Uvnit\u0159 kuf\u0159\u00edku je um\u00edst\u011bna kovov\u00e1 desti\u010dka s ozna\u010den\u00edm v\u00fdrobn\u00ed s\u00e9rie limitovan\u00e9 edice 70 kus\u016f.<\/p>\n<p>Specifikace:<\/p>\n<p>\u010cepel: Ocel B\u00f6hler N690<br \/>\nRukoje\u0165: Forprene s protiskluzovou \u00fapravou<br \/>\nPouzdro: Kordura<br \/>\nPovrchov\u00e1 \u00faprava \u010depele: Brunitura MIL-C-13924<br \/>\nTyp \u010depele: Drop point, \u010d\u00e1ste\u010dn\u011b zubat\u00e1<br \/>\nTvrdost \u010depele: 58 HRC<br \/>\nCelkov\u00e1 d\u00e9lka: 289 mm<br \/>\nD\u00e9lka \u010depele: 162 mm<br \/>\nTlou\u0161\u0165ka \u010depele: 6,4 mm<br \/>\nHmotnost: 413 g<br \/>\nObsahuje pouzdro z kordury a kuf\u0159\u00edk<br \/>\nVyrobeno v It\u00e1lii<\/p>\n<p>Tento n\u016f\u017e je k dispozici pouze v omezen\u00e9m mno\u017estv\u00ed 70 kus\u016f a je vysoce cen\u011bn sb\u011brateli a profesion\u00e1ly.<\/p>\n<p>&nbsp;<\/p>\n","protected":false},"excerpt":{"rendered":"<p><strong>Extrema Ratio p\u0159edstavuje v limitovan\u00e9 edici k desetilet\u00e9mu v\u00fdro\u010d\u00ed COMFOSE (Vojensk\u00e9 speci\u00e1ln\u00ed s\u00edly Italsk\u00e9 arm\u00e1dy) model \u00abA.S.F.K. X BRIGATAE ANNIVERSARIUM LIMITED EDITION\u00bb, kter\u00fd je vyroben pouze v 70 kusech. A.S.F.K. (Assault Special Forces Knife) je n\u016f\u017e ur\u010den\u00fd pro a pou\u017e\u00edvan\u00fd vojensk\u00fdmi speci\u00e1ln\u00edmi silami. Tento model se inspiruje tradic\u00ed arditismu a krut\u00fdmi bitvami z prvn\u00ed sv\u011btov\u00e9 v\u00e1lky, kdy se voj\u00e1ci \u00fa\u010dastnili \u00fatok\u016f s b\u00edlou zbran\u00ed. A.S.F.K. je modern\u00ed verz\u00ed tradi\u010dn\u00edho trhac\u00edho no\u017ee (trench knife).<\/strong><\/p>\n<p><strong>Doprava zdarma.<\/strong><\/p>\n","protected":false},"featured_media":378359,"comment_status":"open","ping_status":"closed","template":"","meta":[],"pwb-brand":[267],"product_brand":[],"product_cat":[23,17],"product_tag":[],"class_list":{"0":"post-378358","1":"product","2":"type-product","3":"status-publish","4":"has-post-thumbnail","6":"pwb-brand-extrema-ratio","7":"product_cat-pevne-noze","8":"product_cat-noze","10":"first","11":"instock","12":"taxable","13":"shipping-taxable","14":"purchasable","15":"product-type-simple"},"brands":[{"id":267,"name":"Extrema Ratio","slug":"extrema-ratio"}],"_links":{"self":[{"href":"https:\/\/www.moskito.cz\/es\/wp-json\/wp\/v2\/product\/378358","targetHints":{"allow":["GET"]}}],"collection":[{"href":"https:\/\/www.moskito.cz\/es\/wp-json\/wp\/v2\/product"}],"about":[{"href":"https:\/\/www.moskito.cz\/es\/wp-json\/wp\/v2\/types\/product"}],"replies":[{"embeddable":true,"href":"https:\/\/www.moskito.cz\/es\/wp-json\/wp\/v2\/comments?post=378358"}],"wp:featuredmedia":[{"embeddable":true,"href":"https:\/\/www.moskito.cz\/es\/wp-json\/wp\/v2\/media\/378359"}],"wp:attachment":[{"href":"https:\/\/www.moskito.cz\/es\/wp-json\/wp\/v2\/media?parent=378358"}],"wp:term":[{"taxonomy":"pwb-brand","embeddable":true,"href":"https:\/\/www.moskito.cz\/es\/wp-json\/wp\/v2\/pwb-brand?post=378358"},{"taxonomy":"product_brand","embeddable":true,"href":"https:\/\/www.moskito.cz\/es\/wp-json\/wp\/v2\/product_brand?post=378358"},{"taxonomy":"product_cat","embeddable":true,"href":"https:\/\/www.moskito.cz\/es\/wp-json\/wp\/v2\/product_cat?post=378358"},{"taxonomy":"product_tag","embeddable":true,"href":"https:\/\/www.moskito.cz\/es\/wp-json\/wp\/v2\/product_tag?post=378358"}],"curies":[{"name":"wp","href":"https:\/\/api.w.org\/{rel}","templated":true}]}}