{"id":378531,"date":"2024-11-27T09:01:33","date_gmt":"2024-11-27T08:01:33","guid":{"rendered":"https:\/\/www.moskito.cz\/?post_type=product&#038;p=378531"},"modified":"2025-05-07T11:26:56","modified_gmt":"2025-05-07T10:26:56","slug":"kai-stonehenge-sth-1-magneticky-blok-na-noze","status":"publish","type":"product","link":"https:\/\/www.moskito.cz\/es\/produkt\/kai-stonehenge-sth-1-magneticky-blok-na-noze\/","title":{"rendered":"Kai Stonehenge STH-1 Magnetick\u00fd Blok na no\u017ee"},"content":{"rendered":"<p>Kai Stonehenge STH-1 Magnetick\u00fd Blok na no\u017ee.<\/p>\n<p>Kai Stonehenge STH-1 je elegantn\u00ed magnetick\u00fd blok na no\u017ee, kter\u00fd kombinuje pr\u00e9miov\u00e9 materi\u00e1ly \u2013 granit a \u010derven\u00e9 d\u0159evo (redwood). Tento designov\u011b propracovan\u00fd stojan nejen\u017ee poskytuje bezpe\u010dn\u00e9 a stylov\u00e9 ulo\u017een\u00ed va\u0161ich no\u017e\u016f, ale tak\u00e9 skv\u011ble dopl\u0148uje modern\u00ed i tradi\u010dn\u00ed kuchy\u0148sk\u00e9 interi\u00e9ry.<br \/>\nKl\u00ed\u010dov\u00e9 vlastnosti:<\/p>\n<p>Materi\u00e1ly:<br \/>\nGranitov\u00e1 z\u00e1kladna \u2013 stabiln\u00ed a odoln\u00e1, zaji\u0161\u0165uje pevn\u00e9 postaven\u00ed bloku.<br \/>\n\u010cerven\u00e9 d\u0159evo (redwood) \u2013 kvalitn\u00ed d\u0159evo s v\u00fdraznou kresbou, kter\u00e9 p\u0159id\u00e1v\u00e1 p\u0159\u00edrodn\u00ed a luxusn\u00ed vzhled.<br \/>\nMagnetick\u00fd mechanismus \u2013 siln\u00e9 magnety bezpe\u010dn\u011b dr\u017e\u00ed no\u017ee na m\u00edst\u011b, umo\u017e\u0148uj\u00ed snadn\u00fd p\u0159\u00edstup a zaji\u0161\u0165uj\u00ed, \u017ee \u010depele z\u016fst\u00e1vaj\u00ed ostr\u00e9 a nepo\u0161kozen\u00e9.<br \/>\nUniverz\u00e1ln\u00ed pou\u017eit\u00ed \u2013 vhodn\u00fd pro r\u016fzn\u00e9 typy a velikosti no\u017e\u016f, od kuchy\u0148sk\u00fdch po japonsk\u00e9.<\/p>\n<p>V\u00fdhody:<\/p>\n<p>Design: Minimalistick\u00fd a estetick\u00fd vzhled pro ka\u017edou kuchy\u0148.<br \/>\nBezpe\u010dnost: No\u017ee jsou viditeln\u011b uspo\u0159\u00e1d\u00e1ny, co\u017e minimalizuje riziko poran\u011bn\u00ed.<br \/>\nOdolnost: Kvalitn\u00ed materi\u00e1ly zaru\u010duj\u00ed dlouhou \u017eivotnost a odolnost v\u016f\u010di opot\u0159eben\u00ed.<\/p>\n<p>Pokud hled\u00e1te funk\u010dn\u00ed a stylov\u00e9 \u0159e\u0161en\u00ed pro ukl\u00e1d\u00e1n\u00ed no\u017e\u016f, Kai Stonehenge STH-1 je vynikaj\u00edc\u00ed volbou.<\/p>\n<p>Barva: \u010derven\u00e1, \u010dern\u00e1<br \/>\nD\u00e9lka: 20,9 cm<br \/>\n\u0160\u00ed\u0159ka: 20,9 cm<br \/>\nMateri\u00e1l: \u017eula, d\u0159evo<\/p>\n","protected":false},"excerpt":{"rendered":"<p><strong>Kai Stonehenge STH-1 je elegantn\u00ed magnetick\u00fd blok na no\u017ee, kter\u00fd kombinuje pr\u00e9miov\u00e9 materi\u00e1ly \u2013 granit a \u010derven\u00e9 d\u0159evo (redwood). Tento designov\u011b propracovan\u00fd stojan nejen\u017ee poskytuje bezpe\u010dn\u00e9 a stylov\u00e9 ulo\u017een\u00ed va\u0161ich no\u017e\u016f, ale tak\u00e9 skv\u011ble dopl\u0148uje modern\u00ed i tradi\u010dn\u00ed kuchy\u0148sk\u00e9 interi\u00e9ry.<\/strong><\/p>\n<p><strong>Doprava zdarma.<\/strong><\/p>\n","protected":false},"featured_media":378532,"comment_status":"open","ping_status":"closed","template":"","meta":[],"pwb-brand":[2071],"product_brand":[],"product_cat":[21],"product_tag":[],"class_list":{"0":"post-378531","1":"product","2":"type-product","3":"status-publish","4":"has-post-thumbnail","6":"pwb-brand-kai","7":"product_cat-kuchynske-noze","9":"first","10":"instock","11":"taxable","12":"shipping-taxable","13":"purchasable","14":"product-type-simple"},"brands":[{"id":2071,"name":"Kai","slug":"kai"}],"_links":{"self":[{"href":"https:\/\/www.moskito.cz\/es\/wp-json\/wp\/v2\/product\/378531","targetHints":{"allow":["GET"]}}],"collection":[{"href":"https:\/\/www.moskito.cz\/es\/wp-json\/wp\/v2\/product"}],"about":[{"href":"https:\/\/www.moskito.cz\/es\/wp-json\/wp\/v2\/types\/product"}],"replies":[{"embeddable":true,"href":"https:\/\/www.moskito.cz\/es\/wp-json\/wp\/v2\/comments?post=378531"}],"wp:featuredmedia":[{"embeddable":true,"href":"https:\/\/www.moskito.cz\/es\/wp-json\/wp\/v2\/media\/378532"}],"wp:attachment":[{"href":"https:\/\/www.moskito.cz\/es\/wp-json\/wp\/v2\/media?parent=378531"}],"wp:term":[{"taxonomy":"pwb-brand","embeddable":true,"href":"https:\/\/www.moskito.cz\/es\/wp-json\/wp\/v2\/pwb-brand?post=378531"},{"taxonomy":"product_brand","embeddable":true,"href":"https:\/\/www.moskito.cz\/es\/wp-json\/wp\/v2\/product_brand?post=378531"},{"taxonomy":"product_cat","embeddable":true,"href":"https:\/\/www.moskito.cz\/es\/wp-json\/wp\/v2\/product_cat?post=378531"},{"taxonomy":"product_tag","embeddable":true,"href":"https:\/\/www.moskito.cz\/es\/wp-json\/wp\/v2\/product_tag?post=378531"}],"curies":[{"name":"wp","href":"https:\/\/api.w.org\/{rel}","templated":true}]}}