{"id":378919,"date":"2024-11-28T13:52:03","date_gmt":"2024-11-28T12:52:03","guid":{"rendered":"https:\/\/www.moskito.cz\/?post_type=product&#038;p=378919"},"modified":"2025-07-18T16:42:35","modified_gmt":"2025-07-18T15:42:35","slug":"kuchynsky-nuz-arcos-verduras-147722","status":"publish","type":"product","link":"https:\/\/www.moskito.cz\/es\/produkt\/kuchynsky-nuz-arcos-verduras-147722\/","title":{"rendered":"Kuchy\u0148sk\u00fd N\u016f\u017e ARCOS D\u00daO 147722"},"content":{"rendered":"<p>Kuchy\u0148sk\u00fd N\u016f\u017e ARCOS D\u00daO 147722.<\/p>\n<p>N\u016f\u017e na chleba ARCOS D\u00daO 200 mm (model 147722) je vysoce kvalitn\u00ed kuchy\u0148sk\u00fd n\u00e1stroj navr\u017een\u00fd pro p\u0159esnost a dlouhou \u017eivotnost. Zde jsou jeho hlavn\u00ed vlastnosti:<br \/>\nSpecifikace:<\/p>\n<p>D\u00e9lka \u010depele: 200 mm (cca 8 palc\u016f).<\/p>\n<p>Materi\u00e1l:<br \/>\n\u010cepel: Vyrobena z nerezov\u00e9 oceli NITRUM\u00ae, exkluzivn\u00ed technologie zna\u010dky ARCOS. Tento materi\u00e1l zaji\u0161\u0165uje vysokou ostrost, odolnost a ochranu proti korozi.<br \/>\nRukoje\u0165: Z polypropylenu (PP), co\u017e je lehk\u00fd a hygienick\u00fd materi\u00e1l, odoln\u00fd v\u016f\u010di n\u00e1raz\u016fm, vysok\u00fdm teplot\u00e1m a chemik\u00e1li\u00edm.<\/p>\n<p>Design: S\u00e9rie D\u00daO klade d\u016fraz na ergonomick\u00fd a modern\u00ed design, kter\u00fd zaji\u0161\u0165uje pohodl\u00ed p\u0159i del\u0161\u00edm pou\u017e\u00edv\u00e1n\u00ed.<\/p>\n<p>Funk\u010dnost: Zubat\u00e1 \u010depel je ide\u00e1ln\u00ed pro kr\u00e1jen\u00ed chleba a dal\u0161\u00edch potravin s tvrd\u0161\u00ed k\u016frkou a m\u011bkk\u00fdm vnit\u0159kem. Zaji\u0161\u0165uje \u010dist\u00e9 \u0159ezy bez deformace.<\/p>\n<p>\u00dadr\u017eba: Lze m\u00fdt v my\u010dce n\u00e1dob\u00ed, ale pro zachov\u00e1n\u00ed ostrosti a dlouh\u00e9 \u017eivotnosti \u010depele se doporu\u010duje ru\u010dn\u00ed myt\u00ed.<\/p>\n<p>Tento n\u016f\u017e je skv\u011blou volbou jak pro profesion\u00e1ln\u00ed kucha\u0159e, tak pro dom\u00e1c\u00ed pou\u017eit\u00ed.<\/p>\n","protected":false},"excerpt":{"rendered":"<p><strong>Tento n\u016f\u017e je skv\u011blou volbou jak pro profesion\u00e1ln\u00ed kucha\u0159e, tak pro dom\u00e1c\u00ed pou\u017eit\u00ed.<\/strong><\/p>\n","protected":false},"featured_media":378920,"comment_status":"open","ping_status":"closed","template":"","meta":[],"pwb-brand":[1950],"product_brand":[],"product_cat":[21],"product_tag":[],"class_list":{"0":"post-378919","1":"product","2":"type-product","3":"status-publish","4":"has-post-thumbnail","6":"pwb-brand-arcos","7":"product_cat-kuchynske-noze","9":"first","10":"instock","11":"taxable","12":"shipping-taxable","13":"purchasable","14":"product-type-simple"},"brands":[{"id":1950,"name":"Arcos","slug":"arcos"}],"_links":{"self":[{"href":"https:\/\/www.moskito.cz\/es\/wp-json\/wp\/v2\/product\/378919","targetHints":{"allow":["GET"]}}],"collection":[{"href":"https:\/\/www.moskito.cz\/es\/wp-json\/wp\/v2\/product"}],"about":[{"href":"https:\/\/www.moskito.cz\/es\/wp-json\/wp\/v2\/types\/product"}],"replies":[{"embeddable":true,"href":"https:\/\/www.moskito.cz\/es\/wp-json\/wp\/v2\/comments?post=378919"}],"wp:featuredmedia":[{"embeddable":true,"href":"https:\/\/www.moskito.cz\/es\/wp-json\/wp\/v2\/media\/378920"}],"wp:attachment":[{"href":"https:\/\/www.moskito.cz\/es\/wp-json\/wp\/v2\/media?parent=378919"}],"wp:term":[{"taxonomy":"pwb-brand","embeddable":true,"href":"https:\/\/www.moskito.cz\/es\/wp-json\/wp\/v2\/pwb-brand?post=378919"},{"taxonomy":"product_brand","embeddable":true,"href":"https:\/\/www.moskito.cz\/es\/wp-json\/wp\/v2\/product_brand?post=378919"},{"taxonomy":"product_cat","embeddable":true,"href":"https:\/\/www.moskito.cz\/es\/wp-json\/wp\/v2\/product_cat?post=378919"},{"taxonomy":"product_tag","embeddable":true,"href":"https:\/\/www.moskito.cz\/es\/wp-json\/wp\/v2\/product_tag?post=378919"}],"curies":[{"name":"wp","href":"https:\/\/api.w.org\/{rel}","templated":true}]}}