{"id":381248,"date":"2024-12-03T18:01:23","date_gmt":"2024-12-09T11:51:16","guid":{"rendered":"https:\/\/www.moskito.cz\/produkt\/cuchillo-de-tiro-microtech-hera-ii-apocaliptico-1705-10apnc\/"},"modified":"2025-05-07T11:27:14","modified_gmt":"2025-05-07T10:27:14","slug":"cuchillo-de-tiro-microtech-hera-ii-apocaliptico-1705-10apnc","status":"publish","type":"product","link":"https:\/\/www.moskito.cz\/es\/produkt\/cuchillo-de-tiro-microtech-hera-ii-apocaliptico-1705-10apnc\/","title":{"rendered":"Cuchillo de Tiro Microtech Hera II Apocal\u00edptico 1705-10APNC"},"content":{"rendered":"<p>Cuchillo de tiro <strong>Microtech<\/strong> Hera II Apocalyptic 1705-10APNC. El Microtech Hera II es un cuchillo muy sofisticado dise\u00f1ado para los amantes de los cuchillos autom\u00e1ticos de calidad que aprecian tanto la funcionalidad como la est\u00e9tica. El modelo MT170510APNC Hera II Full Size OTF Auto en la variante Apocalyptic Natural Clear ofrece no solo una excelente comodidad para el usuario, sino tambi\u00e9n un dise\u00f1o sofisticado que llama la atenci\u00f3n a primera vista. Caracter\u00edsticas clave:<br \/>\n OTF (Out-The-Front) autom\u00e1tica de doble capa: Hera II es una navaja con mecanismo OTF de doble acci\u00f3n, lo que significa que la hoja se extiende y se retrae con el movimiento de un \u00fanico elemento de control.<br \/>\n Dise\u00f1o del marco: La inspiraci\u00f3n en el modelo Troodon es clara, pero el Hera II aporta un enfoque m\u00e1s moderno con un marco ergon\u00f3micamente mejorado.<br \/>\n El mango est\u00e1 profundamente grabado con una superficie lisa y sin tornillos visibles, lo que le da un aspecto minimalista y elegante.<br \/>\n Ergonom\u00eda y agarre: Hay parches mecanizados en los extremos del mango, que no solo mejoran el agarre, sino que tambi\u00e9n pertenecen a la est\u00e9tica.<br \/>\n Gracias a estos detalles, el cuchillo se adapta perfectamente a la mano y es adecuado para un uso prolongado.<br \/>\n Funcionalidad: S\u00f3lo un tornillo es visible en el extremo posterior del clip de bolsillo.<br \/>\n El clip de bolsillo es reversible, lo que permite el uso del cuchillo tanto por parte de diestros como de zurdos.<br \/>\n Apocalyptic Natural Clear: El acabado de la superficie de estilo apocal\u00edptico le da al cuchillo un aspecto \u00fanico que ser\u00e1 apreciado especialmente por los coleccionistas y entusiastas de los cuchillos t\u00e1cticos. El Microtech Hera II es verdaderamente el buque insignia entre los cuchillos OTF (Out-The-Front), y supera los l\u00edmites de combinar funcionalidad y perfecci\u00f3n est\u00e9tica. Este modelo es un ejemplo de c\u00f3mo la ingenier\u00eda de precisi\u00f3n y el dise\u00f1o art\u00edstico pueden combinarse armoniosamente en un instrumento que sobresale en todos los aspectos. \u00bfPor qu\u00e9 elegir Hera II?<br \/>\n Tama\u00f1o ideal:<br \/>\n El Hera II est\u00e1 dise\u00f1ado para proporcionar la robustez necesaria para el uso t\u00e1ctico, al mismo tiempo que es lo suficientemente delgado y liviano para su transporte diario (EDC). Este cuchillo equilibra perfectamente la funcionalidad pr\u00e1ctica y el dise\u00f1o elegante. Perfecta ergonom\u00eda:<br \/>\n La forma del mango ha sido cuidadosamente dise\u00f1ada para ofrecer comodidad durante un uso prolongado y sus elaborados detalles proporcionan un agarre seguro en condiciones exigentes.<\/p>\n<p>Longitud de la hoja: 10,16 cm<br \/>\n Filo: 9,53 cm.<br \/>\n Largo cerrado: 13,84 cm<br \/>\n Longitud total: 24 cm<br \/>\n Acero de la hoja: acero inoxidable Bohler M390MK<br \/>\n Grosor de la hoja: 0,34 cm.<br \/>\n Estilo de hoja: recurvo<br \/>\n Rectificado de la hoja: Plano<br \/>\n Acabado de la hoja: Apocal\u00edptico<br \/>\n Material del mango: Aluminio aeron\u00e1utico transparente natural con grabado profundo<br \/>\n Grosor del mango: 1,28 cm.<br \/>\n Mecanismo de bloqueo: Deslizamiento del pulgar<br \/>\n Clip de bolsillo: Titanio (plegable, uso derecho\/izquierdo)<br \/>\n Peso: 140g<br \/>\n Dise\u00f1adores: Tony y Sean Marfione<br \/>\n Hecho en: EE.UU.<\/p>\n","protected":false},"excerpt":{"rendered":"<p><strong>El Microtech Hera II es verdaderamente el buque insignia entre los cuchillos OTF (Out-The-Front), y supera los l\u00edmites de combinar funcionalidad y perfecci\u00f3n est\u00e9tica. Este modelo es un ejemplo de c\u00f3mo la ingenier\u00eda de precisi\u00f3n y el dise\u00f1o art\u00edstico pueden combinarse armoniosamente en un instrumento que sobresale en todos los aspectos. <\/strong><\/p>\n<p><strong>Transporte gratuito.<\/strong><\/p>\n","protected":false},"featured_media":380149,"comment_status":"open","ping_status":"closed","template":"","meta":[],"pwb-brand":[3752],"product_brand":[],"product_cat":[3726,3729],"product_tag":[],"class_list":{"0":"post-381248","1":"product","2":"type-product","3":"status-publish","4":"has-post-thumbnail","6":"pwb-brand-microtecnologia","7":"product_cat-cuchillos","8":"product_cat-cuchillos-de-tiro","10":"first","11":"outofstock","12":"taxable","13":"shipping-taxable","14":"purchasable","15":"product-type-simple"},"brands":[{"id":3752,"name":"microtecnolog\u00eda","slug":"microtecnologia"}],"_links":{"self":[{"href":"https:\/\/www.moskito.cz\/es\/wp-json\/wp\/v2\/product\/381248","targetHints":{"allow":["GET"]}}],"collection":[{"href":"https:\/\/www.moskito.cz\/es\/wp-json\/wp\/v2\/product"}],"about":[{"href":"https:\/\/www.moskito.cz\/es\/wp-json\/wp\/v2\/types\/product"}],"replies":[{"embeddable":true,"href":"https:\/\/www.moskito.cz\/es\/wp-json\/wp\/v2\/comments?post=381248"}],"wp:featuredmedia":[{"embeddable":true,"href":"https:\/\/www.moskito.cz\/es\/wp-json\/wp\/v2\/media\/380149"}],"wp:attachment":[{"href":"https:\/\/www.moskito.cz\/es\/wp-json\/wp\/v2\/media?parent=381248"}],"wp:term":[{"taxonomy":"pwb-brand","embeddable":true,"href":"https:\/\/www.moskito.cz\/es\/wp-json\/wp\/v2\/pwb-brand?post=381248"},{"taxonomy":"product_brand","embeddable":true,"href":"https:\/\/www.moskito.cz\/es\/wp-json\/wp\/v2\/product_brand?post=381248"},{"taxonomy":"product_cat","embeddable":true,"href":"https:\/\/www.moskito.cz\/es\/wp-json\/wp\/v2\/product_cat?post=381248"},{"taxonomy":"product_tag","embeddable":true,"href":"https:\/\/www.moskito.cz\/es\/wp-json\/wp\/v2\/product_tag?post=381248"}],"curies":[{"name":"wp","href":"https:\/\/api.w.org\/{rel}","templated":true}]}}