{"id":381252,"date":"2024-12-02T22:25:54","date_gmt":"2024-12-09T11:51:36","guid":{"rendered":"https:\/\/www.moskito.cz\/produkt\/cuchillo-de-tiro-microtech-scarab-ii-gen-iii-1278-2t\/"},"modified":"2025-05-07T11:27:14","modified_gmt":"2025-05-07T10:27:14","slug":"cuchillo-de-tiro-microtech-scarab-ii-gen-iii-1278-2t","status":"publish","type":"product","link":"https:\/\/www.moskito.cz\/es\/produkt\/cuchillo-de-tiro-microtech-scarab-ii-gen-iii-1278-2t\/","title":{"rendered":"Cuchillo de tiro Microtech Scarab II Gen III 1278-2T"},"content":{"rendered":"<p>Cuchillo de tiro <strong>Microtech<\/strong> Scarab II Gen III 1278-2T. El Microtech Scarab II Gen III (n\u00famero de modelo MT12782T) es un cuchillo autom\u00e1tico t\u00e1ctico Out the Front (OTF) de alta calidad, basado en el dise\u00f1o original de Microtech Ultratech. Construido para soportar condiciones extremas, destaca en operaciones encubiertas de alta intensidad. El Scarab II est\u00e1 dise\u00f1ado espec\u00edficamente para una amplia gama de aplicaciones t\u00e1cticas, de utilidad y de combate, lo que lo hace ideal para su uso por parte de fuerzas del orden, personal militar y agencias gubernamentales. Caracter\u00edsticas clave:<br \/>\n Dise\u00f1o OTF de doble acci\u00f3n y con una sola mano: la hoja se desliza hacia adentro y hacia afuera con una mano.<br \/>\n Mango: Presenta un dise\u00f1o ergon\u00f3mico y de f\u00e1cil agarre con una superficie texturizada antideslizante e inserciones en ambos lados para brindar excelente control y comodidad.<br \/>\n Durabilidad: Fabricado con los m\u00e1s altos est\u00e1ndares de confiabilidad y seguridad, incluso en situaciones extremas.<br \/>\n Usos: Adecuado para profesionales involucrados en el cumplimiento de la ley, operaciones militares y tareas de agencias gubernamentales.<br \/>\n Esta versi\u00f3n del Scarab II ofrece la misma confiabilidad y rendimiento que el original, pero con mejoras que lo hacen a\u00fan m\u00e1s vers\u00e1til y adecuado para operaciones t\u00e1cticas. El Microtech Scarab II es uno de los cuchillos m\u00e1s populares y poderosos de OTF, y el modelo 2023 trae varias mejoras innovadoras manteniendo el tama\u00f1o y el estilo de su predecesor. Este Scarab II actualizado establece un nuevo est\u00e1ndar en tecnolog\u00eda OTF (Out the Front). Caracter\u00edsticas clave del modelo 2023:<br \/>\n Dise\u00f1o exterior: El Scarab II conserva la est\u00e9tica cl\u00e1sica de generaciones anteriores, como las almohadillas de tracci\u00f3n, el dise\u00f1o de tornillos Torx en el chasis y el ic\u00f3nico rompecristales y clip de bolsillo que lo convierten en uno de los estilos m\u00e1s emblem\u00e1ticos de OTF.<br \/>\n Revolucionario sistema de transmisi\u00f3n de dos etapas: este innovador sistema garantiza un acoplamiento suave y un alto rendimiento. El dise\u00f1o de doble resorte permite que la hoja se despliegue con suficiente fuerza para mantener la velocidad y la eficiencia, incluso en condiciones bajo el agua.<br \/>\n Dise\u00f1o de bolsillo con botones actualizado: el nuevo dise\u00f1o reduce la fricci\u00f3n y ayuda a eliminar la suciedad del mecanismo, lo que reduce la necesidad de mantenimiento y limpieza frecuentes. Esta mejora aumenta la fiabilidad y facilidad de uso del cuchillo.<br \/>\n Durabilidad y rendimiento: combinando tecnolog\u00eda de vanguardia con el dise\u00f1o cl\u00e1sico de Microtech, el Scarab II 2023 establece un nuevo est\u00e1ndar para cuchillos OTF duraderos y duraderos, lo que lo convierte en la herramienta perfecta para uso t\u00e1ctico en entornos extremos.<br \/>\n Con sus caracter\u00edsticas innovadoras y su dise\u00f1o atemporal, esta \u00faltima versi\u00f3n del Scarab II es una opci\u00f3n poderosa y confiable para los profesionales t\u00e1cticos.<\/p>\n<p>Estas son las especificaciones del Microtech Scarab II 2023 (modelo MT12782T): Longitud de la hoja: 3,875 pulgadas (9,84 cm) Filo de corte: 3,75 pulgadas (9,53 cm) Longitud cerrada: 5,75 pulgadas (14,61 cm) Longitud total: 9,625 pulgadas (24,45 cm) ) Acero de la hoja: acero inoxidable B\u00f6hler M390 (conocido para una excepcional retenci\u00f3n de bordes y resistencia a la corrosi\u00f3n) Grosor de la hoja: 0,166 pulg. (4,22 mm) Estilo de hoja: Punto de ca\u00edda Afilado de la hoja: plano Acabado de la hoja: Negro Material del mango: Aluminio negro con cinta de tracci\u00f3n 3M Grosor del mango: 0,5875 pulg. (1,49 cm) Mecanismo de bloqueo : Clip de bolsillo deslizante : Acero inoxidable (reversible, resistente al desgaste) derecha\/izquierda) Peso: 5,78 oz (163 g) Dise\u00f1ador: Tony Marfione Construcci\u00f3n: Construcci\u00f3n con tornillo Torx<br \/>\n Surco sangu\u00edneo\/lleno: S\u00ed<br \/>\n Hecho en EE.UU.<br \/>\n C\u00f3digo UPC: 841768165422<br \/>\n El Scarab II combina una construcci\u00f3n robusta, una funcionalidad de precisi\u00f3n y un dise\u00f1o t\u00e1ctico que ofrece confiabilidad y facilidad de uso en situaciones exigentes.<\/p>\n<p>&nbsp;<\/p>\n<p>&nbsp;<\/p>\n","protected":false},"excerpt":{"rendered":"<p><strong>El Scarab II combina una construcci\u00f3n robusta, una funcionalidad de precisi\u00f3n y un dise\u00f1o t\u00e1ctico que ofrece confiabilidad y facilidad de uso en situaciones exigentes. El Scarab II est\u00e1 dise\u00f1ado espec\u00edficamente para una amplia gama de aplicaciones t\u00e1cticas, de utilidad y de combate, lo que lo hace ideal para su uso por parte de fuerzas del orden, personal militar y agencias gubernamentales. <\/strong><\/p>\n<p><strong>Transporte gratuito.<\/strong><\/p>\n","protected":false},"featured_media":380011,"comment_status":"open","ping_status":"closed","template":"","meta":[],"pwb-brand":[3752],"product_brand":[],"product_cat":[3726,3729],"product_tag":[],"class_list":{"0":"post-381252","1":"product","2":"type-product","3":"status-publish","4":"has-post-thumbnail","6":"pwb-brand-microtecnologia","7":"product_cat-cuchillos","8":"product_cat-cuchillos-de-tiro","10":"first","11":"instock","12":"taxable","13":"shipping-taxable","14":"purchasable","15":"product-type-simple"},"brands":[{"id":3752,"name":"microtecnolog\u00eda","slug":"microtecnologia"}],"_links":{"self":[{"href":"https:\/\/www.moskito.cz\/es\/wp-json\/wp\/v2\/product\/381252","targetHints":{"allow":["GET"]}}],"collection":[{"href":"https:\/\/www.moskito.cz\/es\/wp-json\/wp\/v2\/product"}],"about":[{"href":"https:\/\/www.moskito.cz\/es\/wp-json\/wp\/v2\/types\/product"}],"replies":[{"embeddable":true,"href":"https:\/\/www.moskito.cz\/es\/wp-json\/wp\/v2\/comments?post=381252"}],"wp:featuredmedia":[{"embeddable":true,"href":"https:\/\/www.moskito.cz\/es\/wp-json\/wp\/v2\/media\/380011"}],"wp:attachment":[{"href":"https:\/\/www.moskito.cz\/es\/wp-json\/wp\/v2\/media?parent=381252"}],"wp:term":[{"taxonomy":"pwb-brand","embeddable":true,"href":"https:\/\/www.moskito.cz\/es\/wp-json\/wp\/v2\/pwb-brand?post=381252"},{"taxonomy":"product_brand","embeddable":true,"href":"https:\/\/www.moskito.cz\/es\/wp-json\/wp\/v2\/product_brand?post=381252"},{"taxonomy":"product_cat","embeddable":true,"href":"https:\/\/www.moskito.cz\/es\/wp-json\/wp\/v2\/product_cat?post=381252"},{"taxonomy":"product_tag","embeddable":true,"href":"https:\/\/www.moskito.cz\/es\/wp-json\/wp\/v2\/product_tag?post=381252"}],"curies":[{"name":"wp","href":"https:\/\/api.w.org\/{rel}","templated":true}]}}