{"id":381256,"date":"2024-12-02T22:47:45","date_gmt":"2024-12-09T11:51:40","guid":{"rendered":"https:\/\/www.moskito.cz\/produkt\/cuchillo-de-tiro-microtech-hera-ii-tactico-30-aniversario-1705-1t\/"},"modified":"2025-05-07T11:27:15","modified_gmt":"2025-05-07T10:27:15","slug":"cuchillo-de-tiro-microtech-hera-ii-tactico-30-aniversario-1705-1t","status":"publish","type":"product","link":"https:\/\/www.moskito.cz\/es\/produkt\/cuchillo-de-tiro-microtech-hera-ii-tactico-30-aniversario-1705-1t\/","title":{"rendered":"Cuchillo de tiro Microtech Hera II t\u00e1ctico 30 aniversario 1705-1T"},"content":{"rendered":"<p>Cuchillo de tiro <strong>Microtech<\/strong> Hera II t\u00e1ctico 30 aniversario 1705-1T. El Microtech Hera II Full Size OTF Auto (MT17051T30) es una edici\u00f3n especial que celebra los 30 a\u00f1os de Microtech Knives. Esta navaja autom\u00e1tica frontal (OTF) de doble acci\u00f3n es conocida por su llamativo dise\u00f1o y ergonom\u00eda mejorada. Est\u00e1 ligeramente inspirado en el modelo ic\u00f3nico Troodon, pero destaca por sus caracter\u00edsticas \u00fanicas. Caracter\u00edsticas clave de Hera II:<br \/>\n Dise\u00f1o: El Hera II presenta un marco sofisticado y ergon\u00f3mico con parches mecanizados en los extremos del mango, que mejora el agarre y realza su funcionalidad y est\u00e9tica. Mango: El mango est\u00e1 profundamente grabado con un dise\u00f1o cuidadoso y no contiene hardware, lo que a\u00f1ade un toque art\u00edstico y una sensaci\u00f3n t\u00e1ctil excepcional. Construcci\u00f3n: El \u00fanico tornillo visible est\u00e1 ubicado en el extremo trasero, cerca del clip de bolsillo, que es reversible tanto para usuarios diestros como zurdos. Mecanismo de la hoja: Como OTF autom\u00e1tico, la hoja se desliza hacia adentro y hacia afuera f\u00e1cilmente con un mecanismo de doble acci\u00f3n. Otras especificaciones:<br \/>\n Edici\u00f3n del 30 aniversario: Hera II celebra tres d\u00e9cadas de innovaci\u00f3n y presenta un dise\u00f1o especial mejorado. Clip de bolsillo: El clip est\u00e1 hecho de acero inoxidable duradero y es totalmente reversible, lo que permite usarlo con la mano izquierda o derecha. Ergonom\u00eda: El agarre mejorado y la sensaci\u00f3n refinada hacen que el Hera II sea particularmente c\u00f3modo y funcional para uso t\u00e1ctico. Este modelo ejemplifica la artesan\u00eda y la innovaci\u00f3n de Microtech en el mercado de cuchillos OTF, combinando una est\u00e9tica llamativa con un rendimiento excepcional. El OTF Microtech Hera II 30th Anniversary es un cuchillo verdaderamente extraordinario que combina ingenier\u00eda de precisi\u00f3n, dise\u00f1o art\u00edstico y funcionalidad t\u00e1ctica. Dise\u00f1ado para satisfacer las necesidades tanto del combate como del uso diario, representa el pin\u00e1culo de la artesan\u00eda Microtech. La inclusi\u00f3n del logotipo del 30 aniversario hace de esta edici\u00f3n limitada una pieza de colecci\u00f3n y una herramienta de alto rendimiento. Especificaciones clave: Longitud de la hoja: 10,16 cm<br \/>\n Filo: 9,53 cm.<br \/>\n Largo cerrado: 13,84 cm<br \/>\n Longitud total: 23,97 cm.<br \/>\n Acero de la hoja: acero inoxidable Bohler M390MK, conocido por su excepcional retenci\u00f3n de bordes, resistencia a la corrosi\u00f3n y durabilidad general. Grosor de la hoja: 0,335 cm.<br \/>\n Estilo de hoja: Recurva, ideal para rebanar y rebanar. Afilado de la hoja: Plano, asegurando un filo afilado y preciso. Acabado de la hoja: Negro, que le da un aspecto t\u00e1ctico y elegante. Material del mango: Aluminio aeron\u00e1utico negro con grabado profundo para brindar resistencia y una mejor sensaci\u00f3n ergon\u00f3mica. Grosor del mango: 1,28 cm.<br \/>\n Mecanismo de bloqueo: Un pulgar deslizante que ofrece un control seguro, r\u00e1pido e intuitivo para el despliegue y la retracci\u00f3n. Clip de bolsillo: Titanio, con configuraci\u00f3n abatible y transporte ambidiestro (derecho o izquierdo). Peso: 4,94 onzas. Dise\u00f1adores: Tony y Sean Marfione, autores intelectuales de muchos dise\u00f1os innovadores de Microtech. Fabricado en EE.UU.: una marca de calidad y precisi\u00f3n. El Hera II es un excelente ejemplo del compromiso de Microtech de producir cuchillos de vanguardia, funcionales y elegantes. Est\u00e1 destinado a quienes aprecian tanto las ventajas t\u00e1cticas como el arte sofisticado de sus herramientas.<\/p>\n<p>  Ya sea usted un entusiasta, un coleccionista o alguien que aprecia la precisi\u00f3n en el uso diario, el Hera II es una opci\u00f3n llamativa y capaz.<\/p>\n<p>&nbsp;<\/p>\n<p>&nbsp;<\/p>\n<p>&nbsp;<\/p>\n<p>&nbsp;<\/p>\n<p>&nbsp;<\/p>\n","protected":false},"excerpt":{"rendered":"<p><strong>El Hera II es un excelente ejemplo del compromiso de Microtech de producir cuchillos de vanguardia, funcionales y elegantes. Est\u00e1 destinado a quienes aprecian tanto las ventajas t\u00e1cticas como el arte sofisticado de sus herramientas. Ya sea usted un entusiasta, un coleccionista o alguien que aprecia la precisi\u00f3n en el uso diario, el Hera II es una opci\u00f3n llamativa y capaz.  <\/strong><\/p>\n<p><strong>Transporte gratuito.<\/strong><\/p>\n","protected":false},"featured_media":380053,"comment_status":"open","ping_status":"closed","template":"","meta":[],"pwb-brand":[3752],"product_brand":[],"product_cat":[3726,3729],"product_tag":[],"class_list":{"0":"post-381256","1":"product","2":"type-product","3":"status-publish","4":"has-post-thumbnail","6":"pwb-brand-microtecnologia","7":"product_cat-cuchillos","8":"product_cat-cuchillos-de-tiro","10":"first","11":"instock","12":"sale","13":"taxable","14":"shipping-taxable","15":"purchasable","16":"product-type-simple"},"brands":[{"id":3752,"name":"microtecnolog\u00eda","slug":"microtecnologia"}],"_links":{"self":[{"href":"https:\/\/www.moskito.cz\/es\/wp-json\/wp\/v2\/product\/381256","targetHints":{"allow":["GET"]}}],"collection":[{"href":"https:\/\/www.moskito.cz\/es\/wp-json\/wp\/v2\/product"}],"about":[{"href":"https:\/\/www.moskito.cz\/es\/wp-json\/wp\/v2\/types\/product"}],"replies":[{"embeddable":true,"href":"https:\/\/www.moskito.cz\/es\/wp-json\/wp\/v2\/comments?post=381256"}],"wp:featuredmedia":[{"embeddable":true,"href":"https:\/\/www.moskito.cz\/es\/wp-json\/wp\/v2\/media\/380053"}],"wp:attachment":[{"href":"https:\/\/www.moskito.cz\/es\/wp-json\/wp\/v2\/media?parent=381256"}],"wp:term":[{"taxonomy":"pwb-brand","embeddable":true,"href":"https:\/\/www.moskito.cz\/es\/wp-json\/wp\/v2\/pwb-brand?post=381256"},{"taxonomy":"product_brand","embeddable":true,"href":"https:\/\/www.moskito.cz\/es\/wp-json\/wp\/v2\/product_brand?post=381256"},{"taxonomy":"product_cat","embeddable":true,"href":"https:\/\/www.moskito.cz\/es\/wp-json\/wp\/v2\/product_cat?post=381256"},{"taxonomy":"product_tag","embeddable":true,"href":"https:\/\/www.moskito.cz\/es\/wp-json\/wp\/v2\/product_tag?post=381256"}],"curies":[{"name":"wp","href":"https:\/\/api.w.org\/{rel}","templated":true}]}}