{"id":381268,"date":"2024-12-02T23:07:02","date_gmt":"2024-12-09T11:51:54","guid":{"rendered":"https:\/\/www.moskito.cz\/produkt\/cuchillo-de-tiro-microtech-hera-ii-apocaliptico-1705-10apod\/"},"modified":"2025-05-07T11:27:18","modified_gmt":"2025-05-07T10:27:18","slug":"cuchillo-de-tiro-microtech-hera-ii-apocaliptico-1705-10apod","status":"publish","type":"product","link":"https:\/\/www.moskito.cz\/es\/produkt\/cuchillo-de-tiro-microtech-hera-ii-apocaliptico-1705-10apod\/","title":{"rendered":"Cuchillo de Tiro Microtech Hera II Apocal\u00edptico 1705-10APOD"},"content":{"rendered":"<p>Cuchillo de tiro <strong>Microtech<\/strong> Hera II Apocalyptic 1705-10APOD. El Hera II Full Size OTF Auto &#8211; OD Green Apocalyptic Standard de Microtech es un distintivo cuchillo autom\u00e1tico de doble acci\u00f3n inspirado en el ic\u00f3nico modelo Troodon. El Hera II destaca por su ergonom\u00eda mejorada y su intrincado mosaico en los extremos del mango, lo que mejora tanto el agarre como la est\u00e9tica, lo que aumenta el atractivo general. Una de las caracter\u00edsticas m\u00e1s notables es el mango profundamente grabado, que est\u00e1 dise\u00f1ado sin herrajes visibles. Esta caracter\u00edstica le da al cuchillo un toque art\u00edstico \u00fanico manteniendo su integridad funcional. El \u00fanico tornillo visible, ubicado en la parte posterior cerca del clip de bolsillo, es un elemento sutil que mantiene unida toda la estructura. El clip tambi\u00e9n es reversible, lo que hace que el cuchillo sea adecuado tanto para usuarios diestros como zurdos. Este cuchillo combina una artesan\u00eda superior con un dise\u00f1o elegante y pr\u00e1ctico que garantiza utilidad y una impresi\u00f3n visual refinada. El tratamiento \u00abApocal\u00edptico\u00bb de la hoja proporciona una apariencia robusta y distintiva que contribuye a su durabilidad y atractivo t\u00e1ctico. La Hera II es un excelente ejemplo de c\u00f3mo el dise\u00f1o puede combinar sin esfuerzo sofisticaci\u00f3n y funcionalidad, lo que la hace destacar como una de las mejores navajas autom\u00e1ticas OTF (Out-the-Front) en un mercado altamente competitivo. Aunque a menudo compite con otros modelos OTF de Microtech, el cuidadoso dise\u00f1o de Hera realmente lo eleva. Su tama\u00f1o est\u00e1 perfectamente equilibrado para el combate, pero lo suficientemente delgado para el uso diario. La forma est\u00e1 cuidadosamente dise\u00f1ada para lograr el equilibrio ideal entre practicidad y estilo, asegurando que Hera funcione como una herramienta confiable y al mismo tiempo cree una declaraci\u00f3n visual sorprendente. Con sus excelentes detalles t\u00e9cnicos y art\u00edsticos, Hera es una excelente opci\u00f3n para quienes valoran tanto la est\u00e9tica como el rendimiento en sus herramientas cotidianas. Es un verdadero ejemplo de la perfecta integraci\u00f3n de forma y funci\u00f3n. Estas son las especificaciones del MT170510APOD Hera II OTF Auto de tama\u00f1o completo: Longitud de la hoja: 10,16 cm Filo de corte: 9,53 cm Longitud cerrada: 13,84 cm Longitud total: 24,01 cm Grosor de la hoja: 0,34 cm Grosor de los mangos: 1,29 cm Peso: 140,6 g Hoja de acero : Acero inoxidable B\u00f6hler M390MK Estilo de hoja: recurvo Afilado de hoja: plano Acabado de la hoja: apocal\u00edptico Material del mango: OD verde aluminio aeroespacial profundamente grabado Mecanismo de bloqueo: pulgar deslizante<br \/>\n Clip de bolsillo: Titanio (reversible, para uso derecho\/izquierdo)<br \/>\n Dise\u00f1adores: Tony y Sean Marfione<br \/>\n Hecho en EE.UU.<br \/>\n Estas especificaciones destacan los materiales de alta calidad y la atenci\u00f3n al detalle que hacen que el Hera II destaque en la categor\u00eda de cuchillos OTF, combinando robustez con elegancia y practicidad.<\/p>\n<p>&nbsp;<\/p>\n<p>&nbsp;<\/p>\n<p>Usted dijo:<\/p>\n","protected":false},"excerpt":{"rendered":"<p><strong>Este cuchillo combina una artesan\u00eda superior con un dise\u00f1o elegante y pr\u00e1ctico que garantiza utilidad y una impresi\u00f3n visual refinada. El tratamiento \u00abApocal\u00edptico\u00bb de la hoja proporciona una apariencia robusta y distintiva que contribuye a su durabilidad y atractivo t\u00e1ctico. <\/strong><\/p>\n<p><strong>Transporte gratuito.<\/strong><\/p>\n","protected":false},"featured_media":380096,"comment_status":"open","ping_status":"closed","template":"","meta":[],"pwb-brand":[3752],"product_brand":[],"product_cat":[3726,3729],"product_tag":[],"class_list":{"0":"post-381268","1":"product","2":"type-product","3":"status-publish","4":"has-post-thumbnail","6":"pwb-brand-microtecnologia","7":"product_cat-cuchillos","8":"product_cat-cuchillos-de-tiro","10":"first","11":"instock","12":"sale","13":"taxable","14":"shipping-taxable","15":"purchasable","16":"product-type-simple"},"brands":[{"id":3752,"name":"microtecnolog\u00eda","slug":"microtecnologia"}],"_links":{"self":[{"href":"https:\/\/www.moskito.cz\/es\/wp-json\/wp\/v2\/product\/381268","targetHints":{"allow":["GET"]}}],"collection":[{"href":"https:\/\/www.moskito.cz\/es\/wp-json\/wp\/v2\/product"}],"about":[{"href":"https:\/\/www.moskito.cz\/es\/wp-json\/wp\/v2\/types\/product"}],"replies":[{"embeddable":true,"href":"https:\/\/www.moskito.cz\/es\/wp-json\/wp\/v2\/comments?post=381268"}],"wp:featuredmedia":[{"embeddable":true,"href":"https:\/\/www.moskito.cz\/es\/wp-json\/wp\/v2\/media\/380096"}],"wp:attachment":[{"href":"https:\/\/www.moskito.cz\/es\/wp-json\/wp\/v2\/media?parent=381268"}],"wp:term":[{"taxonomy":"pwb-brand","embeddable":true,"href":"https:\/\/www.moskito.cz\/es\/wp-json\/wp\/v2\/pwb-brand?post=381268"},{"taxonomy":"product_brand","embeddable":true,"href":"https:\/\/www.moskito.cz\/es\/wp-json\/wp\/v2\/product_brand?post=381268"},{"taxonomy":"product_cat","embeddable":true,"href":"https:\/\/www.moskito.cz\/es\/wp-json\/wp\/v2\/product_cat?post=381268"},{"taxonomy":"product_tag","embeddable":true,"href":"https:\/\/www.moskito.cz\/es\/wp-json\/wp\/v2\/product_tag?post=381268"}],"curies":[{"name":"wp","href":"https:\/\/api.w.org\/{rel}","templated":true}]}}