{"id":381610,"date":"2024-12-09T21:10:31","date_gmt":"2024-12-09T20:13:40","guid":{"rendered":"https:\/\/www.moskito.cz\/produkt\/cuchillo-de-tiro-microtech-hera-ii-1705-1od\/"},"modified":"2025-05-07T11:27:22","modified_gmt":"2025-05-07T10:27:22","slug":"cuchillo-de-tiro-microtech-hera-ii-1705-1od","status":"publish","type":"product","link":"https:\/\/www.moskito.cz\/es\/produkt\/cuchillo-de-tiro-microtech-hera-ii-1705-1od\/","title":{"rendered":"Cuchillo de tiro Microtech Hera II 1705-1OD"},"content":{"rendered":"<p>Cuchillo de tiro <strong>Microtech<\/strong> Hera II 1705-1OD. La navaja de tiro Microtech Hera II 1705-1OD es un modelo OTF (Out-The-Front) moderno y elegante que destaca por su dise\u00f1o sofisticado, materiales premium y procesamiento preciso. Est\u00e1 dise\u00f1ado tanto para coleccionistas como para uso pr\u00e1ctico, lo que lo convierte en una excelente adici\u00f3n a su equipo diario. Especificaciones y caracter\u00edsticas:<br \/>\n Hoja: Material: Acero M390 de alta calidad, valorado por su capacidad para mantener el filo durante mucho tiempo y su alta resistencia al desgaste y la corrosi\u00f3n.<br \/>\n Tratamiento superficial: Stonewash, que enmascara peque\u00f1os ara\u00f1azos y confiere a la hoja un aspecto atractivo y funcional.<br \/>\n Forma de la hoja: Punta de lanza: dise\u00f1o sim\u00e9trico y vers\u00e1til, ideal para cortes y perforaciones precisos.<br \/>\n Longitud de la hoja: Aproximadamente 8,9 cm<br \/>\n Grosor de la hoja: aproximadamente 0,38 cm.<br \/>\n Mecanismo: Mecanismo autom\u00e1tico OTF: Permite una r\u00e1pida extensi\u00f3n y retracci\u00f3n de la hoja mediante un interruptor deslizante. El mecanismo es fiable y f\u00e1cil de operar con una mano.<br \/>\n Mango: Material: Aleaci\u00f3n de aluminio 6061-T6, ligera, resistente y duradera.<br \/>\n Color: OD Green (verde oliva) con una superficie texturizada para un agarre seguro.<br \/>\n Dise\u00f1o: La forma ergon\u00f3mica del mango garantiza un agarre y un manejo c\u00f3modos.<br \/>\n Clip de bolsillo: El clip de bolsillo de doble cara garantiza un f\u00e1cil transporte del cuchillo. El dise\u00f1o es minimalista para no perturbar la est\u00e9tica del cuchillo.<br \/>\n Dimensiones y peso: Largo total: Aproximadamente 21 cm<br \/>\n Longitud del cuchillo cerrado: aproximadamente 12,1 cm.<br \/>\n Peso: aproximadamente 104 g.<br \/>\n Otras caracter\u00edsticas: Dise\u00f1o \u00fanico: Hera II combina una est\u00e9tica elegante con elementos t\u00e1cticos, lo que lo hace visual y funcionalmente atractivo. Durabilidad: Los materiales de alta calidad y la construcci\u00f3n precisa garantizan una larga vida \u00fatil del cuchillo incluso con un uso intensivo.<\/p>\n","protected":false},"excerpt":{"rendered":"<p><strong>El Hera II es un excelente ejemplo del compromiso de Microtech de producir cuchillos de vanguardia, funcionales y elegantes. Est\u00e1 destinado a quienes aprecian tanto las ventajas t\u00e1cticas como el arte sofisticado de sus herramientas.  Ya sea usted un entusiasta, un coleccionista o alguien que aprecia la precisi\u00f3n en el uso diario, el Hera II es una opci\u00f3n llamativa y capaz.<\/strong><\/p>\n<p><strong>Transporte gratuito.<\/strong><\/p>\n","protected":false},"featured_media":381575,"comment_status":"open","ping_status":"closed","template":"","meta":[],"pwb-brand":[3752],"product_brand":[],"product_cat":[3726,3729],"product_tag":[],"class_list":{"0":"post-381610","1":"product","2":"type-product","3":"status-publish","4":"has-post-thumbnail","6":"pwb-brand-microtecnologia","7":"product_cat-cuchillos","8":"product_cat-cuchillos-de-tiro","10":"first","11":"instock","12":"taxable","13":"shipping-taxable","14":"purchasable","15":"product-type-simple"},"brands":[{"id":3752,"name":"microtecnolog\u00eda","slug":"microtecnologia"}],"_links":{"self":[{"href":"https:\/\/www.moskito.cz\/es\/wp-json\/wp\/v2\/product\/381610","targetHints":{"allow":["GET"]}}],"collection":[{"href":"https:\/\/www.moskito.cz\/es\/wp-json\/wp\/v2\/product"}],"about":[{"href":"https:\/\/www.moskito.cz\/es\/wp-json\/wp\/v2\/types\/product"}],"replies":[{"embeddable":true,"href":"https:\/\/www.moskito.cz\/es\/wp-json\/wp\/v2\/comments?post=381610"}],"wp:featuredmedia":[{"embeddable":true,"href":"https:\/\/www.moskito.cz\/es\/wp-json\/wp\/v2\/media\/381575"}],"wp:attachment":[{"href":"https:\/\/www.moskito.cz\/es\/wp-json\/wp\/v2\/media?parent=381610"}],"wp:term":[{"taxonomy":"pwb-brand","embeddable":true,"href":"https:\/\/www.moskito.cz\/es\/wp-json\/wp\/v2\/pwb-brand?post=381610"},{"taxonomy":"product_brand","embeddable":true,"href":"https:\/\/www.moskito.cz\/es\/wp-json\/wp\/v2\/product_brand?post=381610"},{"taxonomy":"product_cat","embeddable":true,"href":"https:\/\/www.moskito.cz\/es\/wp-json\/wp\/v2\/product_cat?post=381610"},{"taxonomy":"product_tag","embeddable":true,"href":"https:\/\/www.moskito.cz\/es\/wp-json\/wp\/v2\/product_tag?post=381610"}],"curies":[{"name":"wp","href":"https:\/\/api.w.org\/{rel}","templated":true}]}}