{"id":381660,"date":"2024-12-09T21:47:10","date_gmt":"2024-12-09T20:50:24","guid":{"rendered":"https:\/\/www.moskito.cz\/produkt\/cuchillo-de-cierre-microtech-msi-stonewashed-210t-10pmde30\/"},"modified":"2025-05-07T11:27:23","modified_gmt":"2025-05-07T10:27:23","slug":"cuchillo-de-cierre-microtech-msi-stonewashed-210t-10pmde30","status":"publish","type":"product","link":"https:\/\/www.moskito.cz\/es\/produkt\/cuchillo-de-cierre-microtech-msi-stonewashed-210t-10pmde30\/","title":{"rendered":"Cuchillo de cierre Microtech MSI Stonewashed 210T-10PMDE30"},"content":{"rendered":"<p>Cuchillo de cierre Microtech MSI Stonewashed 210T-10PMDE30. La Microtech MSI (Microtech Standard Issue) Stonewashed Dark Earth 210T-10PMDE30 es una navaja plegable moderna hecha para celebrar el 30 aniversario de Microtech Knives. Este modelo combina tecnolog\u00eda innovadora, mano de obra de precisi\u00f3n y los mejores materiales, lo que lo convierte en una opci\u00f3n excepcional tanto para el uso diario como para objetos de colecci\u00f3n. Caracter\u00edsticas clave del cuchillo Microtech MSI<br \/>\n 1. Tecnolog\u00eda RAM-LOK:<br \/>\n Este modelo es el primer cuchillo Microtech que utiliza la tecnolog\u00eda RAM-LOK, que es un bloqueo transversal robusto que garantiza seguridad y un control suave de la hoja. RAM-LOK permite una f\u00e1cil apertura de la hoja de varias maneras:<br \/>\n Pulgar: El recorte de la hoja es lo suficientemente grande como para abrirlo incluso con guantes. Backswing: El corte central promueve una apertura r\u00e1pida con el dedo medio. Con un movimiento de mu\u00f1eca: al tirar del RAM-LOK, la hoja se puede soltar y abrir con un movimiento de mano. 2. Materiales:<br \/>\n Hoja: Fabricada en acero inoxidable Bohler M390MK, que ofrece excelente resistencia al desgaste, resistencia a la corrosi\u00f3n y larga vida \u00fatil de la hoja. Mango: El mango de pol\u00edmero inyectado en la variante Earth es ligero, oscuro y tiene una superficie ligeramente pegajosa para un agarre seguro, ya sea en agarre est\u00e1ndar o invertido. 3. Ergonom\u00eda del dise\u00f1o:<br \/>\n Estilo de hoja de pata de oveja modificada: este dise\u00f1o combina resistencia y funcionalidad, ideal para cortar y apu\u00f1alar. Acabado lavado a la piedra: Minimiza la visibilidad de los rayones y le da a la hoja una apariencia decente. Mango ergon\u00f3mico: Proporciona comodidad durante el uso prolongado y un agarre seguro incluso en condiciones dif\u00edciles. 4. Desgaste universal:<br \/>\n El clip de bolsillo de acero inoxidable es reversible (tanto para usuarios diestros como zurdos), lo que aumenta la comodidad y la practicidad. 5. Valor de producci\u00f3n y coleccionista:<br \/>\n El logotipo del 30 aniversario de Microtech hace de este modelo una edici\u00f3n limitada, lo que lo convierte no s\u00f3lo en una herramienta funcional, sino tambi\u00e9n en una codiciada pieza de colecci\u00f3n. Fabricado en EE.UU. con atenci\u00f3n al detalle y precisi\u00f3n. Especificaciones: Longitud de la hoja: 9,85 cm Filo: 8,41 cm Longitud total: 22,7 cm Longitud cerrada: 12,85 cm<\/p>\n<p>Grosor de la hoja: 4 mm<br \/>\nMaterial de la hoja: Acero inoxidable Bohler M390MK Estilo de la hoja: Pata de oveja modificada Afilado de la hoja: Plano Acabado: Lavado a la piedra Material del mango: Pol\u00edmero Tierra oscura Grosor del mango: 0,545&#8243; (13,8 mm) Mecanismo de bloqueo: RAM-LOK<br \/>\n Peso: 4,52 onzas (128 g)<br \/>\n Clip de bolsillo: Reversible (para uso izquierdo y derecho)<br \/>\n Dise\u00f1ador: Tony Marfione<br \/>\n \u00bfPor qu\u00e9 comprarlo? Innovadora tecnolog\u00eda RAM-LOK: Garantiza seguridad, f\u00e1cil operaci\u00f3n y larga vida \u00fatil. Materiales de primera calidad: la hoja de acero Bohler M390MK y el robusto mango de pol\u00edmero resisten las condiciones cotidianas y exigentes. Edici\u00f3n limitada: el logotipo del 30 aniversario aumenta su valor coleccionable.<br \/>\n Fabricado en EE. UU.: Garantiza calidad, precisi\u00f3n y confiabilidad.<br \/>\n Dise\u00f1o vers\u00e1til y ergon\u00f3mico: ideal para EDC y uso t\u00e1ctico.<br \/>\n Este modelo es ideal para quienes buscan un instrumento confiable con innovaciones modernas y valor coleccionable.<\/p>\n","protected":false},"excerpt":{"rendered":"<p><strong>La Microtech MSI es la opci\u00f3n ideal para quienes buscan una navaja plegable robusta, duradera y confiable con un dise\u00f1o moderno y funciones innovadoras. Ya sea que lo utilices para el d\u00eda a d\u00eda, para actividades al aire libre o como pieza de colecci\u00f3n, este modelo no te decepcionar\u00e1. <\/strong><\/p>\n<p><strong>Transporte gratuito.<\/strong><\/p>\n","protected":false},"featured_media":381623,"comment_status":"open","ping_status":"closed","template":"","meta":[],"pwb-brand":[3752],"product_brand":[],"product_cat":[3730,3726],"product_tag":[],"class_list":{"0":"post-381660","1":"product","2":"type-product","3":"status-publish","4":"has-post-thumbnail","6":"pwb-brand-microtecnologia","7":"product_cat-cuchillas-de-cierre","8":"product_cat-cuchillos","10":"first","11":"instock","12":"taxable","13":"shipping-taxable","14":"purchasable","15":"product-type-simple"},"brands":[{"id":3752,"name":"microtecnolog\u00eda","slug":"microtecnologia"}],"_links":{"self":[{"href":"https:\/\/www.moskito.cz\/es\/wp-json\/wp\/v2\/product\/381660","targetHints":{"allow":["GET"]}}],"collection":[{"href":"https:\/\/www.moskito.cz\/es\/wp-json\/wp\/v2\/product"}],"about":[{"href":"https:\/\/www.moskito.cz\/es\/wp-json\/wp\/v2\/types\/product"}],"replies":[{"embeddable":true,"href":"https:\/\/www.moskito.cz\/es\/wp-json\/wp\/v2\/comments?post=381660"}],"wp:featuredmedia":[{"embeddable":true,"href":"https:\/\/www.moskito.cz\/es\/wp-json\/wp\/v2\/media\/381623"}],"wp:attachment":[{"href":"https:\/\/www.moskito.cz\/es\/wp-json\/wp\/v2\/media?parent=381660"}],"wp:term":[{"taxonomy":"pwb-brand","embeddable":true,"href":"https:\/\/www.moskito.cz\/es\/wp-json\/wp\/v2\/pwb-brand?post=381660"},{"taxonomy":"product_brand","embeddable":true,"href":"https:\/\/www.moskito.cz\/es\/wp-json\/wp\/v2\/product_brand?post=381660"},{"taxonomy":"product_cat","embeddable":true,"href":"https:\/\/www.moskito.cz\/es\/wp-json\/wp\/v2\/product_cat?post=381660"},{"taxonomy":"product_tag","embeddable":true,"href":"https:\/\/www.moskito.cz\/es\/wp-json\/wp\/v2\/product_tag?post=381660"}],"curies":[{"name":"wp","href":"https:\/\/api.w.org\/{rel}","templated":true}]}}