{"id":381819,"date":"2024-12-10T16:24:25","date_gmt":"2024-12-10T15:24:25","guid":{"rendered":"https:\/\/www.moskito.cz\/?post_type=product&#038;p=381819"},"modified":"2025-05-07T11:27:24","modified_gmt":"2025-05-07T10:27:24","slug":"pevny-nuz-muela-bisonte-11g","status":"publish","type":"product","link":"https:\/\/www.moskito.cz\/es\/produkt\/pevny-nuz-muela-bisonte-11g\/","title":{"rendered":"Pevn\u00fd N\u016f\u017e Muela BISONTE-11G"},"content":{"rendered":"<p>Pevn\u00fd N\u016f\u017e Muela BISONTE-11G.<\/p>\n<p>Muela Bisonte-11G je profesion\u00e1ln\u00ed loveck\u00fd n\u016f\u017e ur\u010den\u00fd speci\u00e1ln\u011b pro stahov\u00e1n\u00ed k\u016f\u017ee, kter\u00fd nab\u00edz\u00ed vynikaj\u00edc\u00ed v\u00fdkon v \u0161irok\u00e9m spektru venkovn\u00edch aktivit. Je navr\u017een s pevn\u00fdm ost\u0159\u00edm a konstrukc\u00ed full tang, co\u017e z n\u011bj \u010din\u00ed spolehliv\u00fd n\u00e1stroj pro nad\u0161ence do lovu a univerz\u00e1ln\u00ed n\u00e1stroj pro r\u016fzn\u00e9 \u00fakoly.<br \/>\nKl\u00ed\u010dov\u00e9 vlastnosti a specifikace Muela Bisonte-11G:<\/p>\n<p>Materi\u00e1l \u010depele:<br \/>\n\u010cepel je vyrobena z oceli X50CrMoV15 (tak\u00e9 zn\u00e1m\u00e1 jako 1.4116), co\u017e je vysoce uhl\u00edkov\u00e1 martenzitn\u00ed nerezov\u00e1 ocel, kter\u00e1 je zn\u00e1m\u00e1 svou vynikaj\u00edc\u00ed odolnost\u00ed proti korozi a opot\u0159eben\u00ed.<br \/>\nChemick\u00e9 slo\u017een\u00ed oceli obsahuje 15,0 % chromu, 0,80 % molybdenu a 0,20 % vanadu, co\u017e p\u0159isp\u00edv\u00e1 k jej\u00ed trvanlivosti a tvrdosti v rozmez\u00ed 56-58 HRC.<br \/>\n\u010cepel m\u00e1 Hollow Grind (vydut\u00e9 brou\u0161en\u00ed) a sat\u00e9nov\u00fd povrch, kter\u00fd eliminuje osln\u011bn\u00ed a zlep\u0161uje jej\u00ed \u0159ezac\u00ed v\u00fdkon.<br \/>\nDesign Guthook na zadn\u00ed stran\u011b \u010depele je ide\u00e1ln\u00ed pro stahov\u00e1n\u00ed k\u016f\u017ee, umo\u017e\u0148uje \u010dist\u00e9 \u0159ezy p\u0159i odstra\u0148ov\u00e1n\u00ed k\u016f\u017ee ze zv\u011b\u0159e.<\/p>\n<p>Rozm\u011bry \u010depele:<br \/>\nCelkov\u00e1 d\u00e9lka: 227,0 mm (8,94 palce)<br \/>\nD\u00e9lka \u010depele: 120,0 mm (4,72 palce)<br \/>\nTlou\u0161\u0165ka \u010depele: 4,0 mm (0,16 palce)<\/p>\n<p>Materi\u00e1l rukojeti:<br \/>\nErgonomicky tvarovan\u00e1 polymerov\u00e1 rukoje\u0165 poskytuje pohodln\u00fd a bezpe\u010dn\u00fd \u00fachop p\u0159i pou\u017eit\u00ed, zaji\u0161\u0165uj\u00edc\u00ed kontrolu v jak\u00fdchkoli podm\u00ednk\u00e1ch. Rukoje\u0165 je navr\u017eena tak, aby nepromrzala, co\u017e ji \u010din\u00ed ide\u00e1ln\u00ed pro zimn\u00ed pou\u017eit\u00ed.<br \/>\nRukoje\u0165 m\u00e1 texturovan\u00fd prostor pro palec a prodlou\u017eenou ochrannou \u010d\u00e1st, kter\u00e1 pom\u00e1h\u00e1 zabr\u00e1nit sklouznut\u00ed ruky na \u010depel.<br \/>\nNa konci rukojeti se nach\u00e1z\u00ed roz\u0161\u00ed\u0159en\u00fd otvor pro provaz, co\u017e p\u0159id\u00e1v\u00e1 pohodl\u00ed a umo\u017e\u0148uje p\u0159ipevn\u011bn\u00ed k opasku nebo jin\u00fdm p\u0159edm\u011bt\u016fm.<\/p>\n<p>Pouzdro:<br \/>\nN\u016f\u017e je dod\u00e1v\u00e1n s ru\u010dn\u011b \u0161it\u00fdm ko\u017een\u00fdm pouzdrem vyroben\u00fdm z kvalitn\u00ed \u010dern\u00e9 hov\u011bz\u00ed k\u016f\u017ee, s vyra\u017een\u00fdm logem Muela.<br \/>\nPouzdro je uzav\u0159eno pomoc\u00ed snapu typu Prym, co\u017e zaji\u0161\u0165uje bezpe\u010dn\u00e9 ulo\u017een\u00ed.<br \/>\nUpevn\u011bn\u00ed k opasku umo\u017e\u0148uje no\u0161en\u00ed no\u017ee ve vzp\u0159\u00edmen\u00e9 poloze pro snadn\u00fd p\u0159\u00edstup.<\/p>\n<p>Hmotnost: 210,0 g (7,41 oz) \u2013 dob\u0159e vyv\u00e1\u017een\u00fd, poskytuj\u00edc\u00ed pohodlnou hmotnost pro precizn\u00ed \u00fakoly i dlouhodob\u00e9 pou\u017e\u00edv\u00e1n\u00ed.<\/p>\n<p>Pro\u010d zvolit Muela Bisonte-11G?<\/p>\n<p>Trvanlivost a v\u00fdkon: Kombinace oceli X50CrMoV15 a Hollow Grind poskytuje vynikaj\u00edc\u00ed udr\u017eov\u00e1n\u00ed ostrosti a \u0159ezac\u00ed schopnosti. Design Guthook nav\u00edc p\u0159id\u00e1v\u00e1 na schopnostech p\u0159i stahov\u00e1n\u00ed k\u016f\u017ee, co\u017e \u010din\u00ed tento n\u016f\u017e ide\u00e1ln\u00edm pro lovce.<\/p>\n<p>Ergonomick\u00fd design: Polymerov\u00e1 rukoje\u0165 zaji\u0161\u0165uje bezpe\u010dn\u00fd a pohodln\u00fd \u00fachop, i v n\u00e1ro\u010dn\u00fdch pov\u011btrnostn\u00edch podm\u00ednk\u00e1ch. Prodlou\u017een\u00e1 ochrann\u00e1 \u010d\u00e1st zvy\u0161uje bezpe\u010dnost p\u0159i pou\u017e\u00edv\u00e1n\u00ed, \u010d\u00edm\u017e minimalizuje riziko sklouznut\u00ed ruky na \u010depel.<\/p>\n<p>Vysoce kvalitn\u00ed ko\u017een\u00e9 pouzdro: Ru\u010dn\u011b \u0161it\u00e9 ko\u017een\u00e9 pouzdro nab\u00edz\u00ed jak estetick\u00fd vzhled, tak praktickou funk\u010dnost, co\u017e zaji\u0161\u0165uje bezpe\u010dn\u00e9 a pohodln\u00e9 ulo\u017een\u00ed no\u017ee s rychl\u00fdm p\u0159\u00edstupem.<\/p>\n<p>Univerz\u00e1lnost: Tento n\u016f\u017e, a\u010d navr\u017een\u00fd p\u0159edev\u0161\u00edm pro stahov\u00e1n\u00ed k\u016f\u017ee, je skv\u011bl\u00fd tak\u00e9 pro dal\u0161\u00ed loveck\u00e9 a venkovn\u00ed aktivity, poskytuj\u00edc\u00ed spolehliv\u00fd v\u00fdkon v r\u016fzn\u00fdch sc\u00e9n\u00e1\u0159\u00edch.<\/p>\n<p>Pokud hled\u00e1te vysokokvalitn\u00ed profesion\u00e1ln\u00ed n\u016f\u017e na stahov\u00e1n\u00ed k\u016f\u017ee nebo spolehliv\u00fd venkovn\u00ed n\u00e1stroj, Muela Bisonte-11G je skv\u011blou volbou, kter\u00e1 kombinuje ostrost, trvanlivost a jednoduchost pou\u017eit\u00ed ve funk\u010dn\u00edm a elegantn\u00edm designu.<\/p>\n","protected":false},"excerpt":{"rendered":"<p><strong>Pokud hled\u00e1te vysokokvalitn\u00ed profesion\u00e1ln\u00ed n\u016f\u017e na stahov\u00e1n\u00ed k\u016f\u017ee nebo spolehliv\u00fd venkovn\u00ed n\u00e1stroj, Muela Bisonte-11G je skv\u011blou volbou, kter\u00e1 kombinuje ostrost, trvanlivost a jednoduchost pou\u017eit\u00ed ve funk\u010dn\u00edm a elegantn\u00edm designu.<\/strong><\/p>\n","protected":false},"featured_media":381820,"comment_status":"open","ping_status":"closed","template":"","meta":[],"pwb-brand":[191],"product_brand":[],"product_cat":[17,23],"product_tag":[],"class_list":{"0":"post-381819","1":"product","2":"type-product","3":"status-publish","4":"has-post-thumbnail","6":"pwb-brand-muela","7":"product_cat-noze","8":"product_cat-pevne-noze","10":"first","11":"instock","12":"taxable","13":"shipping-taxable","14":"purchasable","15":"product-type-simple"},"brands":[{"id":191,"name":"Muela","slug":"muela"}],"_links":{"self":[{"href":"https:\/\/www.moskito.cz\/es\/wp-json\/wp\/v2\/product\/381819","targetHints":{"allow":["GET"]}}],"collection":[{"href":"https:\/\/www.moskito.cz\/es\/wp-json\/wp\/v2\/product"}],"about":[{"href":"https:\/\/www.moskito.cz\/es\/wp-json\/wp\/v2\/types\/product"}],"replies":[{"embeddable":true,"href":"https:\/\/www.moskito.cz\/es\/wp-json\/wp\/v2\/comments?post=381819"}],"wp:featuredmedia":[{"embeddable":true,"href":"https:\/\/www.moskito.cz\/es\/wp-json\/wp\/v2\/media\/381820"}],"wp:attachment":[{"href":"https:\/\/www.moskito.cz\/es\/wp-json\/wp\/v2\/media?parent=381819"}],"wp:term":[{"taxonomy":"pwb-brand","embeddable":true,"href":"https:\/\/www.moskito.cz\/es\/wp-json\/wp\/v2\/pwb-brand?post=381819"},{"taxonomy":"product_brand","embeddable":true,"href":"https:\/\/www.moskito.cz\/es\/wp-json\/wp\/v2\/product_brand?post=381819"},{"taxonomy":"product_cat","embeddable":true,"href":"https:\/\/www.moskito.cz\/es\/wp-json\/wp\/v2\/product_cat?post=381819"},{"taxonomy":"product_tag","embeddable":true,"href":"https:\/\/www.moskito.cz\/es\/wp-json\/wp\/v2\/product_tag?post=381819"}],"curies":[{"name":"wp","href":"https:\/\/api.w.org\/{rel}","templated":true}]}}