{"id":389772,"date":"2025-02-02T17:34:16","date_gmt":"2025-02-02T16:34:16","guid":{"rendered":"https:\/\/www.moskito.cz\/produkt\/cuchillo-arrojadizo-benchmade-claymore-9070bk-1\/"},"modified":"2025-05-07T11:28:09","modified_gmt":"2025-05-07T10:28:09","slug":"cuchillo-arrojadizo-benchmade-claymore-9070bk-1","status":"publish","type":"product","link":"https:\/\/www.moskito.cz\/es\/produkt\/cuchillo-arrojadizo-benchmade-claymore-9070bk-1\/","title":{"rendered":"Cuchillo arrojadizo Benchmade Claymore 9070BK-1"},"content":{"rendered":"<p>Cuchillo arrojadizo Benchmade Claymore 9070BK-1<\/p>\n<div class=\"flex max-w-full flex-col flex-grow\">\n<div class=\"min-h-8 text-message flex w-full flex-col items-end gap-2 whitespace-normal break-words text-start [.text-message+&amp;]:mt-5\" dir=\"auto\" data-message-author-role=\"assistant\" data-message-id=\"667fa8db-4d6d-4a93-8c9b-7f160fe2d0ce\" data-message-model-slug=\"gpt-4o\">\n<div class=\"flex w-full flex-col gap-1 empty:hidden first:pt-[3px]\">\n<div class=\"markdown prose w-full break-words dark:prose-invert light\">\n<h3><strong>Benchmade Claymore 9070BK-1<\/strong> \u2013 Cuchillo de tiro t\u00e1ctico<\/h3>\n<p>El Benchmade Claymore 9070BK-1 es un cuchillo arrojadizo autom\u00e1tico dise\u00f1ado para uso profesional y militar. Su construcci\u00f3n robusta, mango liviano y potente hoja de acero CPM-D2 garantizan confiabilidad en condiciones exigentes. Este modelo es una versi\u00f3n mejorada del Claymore original y aporta a\u00fan mayor durabilidad y rendimiento.  <\/p>\n<hr>\n<h3><strong>Especificaciones t\u00e9cnicas:<\/strong><\/h3>\n<ul>\n<li><strong>Cuchilla:<\/strong>\n<ul>\n<li><strong>Material:<\/strong> CPM-D2 (acero para herramientas semiinoxidable con excelente resistencia al desgaste)<\/li>\n<li><strong>Longitud:<\/strong> 3,60&#8243; (91 mm)<\/li>\n<li><strong>Grosor:<\/strong> 0,114&#8243; (2,9 mm)<\/li>\n<li><strong>Forma:<\/strong> Drop Point: forma universal y s\u00f3lida para una amplia gama de usos<\/li>\n<li><strong>Tratamiento de superficie:<\/strong> Cerakote negro cobalto: protecci\u00f3n contra la corrosi\u00f3n y el deslumbramiento<\/li>\n<li><strong>Borde:<\/strong> liso<\/li>\n<\/ul>\n<\/li>\n<li><strong>Manejar:<\/strong>\n<ul>\n<li><strong>Material:<\/strong> Grivory\u00ae texturizado (pol\u00edmero ligero y resistente a condiciones extremas)<\/li>\n<li><strong>Longitud (cerrado):<\/strong> 4,62&#8243; (117 mm)<\/li>\n<li><strong>Color:<\/strong> Negro<\/li>\n<li><strong>Ergonom\u00eda:<\/strong> Textura antideslizante para un agarre firme.<\/li>\n<\/ul>\n<\/li>\n<li><strong>Mecanismo:<\/strong>\n<ul>\n<li><strong>Apertura:<\/strong> Autom\u00e1tica (apertura por presi\u00f3n)<\/li>\n<li><strong>Bloqueo:<\/strong> Bloqueo de inmersi\u00f3n + pestillo de seguridad<\/li>\n<li><strong>Clip de bolsillo:<\/strong> Doble cara, para llevar en profundidad<\/li>\n<\/ul>\n<\/li>\n<li><strong>Longitud total:<\/strong> 8,60&#8243; (218 mm)<\/li>\n<li><strong>Peso:<\/strong> 3,50 oz (99 g)<\/li>\n<\/ul>\n<hr>\n<h3><strong>Propiedades clave:<\/strong><\/h3>\n<p>\u2705  <strong>Durabilidad extrema:<\/strong> la hoja CPM-D2 es altamente resistente al desgaste y mantiene su filo durante mucho tiempo.<br \/>\n\u2705  <strong>Mecanismo autom\u00e1tico:<\/strong> Expulsi\u00f3n r\u00e1pida y suave de la hoja con un bot\u00f3n<br \/>\n\u2705  <strong>Construcci\u00f3n ligera pero resistente:<\/strong> el mango Grivory\u00ae garantiza una alta resistencia con un peso m\u00ednimo<br \/>\n\u2705  <strong>Bloqueo de seguridad:<\/strong> evita que el cuchillo se abra accidentalmente mientras se transporta.<br \/>\n\u2705  <strong>Dise\u00f1o t\u00e1ctico:<\/strong> Dise\u00f1o negro mate discreto ideal para uso profesional.<\/p>\n<hr>\n<h3><strong>Usar:<\/strong><\/h3>\n<p>\ud83d\udd39 <strong>Uso t\u00e1ctico y militar<\/strong> : una herramienta confiable para profesionales<br \/>\n\ud83d\udd39 <strong>Everyday Carry (EDC)<\/strong> : cuchillo duradero y liviano para tareas diarias<br \/>\n\ud83d\udd39 <strong>Outdoor &amp; survival<\/strong> : adecuado para situaciones de acampada, senderismo y supervivencia.<br \/>\n\ud83d\udd39 <strong>Fines de rescate y defensa<\/strong> : despliegue r\u00e1pido en situaciones de crisis <\/p>\n<hr>\n<h3><strong>Ventajas y desventajas:<\/strong><\/h3>\n<p>\u2714 <strong>Beneficios:<\/strong><br \/>\n \u2705 Construcci\u00f3n s\u00f3lida y duradera.<br \/>\n\u2705 Disparo autom\u00e1tico de cuchillas<br \/>\n\u2705 Gran retenci\u00f3n de filo gracias al acero CPM-D2<br \/>\n\u2705 Mango ligero y ergon\u00f3mico<br \/>\n\u2705 Clip de bolsillo de doble cara<\/p>\n<p>\u274c <strong>Desventajas:<\/strong><br \/>\n \u26d4 Precio m\u00e1s alto debido a los materiales de primera calidad utilizados<br \/>\n \u26d4 Los cuchillos autom\u00e1ticos pueden estar restringidos legalmente en algunas regiones<br \/>\n \u26d4 El acero D2 no es completamente inoxidable: requiere un mantenimiento regular<\/p>\n<hr>\n<h3><strong>Conclusi\u00f3n:<\/strong><\/h3>\n<p>El Benchmade Claymore 9070BK-1 es un cuchillo autom\u00e1tico de primera categor\u00eda que combina una durabilidad extrema, una construcci\u00f3n liviana y un mecanismo confiable. Es ideal para uso militar, t\u00e1ctico y cotidiano. Si buscas una navaja plegable robusta que no te defraude en ninguna situaci\u00f3n, este modelo es una gran elecci\u00f3n.  <\/p>\n<\/div>\n<\/div>\n<\/div>\n<\/div>\n","protected":false},"excerpt":{"rendered":"<p><strong>El Benchmade Claymore 9070BK-1 es un cuchillo autom\u00e1tico de primera categor\u00eda que combina una durabilidad extrema, una construcci\u00f3n liviana y un mecanismo confiable. Es ideal para uso militar, t\u00e1ctico y cotidiano. Si buscas una navaja plegable robusta que no te defraude en ninguna situaci\u00f3n, este modelo es una gran elecci\u00f3n.  <\/strong><\/p>\n<p><strong>Transporte gratuito.<\/strong><\/p>\n","protected":false},"featured_media":389564,"comment_status":"open","ping_status":"closed","template":"","meta":[],"pwb-brand":[3978],"product_brand":[],"product_cat":[3726,3729],"product_tag":[],"class_list":{"0":"post-389772","1":"product","2":"type-product","3":"status-publish","4":"has-post-thumbnail","6":"pwb-brand-hecho-a-mano-en-banco","7":"product_cat-cuchillos","8":"product_cat-cuchillos-de-tiro","10":"first","11":"instock","12":"taxable","13":"shipping-taxable","14":"purchasable","15":"product-type-simple"},"brands":[{"id":3978,"name":"Hecho a mano en banco","slug":"hecho-a-mano-en-banco"}],"_links":{"self":[{"href":"https:\/\/www.moskito.cz\/es\/wp-json\/wp\/v2\/product\/389772","targetHints":{"allow":["GET"]}}],"collection":[{"href":"https:\/\/www.moskito.cz\/es\/wp-json\/wp\/v2\/product"}],"about":[{"href":"https:\/\/www.moskito.cz\/es\/wp-json\/wp\/v2\/types\/product"}],"replies":[{"embeddable":true,"href":"https:\/\/www.moskito.cz\/es\/wp-json\/wp\/v2\/comments?post=389772"}],"wp:featuredmedia":[{"embeddable":true,"href":"https:\/\/www.moskito.cz\/es\/wp-json\/wp\/v2\/media\/389564"}],"wp:attachment":[{"href":"https:\/\/www.moskito.cz\/es\/wp-json\/wp\/v2\/media?parent=389772"}],"wp:term":[{"taxonomy":"pwb-brand","embeddable":true,"href":"https:\/\/www.moskito.cz\/es\/wp-json\/wp\/v2\/pwb-brand?post=389772"},{"taxonomy":"product_brand","embeddable":true,"href":"https:\/\/www.moskito.cz\/es\/wp-json\/wp\/v2\/product_brand?post=389772"},{"taxonomy":"product_cat","embeddable":true,"href":"https:\/\/www.moskito.cz\/es\/wp-json\/wp\/v2\/product_cat?post=389772"},{"taxonomy":"product_tag","embeddable":true,"href":"https:\/\/www.moskito.cz\/es\/wp-json\/wp\/v2\/product_tag?post=389772"}],"curies":[{"name":"wp","href":"https:\/\/api.w.org\/{rel}","templated":true}]}}