{"id":389843,"date":"2025-02-06T18:20:54","date_gmt":"2025-02-06T17:41:36","guid":{"rendered":"https:\/\/www.moskito.cz\/produkt\/navaja-plegable-pro-tech-2025-shot-oligarch-1\/"},"modified":"2025-05-07T11:28:10","modified_gmt":"2025-05-07T10:28:10","slug":"navaja-plegable-pro-tech-2025-shot-oligarch-1","status":"publish","type":"product","link":"https:\/\/www.moskito.cz\/es\/produkt\/navaja-plegable-pro-tech-2025-shot-oligarch-1\/","title":{"rendered":"Navaja plegable Pro-Tech 2025 SHOT Oligarch 1"},"content":{"rendered":"<p>Navaja plegable Pro-Tech 2025 SHOT Oligarch 1<\/p>\n<h3><strong><span>Navaja plegable Pro-Tech 2025 SHOT Oligarch 1<\/span><\/strong><\/h3>\n<p><span>\ud83d\udd2a<\/span> <strong><span>Pro-Tech 2025 TIRO Oligarca 1<\/span><\/strong><span>  Es una navaja plegable americana de primer nivel que combina un dise\u00f1o moderno, materiales de primera clase y una mano de obra precisa. Este modelo se present\u00f3 en el SHOT Show 2025 y representa lo m\u00e1s destacado de la oferta de Pro-Tech: un art\u00edculo elegante, potente y de colecci\u00f3n. <\/span><\/p>\n<hr>\n<h3><strong><span>Especificaciones t\u00e9cnicas:<\/span><\/strong><\/h3>\n<p><span>\ud83d\udd2a<\/span> <strong><span>Hoja:<\/span><\/strong><\/p>\n<ul>\n<li><strong><span>Largo<\/span><\/strong> <span>: 3,75\u2033 (9,5 cm): tama\u00f1o ideal para EDC y uso t\u00e1ctico<\/span><\/li>\n<li><strong><span>Material<\/span><\/strong> <span>: CPM-MagnaCut: excelente rendimiento de corte, resistencia a la corrosi\u00f3n y alta tenacidad<\/span><\/li>\n<li><strong><span>Forma<\/span><\/strong> <span>: Tanto modificado \/ Drop Point: m\u00e1xima versatilidad y resistencia de la punta<\/span><\/li>\n<li><strong><span>Acabado de la superficie<\/span><\/strong> <span>: Recubrimiento satinado\/DLC: una opci\u00f3n elegante y muy duradera<\/span><\/li>\n<\/ul>\n<p><span>\ud83d\udd90<\/span> <strong><span>Identificador:<\/span><\/strong><\/p>\n<ul>\n<li><strong><span>Material<\/span><\/strong> <span>: Titanio \/ aluminio anodizado con inserciones de carbono o mokume-gane<\/span><\/li>\n<li><strong><span>Ergonom\u00eda<\/span><\/strong> <span>: Forma bien dise\u00f1ada para m\u00e1xima comodidad y un agarre firme.<\/span><\/li>\n<li><strong><span>Longitud plegada<\/span><\/strong> <span>: 4,75\u2033 (12 cm)<\/span><\/li>\n<li><strong><span>Clip de bolsillo<\/span><\/strong> <span>: clip de titanio de gran profundidad para un transporte discreto<\/span><\/li>\n<\/ul>\n<p><span>\u2699<\/span> <strong><span>Mecanismo:<\/span><\/strong><\/p>\n<ul>\n<li><strong><span>Apertura<\/span><\/strong> <span>: Mecanismo autom\u00e1tico (disparo) con bot\u00f3n.<\/span><\/li>\n<li><strong><span>Cerradura<\/span><\/strong> <span>: Cerradura de bot\u00f3n robusta con m\u00e1xima resistencia y fiabilidad.<\/span><\/li>\n<\/ul>\n<p><span>\u2696<\/span> <strong><span>Peso:<\/span><\/strong><\/p>\n<ul>\n<li><span>Aproximadamente 4,8 oz (136 g): construcci\u00f3n s\u00f3lida sin peso innecesario<\/span><\/li>\n<\/ul>\n<p><span>\ud83d\udccc<\/span> <strong><span>Otras caracter\u00edsticas:<\/span><\/strong><br \/>\n <span>\u2714<\/span> <strong><span>Materiales de primera calidad y mano de obra detallada.<\/span><\/strong><br \/>\n <span>\u2714<\/span> <strong><span>Mec\u00e1nica suave y precisa: calidad ic\u00f3nica de Pro-Tech<\/span><\/strong><br \/>\n <span>\u2714<\/span> <strong><span>Edici\u00f3n limitada: disponible solo en grandes cantidades<\/span><\/strong><\/p>\n<hr>\n<h3><strong><span>Propiedades clave:<\/span><\/strong><\/h3>\n<p><span>\u2705<\/span> <strong><span>Acero de hoja MagnaCut de alta calidad<\/span><\/strong> <span>: m\u00e1ximo rendimiento y durabilidad<\/span><br \/>\n<span>\u2705<\/span> <strong><span>Dise\u00f1o y acabado lujosos<\/span><\/strong> <span>: una combinaci\u00f3n de elegancia y funcionalidad.<\/span><br \/>\n<span>\u2705<\/span> <strong><span>Apertura r\u00e1pida y fiable<\/span><\/strong> <span>: mecanismo de expulsi\u00f3n preciso<\/span><br \/>\n<span>\u2705<\/span> <strong><span>Valor de coleccionista<\/span><\/strong> <span>: modelo exclusivo para verdaderos entusiastas<\/span><\/p>\n<hr>\n<h3><strong><span>Usar:<\/span><\/strong><\/h3>\n<p><span>\ud83c\udfaf<\/span> <strong><span>Uso t\u00e1ctico y defensivo<\/span><\/strong> <span>: acci\u00f3n r\u00e1pida y durabilidad para situaciones exigentes<\/span><br \/>\n<span>\ud83c\udfd5<\/span> <strong><span>Transporte diario y al aire libre (EDC)<\/span><\/strong> <span>: tama\u00f1o y materiales ideales para el trabajo diario<\/span><br \/>\n<span>\ud83d\udd2a<\/span> <strong><span>Joya de coleccionista<\/span><\/strong> <span>: un modelo \u00fanico con disponibilidad limitada<\/span><\/p>\n<hr>\n<h3><strong><span>Ventajas y desventajas:<\/span><\/strong><\/h3>\n<p><span>\u2705<\/span> <strong><span>Beneficios:<\/span><\/strong><br \/>\n<span>  \u2714 Hoja de primera calidad con excelente retenci\u00f3n de filo.  <\/span><br \/>\n<span>\u2714 Mango lujoso y elaborado con precisi\u00f3n.  <\/span><br \/>\n<span>\u2714 Mecanismo autom\u00e1tico confiable y r\u00e1pido  <\/span><br \/>\n<span>\u2714 Edici\u00f3n limitada exclusiva<\/span><\/p>\n<p><span>\u274c<\/span> <strong><span>Desventajas:<\/span><\/strong><br \/>\n<span>  \u2716 Precio elevado en relaci\u00f3n a la calidad y exclusividad  <\/span><br \/>\n<span>\u2716 Disponibilidad limitada: es posible que se lance una edici\u00f3n limitada pronto<\/span><\/p>\n<hr>\n<h3><strong><span>conclusi\u00f3n:<\/span><\/strong><\/h3>\n<p><strong><span>El Pro-Tech 2025 SHOT Oligarch 1<\/span><\/strong> <span>es un cuchillo plegable de primera categor\u00eda que atraer\u00e1 no solo a los usuarios exigentes, sino tambi\u00e9n a los coleccionistas que buscan una pieza \u00fanica con materiales de primera clase y mano de obra precisa. La combinaci\u00f3n de acero de primera calidad, dise\u00f1o sofisticado y mecanismo confiable hacen de este modelo uno de los mejores cuchillos que Pro-Tech haya fabricado jam\u00e1s. \ud83d\udd25<\/span><\/p>\n<p>&nbsp;<\/p>\n","protected":false},"excerpt":{"rendered":"<p><strong>El Pro-Tech 2025 SHOT Oligarch 1 es un cuchillo plegable de primera categor\u00eda que atraer\u00e1 no solo a los usuarios exigentes, sino tambi\u00e9n a los coleccionistas que buscan una pieza \u00fanica con materiales de primera clase y mano de obra precisa. La combinaci\u00f3n de acero de primera calidad, dise\u00f1o sofisticado y mecanismo confiable hacen de este modelo uno de los mejores cuchillos que Pro-Tech haya fabricado jam\u00e1s. \ud83d\udd25<\/strong><\/p>\n<p> <strong>Env\u00edo gratis.<\/strong><\/p>\n","protected":false},"featured_media":389780,"comment_status":"open","ping_status":"closed","template":"","meta":[],"pwb-brand":[3815],"product_brand":[],"product_cat":[3730,3726],"product_tag":[],"class_list":{"0":"post-389843","1":"product","2":"type-product","3":"status-publish","4":"has-post-thumbnail","6":"pwb-brand-para-tecnologia","7":"product_cat-cuchillas-de-cierre","8":"product_cat-cuchillos","10":"first","11":"outofstock","12":"taxable","13":"shipping-taxable","14":"purchasable","15":"product-type-simple"},"brands":[{"id":3815,"name":"Para tecnolog\u00eda","slug":"para-tecnologia"}],"_links":{"self":[{"href":"https:\/\/www.moskito.cz\/es\/wp-json\/wp\/v2\/product\/389843","targetHints":{"allow":["GET"]}}],"collection":[{"href":"https:\/\/www.moskito.cz\/es\/wp-json\/wp\/v2\/product"}],"about":[{"href":"https:\/\/www.moskito.cz\/es\/wp-json\/wp\/v2\/types\/product"}],"replies":[{"embeddable":true,"href":"https:\/\/www.moskito.cz\/es\/wp-json\/wp\/v2\/comments?post=389843"}],"wp:featuredmedia":[{"embeddable":true,"href":"https:\/\/www.moskito.cz\/es\/wp-json\/wp\/v2\/media\/389780"}],"wp:attachment":[{"href":"https:\/\/www.moskito.cz\/es\/wp-json\/wp\/v2\/media?parent=389843"}],"wp:term":[{"taxonomy":"pwb-brand","embeddable":true,"href":"https:\/\/www.moskito.cz\/es\/wp-json\/wp\/v2\/pwb-brand?post=389843"},{"taxonomy":"product_brand","embeddable":true,"href":"https:\/\/www.moskito.cz\/es\/wp-json\/wp\/v2\/product_brand?post=389843"},{"taxonomy":"product_cat","embeddable":true,"href":"https:\/\/www.moskito.cz\/es\/wp-json\/wp\/v2\/product_cat?post=389843"},{"taxonomy":"product_tag","embeddable":true,"href":"https:\/\/www.moskito.cz\/es\/wp-json\/wp\/v2\/product_tag?post=389843"}],"curies":[{"name":"wp","href":"https:\/\/api.w.org\/{rel}","templated":true}]}}