{"id":389944,"date":"2025-02-06T19:37:30","date_gmt":"2025-02-06T18:40:16","guid":{"rendered":"https:\/\/www.moskito.cz\/produkt\/navaja-plegable-pro-tech-godfather-921-ltd\/"},"modified":"2025-05-07T11:28:14","modified_gmt":"2025-05-07T10:28:14","slug":"navaja-plegable-pro-tech-godfather-921-ltd","status":"publish","type":"product","link":"https:\/\/www.moskito.cz\/es\/produkt\/navaja-plegable-pro-tech-godfather-921-ltd\/","title":{"rendered":"Navaja plegable Pro-Tech Godfather 921-LTD"},"content":{"rendered":"<h3 data-pm-slice=\"1 1 []\"><strong>Navaja plegable Pro-Tech Godfather 921-LTD<\/strong><\/h3>\n<p>\ud83d\udd2a <strong>Pro-Tech Godfather 921-LTD<\/strong> es una edici\u00f3n limitada exclusiva del legendario modelo <strong>Godfather<\/strong> , que se inspir\u00f3 en los cl\u00e1sicos stilettos italianos y combina un dise\u00f1o elegante con materiales modernos y mano de obra de primera clase. Este modelo es <strong>una lujosa pieza de colecci\u00f3n<\/strong> con una mec\u00e1nica excelente y materiales de primera clase. <\/p>\n<div>\n<hr>\n<\/div>\n<h3><strong>Especificaciones t\u00e9cnicas:<\/strong><\/h3>\n<p>\ud83d\udd2a  <strong>Cuchilla:<\/strong><\/p>\n<ul data-spread=\"false\">\n<li><strong>Largo<\/strong> : <strong>4,0\u2033 (10,2 cm)<\/strong> \u2013 largo, elegante y preciso<\/li>\n<li><strong>Material<\/strong> : <strong>acero inoxidable CPM-154<\/strong> : alta resistencia al desgaste y f\u00e1cil pulido.<\/li>\n<li><strong>Forma<\/strong> : <strong>Estilete\/Daga<\/strong> : perfil delgado y elegante inspirado en los cuchillos italianos<\/li>\n<li><strong>Acabado superficial<\/strong> : <strong>Pulido, DLC negro o acabados especiales seg\u00fan edici\u00f3n.<\/strong><\/li>\n<\/ul>\n<p>\ud83d\udd90 <strong>Identificador:<\/strong><\/p>\n<ul data-spread=\"false\">\n<li><strong>Material<\/strong> : <strong>Aluminio Elite 6061-T6<\/strong> con <strong>inserciones premium (fibra de carbono, n\u00e1car, madera o titanio, seg\u00fan la edici\u00f3n)<\/strong><\/li>\n<li><strong>Longitud plegada<\/strong> : <strong>5,25\u2033 (13,3 cm)<\/strong> : delgada y c\u00f3moda de llevar<\/li>\n<li><strong>Dise\u00f1o<\/strong> : silueta ic\u00f3nica de stiletto con <strong>adorno exclusivo de edici\u00f3n limitada.<\/strong><\/li>\n<\/ul>\n<p>\u2699 <strong>Mecanismo:<\/strong><\/p>\n<ul data-spread=\"false\">\n<li><strong>Apertura<\/strong> : <strong>Mecanismo de expulsi\u00f3n autom\u00e1tico<\/strong> : apertura r\u00e1pida y suave con solo presionar un bot\u00f3n<\/li>\n<li><strong>Bloqueo<\/strong> : <strong>Bot\u00f3n de bloqueo<\/strong> para bloquear de forma segura la hoja cuando est\u00e1 abierta<\/li>\n<\/ul>\n<p>\u2696 <strong>Peso:<\/strong><\/p>\n<ul data-spread=\"false\">\n<li>Aproximadamente <strong>4,0 oz (113 g)<\/strong> : el equilibrio ideal entre robustez y comodidad de transporte<\/li>\n<\/ul>\n<p>\ud83d\udccc <strong>Otras caracter\u00edsticas:<\/strong><br \/>\n \u2714 <strong>Edici\u00f3n limitada: cada serie tiene elementos \u00fanicos<\/strong><br \/>\n \u2714 <strong>Materiales de mango de primera calidad: n\u00e1car, carbono, maderas ex\u00f3ticas o titanio<\/strong><br \/>\n \u2714 <strong>Mec\u00e1nica impecable con un mecanismo de disparo suave.<\/strong><br \/>\n \u2714 <strong>Dise\u00f1o elegante y fino inspirado en los cl\u00e1sicos stilettos.<\/strong><\/p>\n<div>\n<hr>\n<\/div>\n<h3><strong>Propiedades clave:<\/strong><\/h3>\n<p>\u2705  <strong>Dise\u00f1o lujoso<\/strong> : una combinaci\u00f3n de elegancia y materiales modernos.<br \/>\n\u2705  <strong>Hoja larga y delgada<\/strong> : propiedades de corte precisas y aspecto cl\u00e1sico de estilete<br \/>\n\u2705  <strong>Art\u00edculo de colecci\u00f3n exclusivo<\/strong> : ediciones limitadas con caracter\u00edsticas \u00fanicas.<br \/>\n\u2705  <strong>Disparo r\u00e1pido y fiable<\/strong> : mec\u00e1nica precisa y suave<\/p>\n<div>\n<hr>\n<\/div>\n<h3><strong>Usar:<\/strong><\/h3>\n<p>\ud83c\udfaf <strong>Una pieza de colecci\u00f3n<\/strong> : ideal para los amantes de los cuchillos premium.<br \/>\n\ud83c\udfdb <strong>Accesorio elegante<\/strong> : dise\u00f1o lujoso adecuado para fines representativos.<br \/>\n\ud83d\udd2a  <strong>Una reinterpretaci\u00f3n moderna de los cl\u00e1sicos stilettos<\/strong> : la combinaci\u00f3n perfecta de tradici\u00f3n y tecnolog\u00eda avanzada<\/p>\n<div>\n<hr>\n<\/div>\n<h3><strong>Ventajas y desventajas:<\/strong><\/h3>\n<p>\u2705  <strong>Ventajas:<\/strong><br \/>\n \u2714 Materiales de lujo y mano de obra detallada.<br \/>\n\u2714 Dise\u00f1o ic\u00f3nico inspirado en los cl\u00e1sicos stilettos.<br \/>\n\u2714 Mecanismo autom\u00e1tico r\u00e1pido y confiable<br \/>\n\u2714 Edici\u00f3n limitada exclusiva<\/p>\n<p>\u274c <strong>Desventajas:<\/strong><br \/>\n \u2716 Precio m\u00e1s alto correspondiente al procesamiento premium<br \/>\n \u2716 Es posible que una hoja m\u00e1s larga no sea ideal para el transporte diario.<\/p>\n<div>\n<hr>\n<\/div>\n<h3><strong>Conclusi\u00f3n:<\/strong><\/h3>\n<p><strong>El Pro-Tech Godfather 921-LTD<\/strong> es <strong>un cuchillo plegable ic\u00f3nico y lujoso<\/strong> que atraer\u00e1 no solo a los coleccionistas, sino tambi\u00e9n a los amantes del estilo italiano cl\u00e1sico combinado con materiales modernos. <strong>Ediciones limitadas y una fabricaci\u00f3n precisa<\/strong> lo convierten en una opci\u00f3n prestigiosa para quienes buscan <strong>un cuchillo autom\u00e1tico elegante, potente y \u00fanico<\/strong> . \ud83d\ude80<\/p>\n","protected":false},"excerpt":{"rendered":"<p><strong>El Pro-Tech Godfather 921-LTD es un cuchillo plegable ic\u00f3nico y lujoso que atraer\u00e1 no solo a los coleccionistas, sino tambi\u00e9n a los amantes del estilo italiano cl\u00e1sico combinado con materiales modernos. Ediciones limitadas y una fabricaci\u00f3n precisa lo convierten en una opci\u00f3n prestigiosa para quienes buscan un cuchillo autom\u00e1tico elegante, potente y \u00fanico. \ud83d\ude80<\/strong><\/p>\n<p> <strong>Env\u00edo gratis.<\/strong><\/p>\n","protected":false},"featured_media":389902,"comment_status":"open","ping_status":"closed","template":"","meta":[],"pwb-brand":[3815],"product_brand":[],"product_cat":[3726,3729],"product_tag":[],"class_list":{"0":"post-389944","1":"product","2":"type-product","3":"status-publish","4":"has-post-thumbnail","6":"pwb-brand-para-tecnologia","7":"product_cat-cuchillos","8":"product_cat-cuchillos-de-tiro","10":"first","11":"outofstock","12":"taxable","13":"shipping-taxable","14":"purchasable","15":"product-type-simple"},"brands":[{"id":3815,"name":"Para tecnolog\u00eda","slug":"para-tecnologia"}],"_links":{"self":[{"href":"https:\/\/www.moskito.cz\/es\/wp-json\/wp\/v2\/product\/389944","targetHints":{"allow":["GET"]}}],"collection":[{"href":"https:\/\/www.moskito.cz\/es\/wp-json\/wp\/v2\/product"}],"about":[{"href":"https:\/\/www.moskito.cz\/es\/wp-json\/wp\/v2\/types\/product"}],"replies":[{"embeddable":true,"href":"https:\/\/www.moskito.cz\/es\/wp-json\/wp\/v2\/comments?post=389944"}],"wp:featuredmedia":[{"embeddable":true,"href":"https:\/\/www.moskito.cz\/es\/wp-json\/wp\/v2\/media\/389902"}],"wp:attachment":[{"href":"https:\/\/www.moskito.cz\/es\/wp-json\/wp\/v2\/media?parent=389944"}],"wp:term":[{"taxonomy":"pwb-brand","embeddable":true,"href":"https:\/\/www.moskito.cz\/es\/wp-json\/wp\/v2\/pwb-brand?post=389944"},{"taxonomy":"product_brand","embeddable":true,"href":"https:\/\/www.moskito.cz\/es\/wp-json\/wp\/v2\/product_brand?post=389944"},{"taxonomy":"product_cat","embeddable":true,"href":"https:\/\/www.moskito.cz\/es\/wp-json\/wp\/v2\/product_cat?post=389944"},{"taxonomy":"product_tag","embeddable":true,"href":"https:\/\/www.moskito.cz\/es\/wp-json\/wp\/v2\/product_tag?post=389944"}],"curies":[{"name":"wp","href":"https:\/\/api.w.org\/{rel}","templated":true}]}}