{"id":390042,"date":"2025-02-06T20:01:52","date_gmt":"2025-02-07T11:22:30","guid":{"rendered":"https:\/\/www.moskito.cz\/produkt\/navaja-plegable-pro-tech-tactical-response-tr-3-x1\/"},"modified":"2025-05-07T11:28:17","modified_gmt":"2025-05-07T10:28:17","slug":"navaja-plegable-pro-tech-tactical-response-tr-3-x1","status":"publish","type":"product","link":"https:\/\/www.moskito.cz\/es\/produkt\/navaja-plegable-pro-tech-tactical-response-tr-3-x1\/","title":{"rendered":"Navaja plegable Pro-Tech Tactical Response TR-3 X1"},"content":{"rendered":"<h1 data-pm-slice=\"1 1 []\"><strong>Navaja plegable Pro-Tech Tactical Response TR-3 X1<\/strong><\/h1>\n<p>\ud83d\udd2a <strong>El Pro-Tech Tactical Response TR-3 X1<\/strong> es un cuchillo plegable t\u00e1ctico robusto y confiable dise\u00f1ado para <strong>uso profesional en fuerzas de seguridad, militares y trabajadores de rescate<\/strong> . Combina <strong>una mec\u00e1nica autom\u00e1tica r\u00e1pida y suave<\/strong> con <strong>una construcci\u00f3n s\u00f3lida y materiales duraderos<\/strong> , lo que la convierte en <strong>una herramienta ideal para el transporte diario (EDC) as\u00ed como en condiciones extremas<\/strong> . <\/p>\n<div>\n<hr>\n<\/div>\n<h2><strong>Especificaciones t\u00e9cnicas:<\/strong><\/h2>\n<p>\ud83d\udd2a  <strong>Cuchilla:<\/strong><\/p>\n<ul data-spread=\"false\">\n<li><strong>Longitud<\/strong> : <strong>3,5\u2033 (8,9 cm)<\/strong> : ideal para trabajos t\u00e1cticos y vers\u00e1tiles<\/li>\n<li><strong>Material<\/strong> : <strong>acero inoxidable CPM-S35VN<\/strong> : excelente resistencia al desgaste y larga retenci\u00f3n del filo<\/li>\n<li><strong>Forma<\/strong> : <strong>Punta ca\u00edda<\/strong> : gran equilibrio entre corte de precisi\u00f3n y fuerza de empuje<\/li>\n<li><strong>Tratamiento de superficie<\/strong> : <strong>DLC negro (carbono tipo diamante) o lavado a la piedra<\/strong> : resistencia mejorada a la corrosi\u00f3n y a los ara\u00f1azos<\/li>\n<\/ul>\n<p>\ud83d\udd90 <strong>Identificador:<\/strong><\/p>\n<ul data-spread=\"false\">\n<li><strong>Material<\/strong> : <strong>aluminio aeron\u00e1utico 6061-T6<\/strong> : extremadamente resistente y ligero.<\/li>\n<li><strong>Textura<\/strong> : <strong>Acabado antideslizante<\/strong> para un agarre seguro incluso con guantes.<\/li>\n<li><strong>Forma<\/strong> : <strong>Dise\u00f1o ergon\u00f3mico<\/strong> para un uso c\u00f3modo a largo plazo.<\/li>\n<\/ul>\n<p>\u2699 <strong>Mecanismo:<\/strong><\/p>\n<ul data-spread=\"false\">\n<li><strong>Apertura<\/strong> : <strong>Mecanismo de expulsi\u00f3n autom\u00e1tico<\/strong> : apertura extremadamente r\u00e1pida y suave con solo presionar un bot\u00f3n<\/li>\n<li><strong>Bloqueo<\/strong> : <strong>Bloqueo de bot\u00f3n<\/strong> : un bloqueo s\u00f3lido y seguro que evita que la hoja se cierre accidentalmente<\/li>\n<\/ul>\n<p>\u2696 <strong>Peso:<\/strong><\/p>\n<ul data-spread=\"false\">\n<li><strong>4,1 oz (116 g)<\/strong> : resistente pero compacto para un transporte c\u00f3modo<\/li>\n<\/ul>\n<p>\ud83d\udccc <strong>Otras caracter\u00edsticas:<\/strong><br \/>\n \u2714 <strong>Clip de bolsillo reversible<\/strong> : para un c\u00f3modo transporte oculto<br \/>\n \u2714 <strong>Orificio para cord\u00f3n<\/strong> : le permite colocar un cord\u00f3n para mayor seguridad y acceso r\u00e1pido<br \/>\n \u2714 <strong>Alta resistencia a condiciones extremas<\/strong> : dise\u00f1ado para uso profesional<\/p>\n<div>\n<hr>\n<\/div>\n<h2><strong>Propiedades clave:<\/strong><\/h2>\n<p>\u2705  <strong>Potente cuchilla t\u00e1ctica<\/strong> : ideal para aplicaciones militares y de rescate<br \/>\n\u2705  <strong>Mec\u00e1nica extremadamente r\u00e1pida<\/strong> : mecanismo autom\u00e1tico preciso con respuesta ultrarr\u00e1pida<br \/>\n\u2705  <strong>Construcci\u00f3n duradera<\/strong> : el aluminio de calidad aeron\u00e1utica y el acero de primera calidad garantizan una larga vida \u00fatil.<br \/>\n\u2705  <strong>Agarre c\u00f3modo<\/strong> : mango ergon\u00f3mico con acabado antideslizante<\/p>\n<div>\n<hr>\n<\/div>\n<h2><strong>Usar:<\/strong><\/h2>\n<p>\ud83c\udfaf <strong>Fines t\u00e1cticos y militares<\/strong> : dise\u00f1ado para profesionales en condiciones exigentes<br \/>\n\ud83c\udfd5 <strong>Outdoor y supervivencia<\/strong> : una herramienta fiable para aventureros exigentes<br \/>\n\ud83d\udd2a  <strong>Everyday Carry (EDC)<\/strong> : un gran equilibrio entre rendimiento y compacidad<br \/>\n\ud83d\ude91 <strong>Operaciones de rescate<\/strong> : apertura r\u00e1pida con una mano para situaciones de emergencia <\/p>\n<div>\n<hr>\n<\/div>\n<h2><strong>Ventajas y desventajas:<\/strong><\/h2>\n<p>\u2705  <strong>Ventajas:<\/strong><br \/>\n \u2714 Mecanismo de disparo r\u00e1pido y confiable<br \/>\n\u2714 Construcci\u00f3n duradera hecha de materiales de primera calidad.<br \/>\n\u2714 Dise\u00f1o ergon\u00f3mico para m\u00e1xima comodidad mientras trabaja<br \/>\n\u2714 Uso universal: t\u00e1ctico, de rescate y uso diario.<\/p>\n<p>\u274c <strong>Desventajas:<\/strong><br \/>\n \u2716 Precio m\u00e1s alto en relaci\u00f3n a la calidad y el rendimiento.<br \/>\n \u2716 El mecanismo autom\u00e1tico puede no ser legal en todas las jurisdicciones<\/p>\n<div>\n<hr>\n<\/div>\n<h2><strong>Conclusi\u00f3n:<\/strong><\/h2>\n<p><strong>El Pro-Tech Tactical Response TR-3 X1<\/strong> es <strong>un cuchillo t\u00e1ctico profesional<\/strong> que <strong>combina una apertura ultrarr\u00e1pida, una construcci\u00f3n robusta y m\u00e1xima confiabilidad<\/strong> . Es ideal para <strong>uso militar, de rescate y EDC<\/strong> , donde <strong>la velocidad y la fuerza<\/strong> son clave. Si est\u00e1 buscando <strong>un cuchillo autom\u00e1tico potente y duradero<\/strong> , <strong>el TR-3 X1<\/strong> es <strong>una excelente opci\u00f3n<\/strong> . \ud83d\ude80   <\/p>\n","protected":false},"excerpt":{"rendered":"<p><strong>El Pro-Tech Tactical Response TR-3 X1 es un cuchillo t\u00e1ctico profesional que combina una apertura ultrarr\u00e1pida, una construcci\u00f3n robusta y m\u00e1xima confiabilidad. Es ideal para uso militar, de rescate y EDC donde la velocidad y la fuerza son clave. Si est\u00e1 buscando un cuchillo autom\u00e1tico potente y duradero, el TR-3 X1 es una excelente opci\u00f3n. \ud83d\ude80<\/strong><\/p>\n<p> <strong>Env\u00edo gratis.<\/strong><\/p>\n","protected":false},"featured_media":389957,"comment_status":"open","ping_status":"closed","template":"","meta":[],"pwb-brand":[3815],"product_brand":[],"product_cat":[3726,3729],"product_tag":[],"class_list":{"0":"post-390042","1":"product","2":"type-product","3":"status-publish","4":"has-post-thumbnail","6":"pwb-brand-para-tecnologia","7":"product_cat-cuchillos","8":"product_cat-cuchillos-de-tiro","10":"first","11":"instock","12":"taxable","13":"shipping-taxable","14":"purchasable","15":"product-type-simple"},"brands":[{"id":3815,"name":"Para tecnolog\u00eda","slug":"para-tecnologia"}],"_links":{"self":[{"href":"https:\/\/www.moskito.cz\/es\/wp-json\/wp\/v2\/product\/390042","targetHints":{"allow":["GET"]}}],"collection":[{"href":"https:\/\/www.moskito.cz\/es\/wp-json\/wp\/v2\/product"}],"about":[{"href":"https:\/\/www.moskito.cz\/es\/wp-json\/wp\/v2\/types\/product"}],"replies":[{"embeddable":true,"href":"https:\/\/www.moskito.cz\/es\/wp-json\/wp\/v2\/comments?post=390042"}],"wp:featuredmedia":[{"embeddable":true,"href":"https:\/\/www.moskito.cz\/es\/wp-json\/wp\/v2\/media\/389957"}],"wp:attachment":[{"href":"https:\/\/www.moskito.cz\/es\/wp-json\/wp\/v2\/media?parent=390042"}],"wp:term":[{"taxonomy":"pwb-brand","embeddable":true,"href":"https:\/\/www.moskito.cz\/es\/wp-json\/wp\/v2\/pwb-brand?post=390042"},{"taxonomy":"product_brand","embeddable":true,"href":"https:\/\/www.moskito.cz\/es\/wp-json\/wp\/v2\/product_brand?post=390042"},{"taxonomy":"product_cat","embeddable":true,"href":"https:\/\/www.moskito.cz\/es\/wp-json\/wp\/v2\/product_cat?post=390042"},{"taxonomy":"product_tag","embeddable":true,"href":"https:\/\/www.moskito.cz\/es\/wp-json\/wp\/v2\/product_tag?post=390042"}],"curies":[{"name":"wp","href":"https:\/\/api.w.org\/{rel}","templated":true}]}}