{"id":390181,"date":"2025-02-09T21:25:06","date_gmt":"2025-02-09T20:27:30","guid":{"rendered":"https:\/\/www.moskito.cz\/produkt\/cuchillo-arrojadizo-tr-2-shot-show-2024-de-edicion-limitada-de-pro-tech\/"},"modified":"2025-05-07T11:28:18","modified_gmt":"2025-05-07T10:28:18","slug":"cuchillo-arrojadizo-tr-2-shot-show-2024-de-edicion-limitada-de-pro-tech","status":"publish","type":"product","link":"https:\/\/www.moskito.cz\/es\/produkt\/cuchillo-arrojadizo-tr-2-shot-show-2024-de-edicion-limitada-de-pro-tech\/","title":{"rendered":"Cuchillo arrojadizo TR-2 SHOT Show 2024 de edici\u00f3n limitada de Pro-Tech"},"content":{"rendered":"<div class=\"flex max-w-full flex-col flex-grow\">\n<div class=\"min-h-8 text-message flex w-full flex-col items-end gap-2 whitespace-normal break-words text-start [.text-message+&amp;]:mt-5\" dir=\"auto\" data-message-author-role=\"assistant\" data-message-id=\"d9749f7b-3bff-4ff8-8896-8d7d63aeefda\" data-message-model-slug=\"gpt-4o\">\n<div class=\"flex w-full flex-col gap-1 empty:hidden first:pt-[3px]\">\n<div class=\"markdown prose w-full break-words dark:prose-invert light\">\n<h3><strong>Cuchillo arrojadizo TR-2 SHOT Show 2024 de edici\u00f3n limitada de Pro-Tech<\/strong><\/h3>\n<p>El Pro-Tech Limited Edition TR-2 SHOT Show 2024 es un cuchillo de tiro exclusivo, producido en una edici\u00f3n limitada especial para la feria SHOT Show 2024. Este modelo combina una alta funcionalidad con un dise\u00f1o \u00fanico que har\u00e1 las delicias tanto de los coleccionistas como de los usuarios exigentes que buscan un cuchillo t\u00e1ctico confiable. <\/p>\n<hr>\n<h3><strong>Especificaciones t\u00e9cnicas<\/strong><\/h3>\n<p>\ud83d\udd2a  <strong>Cuchilla:<\/strong><\/p>\n<ul>\n<li><strong>Largo:<\/strong> 3,0\u2033 (7,6 cm): tama\u00f1o ideal para uso diario y tareas t\u00e1cticas<\/li>\n<li><strong>Material:<\/strong> <strong>CPM-S35VN<\/strong> : acero de primera calidad con alta resistencia y larga vida \u00fatil de la hoja.<\/li>\n<li><strong>Forma:<\/strong> <strong>Punta ca\u00edda<\/strong> : forma universal para cortes y punzadas precisas<\/li>\n<li><strong>Tratamiento de superficie:<\/strong> <strong>DLC negro (carbono tipo diamante)<\/strong> : aumenta la resistencia a la corrosi\u00f3n y a los ara\u00f1azos<\/li>\n<\/ul>\n<p>\ud83d\udd90 <strong>Identificador:<\/strong><\/p>\n<ul>\n<li><strong>Material:<\/strong> <strong>Aluminio 6061-T6<\/strong> : aluminio aeron\u00e1utico resistente pero ligero<\/li>\n<li><strong>Color:<\/strong> <strong>Acabado especial de edici\u00f3n limitada<\/strong> con detalles grabados a l\u00e1ser SHOT Show 2024<\/li>\n<li><strong>Dise\u00f1o ergon\u00f3mico<\/strong> : agarre c\u00f3modo y seguro.<\/li>\n<\/ul>\n<p>\u2699 <strong>Mecanismo:<\/strong><\/p>\n<ul>\n<li><strong>Apertura del bot\u00f3n:<\/strong> Liberaci\u00f3n autom\u00e1tica del bot\u00f3n: activaci\u00f3n extremadamente r\u00e1pida<\/li>\n<li><strong>Cerradura:<\/strong> Mecanismo com\u00fan y s\u00f3lido para evitar apertura accidental.<\/li>\n<\/ul>\n<p>\u2696 <strong>Peso:<\/strong><\/p>\n<ul>\n<li><strong>Aproximadamente 85 g<\/strong> : ligero y f\u00e1cil de transportar.<\/li>\n<\/ul>\n<p>\ud83d\udccc <strong>Otras caracter\u00edsticas:<\/strong><\/p>\n<ul>\n<li>Edici\u00f3n limitada lanzada solo para SHOT Show 2024<\/li>\n<li>Fabricaci\u00f3n CNC de precisi\u00f3n que garantiza la m\u00e1xima calidad y fiabilidad.<\/li>\n<li>Clip de acero para f\u00e1cil transporte.<\/li>\n<\/ul>\n<hr>\n<h3><strong>Propiedades clave:<\/strong><\/h3>\n<p>\u2705  <strong>Edici\u00f3n limitada<\/strong> : una pieza de colecci\u00f3n \u00fanica.<br \/>\n\u2705  <strong>Materiales de primera calidad<\/strong> : hoja CPM-S35VN y mango de aluminio<br \/>\n\u2705  <strong>Apertura r\u00e1pida<\/strong> : mecanismo de expulsi\u00f3n suave y confiable<br \/>\n\u2705  <strong>Ligero y compacto<\/strong> : ideal para uso diario.<\/p>\n<hr>\n<h3><strong>Usar:<\/strong><\/h3>\n<p>\ud83c\udfaf <strong>Uso t\u00e1ctico y de autodefensa<\/strong> : despliegue r\u00e1pido y confiabilidad<br \/>\n\ud83d\udd2a  <strong>Una pieza de colecci\u00f3n<\/strong> : un modelo exclusivo para los amantes de los cuchillos.<br \/>\n\ud83d\udd27 <strong>EDC (Everyday Carry)<\/strong> : un cuchillo pr\u00e1ctico y elegante para el uso diario <\/p>\n<hr>\n<h3><strong>Ventajas y desventajas:<\/strong><\/h3>\n<p>\u2705  <strong>Ventajas:<\/strong><\/p>\n<ul>\n<li>Edici\u00f3n limitada con un dise\u00f1o \u00fanico.<\/li>\n<li>Materiales de primera calidad y mano de obra precisa.<\/li>\n<li>Mecanismo de disparo r\u00e1pido y suave.<\/li>\n<li>Ligero y compacto<\/li>\n<\/ul>\n<p>\u274c <strong>Desventajas:<\/strong><\/p>\n<ul>\n<li>Precio superior correspondiente a la exclusividad del modelo.<\/li>\n<li>Disponibilidad limitada: solo para SHOT Show 2024<\/li>\n<li>Algunas leyes pueden restringir el porte de navajas autom\u00e1ticas.<\/li>\n<\/ul>\n<hr>\n<h3><strong>conclusi\u00f3n:<\/strong><\/h3>\n<p>La edici\u00f3n limitada Pro-Tech TR-2 SHOT Show 2024 es una pieza \u00fanica que combina <strong>materiales de primera calidad, mano de obra precisa y dise\u00f1o exclusivo<\/strong> . Gracias a su producci\u00f3n limitada, este es un cuchillo raro que encontrar\u00e1 su lugar tanto en colecciones como entre usuarios exigentes que buscan un <strong>cuchillo EDC<\/strong> tan confiable. Si quieres <strong>un modelo exclusivo y \u00fanico<\/strong> , este TR-2 es una gran elecci\u00f3n. \ud83d\ude80 \ud83d\udd2a   <\/p>\n<\/div>\n<\/div>\n<\/div>\n<\/div>\n","protected":false},"excerpt":{"rendered":"<p><strong>La edici\u00f3n limitada Pro-Tech TR-2 SHOT Show 2024 es una pieza \u00fanica que combina materiales de primera calidad, mano de obra precisa y dise\u00f1o exclusivo. Gracias a su producci\u00f3n limitada, se trata de un cuchillo raro que encontrar\u00e1 su lugar tanto en colecciones como entre usuarios exigentes que buscan un cuchillo EDC tan fiable. Si buscas un modelo exclusivo y \u00fanico, este TR-2 es una gran elecci\u00f3n. \ud83d\ude80 \ud83d\udd2a   <\/strong><\/p>\n<p><strong>Transporte gratuito.<\/strong><\/p>\n","protected":false},"featured_media":390148,"comment_status":"open","ping_status":"closed","template":"","meta":[],"pwb-brand":[3815],"product_brand":[],"product_cat":[3726,3729],"product_tag":[],"class_list":{"0":"post-390181","1":"product","2":"type-product","3":"status-publish","4":"has-post-thumbnail","6":"pwb-brand-para-tecnologia","7":"product_cat-cuchillos","8":"product_cat-cuchillos-de-tiro","10":"first","11":"instock","12":"taxable","13":"shipping-taxable","14":"purchasable","15":"product-type-simple"},"brands":[{"id":3815,"name":"Para tecnolog\u00eda","slug":"para-tecnologia"}],"_links":{"self":[{"href":"https:\/\/www.moskito.cz\/es\/wp-json\/wp\/v2\/product\/390181","targetHints":{"allow":["GET"]}}],"collection":[{"href":"https:\/\/www.moskito.cz\/es\/wp-json\/wp\/v2\/product"}],"about":[{"href":"https:\/\/www.moskito.cz\/es\/wp-json\/wp\/v2\/types\/product"}],"replies":[{"embeddable":true,"href":"https:\/\/www.moskito.cz\/es\/wp-json\/wp\/v2\/comments?post=390181"}],"wp:featuredmedia":[{"embeddable":true,"href":"https:\/\/www.moskito.cz\/es\/wp-json\/wp\/v2\/media\/390148"}],"wp:attachment":[{"href":"https:\/\/www.moskito.cz\/es\/wp-json\/wp\/v2\/media?parent=390181"}],"wp:term":[{"taxonomy":"pwb-brand","embeddable":true,"href":"https:\/\/www.moskito.cz\/es\/wp-json\/wp\/v2\/pwb-brand?post=390181"},{"taxonomy":"product_brand","embeddable":true,"href":"https:\/\/www.moskito.cz\/es\/wp-json\/wp\/v2\/product_brand?post=390181"},{"taxonomy":"product_cat","embeddable":true,"href":"https:\/\/www.moskito.cz\/es\/wp-json\/wp\/v2\/product_cat?post=390181"},{"taxonomy":"product_tag","embeddable":true,"href":"https:\/\/www.moskito.cz\/es\/wp-json\/wp\/v2\/product_tag?post=390181"}],"curies":[{"name":"wp","href":"https:\/\/api.w.org\/{rel}","templated":true}]}}