{"id":390410,"date":"2025-02-11T21:32:14","date_gmt":"2025-02-11T20:32:14","guid":{"rendered":"https:\/\/www.moskito.cz\/produkt\/navaja-plegable-spartan-blades-custom-harsey-nichols-damascus-blue\/"},"modified":"2025-09-29T00:00:02","modified_gmt":"2025-09-28T23:00:02","slug":"navaja-plegable-spartan-blades-custom-harsey-nichols-damascus-blue","status":"publish","type":"product","link":"https:\/\/www.moskito.cz\/es\/produkt\/navaja-plegable-spartan-blades-custom-harsey-nichols-damascus-blue\/","title":{"rendered":"Navaja plegable Spartan Blades Custom Harsey Nichols Damascus Blue"},"content":{"rendered":"<article class=\"w-full text-token-text-primary focus-visible:outline-2 focus-visible:outline-offset-[-4px]\" dir=\"auto\" data-testid=\"conversation-turn-13\" data-scroll-anchor=\"false\">\n<div class=\"m-auto text-base py-[18px] px-6\">\n<div class=\"mx-auto flex flex-1 gap-4 text-base md:gap-5 lg:gap-6 md:max-w-3xl\">\n<div class=\"group\/conversation-turn relative flex w-full min-w-0 flex-col agent-turn @xs\/thread:px-0 @sm\/thread:px-1.5 @md\/thread:px-4\">\n<div class=\"flex-col gap-1 md:gap-3\">\n<div class=\"flex max-w-full flex-col flex-grow\">\n<div class=\"min-h-8 text-message flex w-full flex-col items-end gap-2 whitespace-normal break-words text-start [.text-message+&amp;]:mt-5\" dir=\"auto\" data-message-author-role=\"assistant\" data-message-id=\"f6d2922e-d430-436d-be1a-27ce524b9993\" data-message-model-slug=\"gpt-4o-mini\">\n<div class=\"flex w-full flex-col gap-1 empty:hidden first:pt-[3px]\">\n<div class=\"markdown prose w-full break-words dark:prose-invert light\">\n<p data-start=\"0\" data-end=\"67\"><strong data-start=\"0\" data-end=\"67\"><span>Navaja plegable Spartan Blades Custom Harsey Nichols Damascus Blue<\/span><\/strong><\/p>\n<p data-start=\"69\" data-end=\"430\"><span>El Spartan Blades Custom Harsey Nichols Damascus Blue es un modelo de cuchillo exclusivo que combina materiales de primera calidad y artesan\u00eda art\u00edstica con tecnolog\u00edas modernas. Este cuchillo es un gran ejemplo de artesan\u00eda manual con acero de Damasco y un dise\u00f1o detallado que atrae la atenci\u00f3n y es adecuado tanto para coleccionistas como para usuarios exigentes. <\/span><\/p>\n<h3 data-start=\"432\" data-end=\"457\"><span>Especificaciones t\u00e9cnicas<\/span><\/h3>\n<p data-start=\"459\" data-end=\"472\"><span>\ud83d\udd2a<\/span> <strong data-start=\"462\" data-end=\"472\"><span>Hoja:<\/span><\/strong><\/p>\n<ul data-start=\"473\" data-end=\"942\">\n<li data-start=\"473\" data-end=\"553\"><strong data-start=\"475\" data-end=\"485\"><span>Longitud:<\/span><\/strong> <span>Aproximadamente<\/span><\/li>\n<li data-start=\"554\" data-end=\"733\"><strong data-start=\"556\" data-end=\"569\"><span>Material:<\/span><\/strong> <span>**Acero de Damasco<\/span> <strong data-start=\"570\" data-end=\"587\"><span>Acero de Damasco<\/span><\/strong> <span>\u2013 cada uno<\/span><\/li>\n<li data-start=\"734\" data-end=\"831\"><strong data-start=\"736\" data-end=\"745\"><span>Forma:<\/span><\/strong> <span>D<\/span><\/li>\n<li data-start=\"832\" data-end=\"942\"><strong data-start=\"834\" data-end=\"855\"><span>Tratamiento de la superficie:<\/span><\/strong> <span>hecho a mano<\/span><\/li>\n<\/ul>\n<p data-start=\"944\" data-end=\"959\"><span>\ud83d\udd90<\/span> <strong data-start=\"947\" data-end=\"959\"><span>Identificador:<\/span><\/strong><\/p>\n<ul data-start=\"960\" data-end=\"1350\">\n<li data-start=\"960\" data-end=\"1099\"><strong data-start=\"962\" data-end=\"975\"><span>Material:<\/span><\/strong> <span>Vy<\/span> <strong data-start=\"992\" data-end=\"1004\"><span>titanio<\/span><\/strong> <span>: un material ligero, resistente y duradero que garantiza comodidad en el uso y una excelente durabilidad.<\/span><\/li>\n<li data-start=\"1100\" data-end=\"1222\"><strong data-start=\"1102\" data-end=\"1113\"><span>Dise\u00f1o:<\/span><\/strong> <span>El acabado de titanio anodizado azul agrega valor est\u00e9tico y da un aspecto moderno pero elegante.<\/span><\/li>\n<li data-start=\"1223\" data-end=\"1350\"><strong data-start=\"1225\" data-end=\"1247\"><span>Dise\u00f1o ergon\u00f3mico<\/span><\/strong> <span>: el mango est\u00e1 dise\u00f1ado para un agarre c\u00f3modo, lo que garantiza un uso seguro incluso cuando se sostiene durante largos per\u00edodos de tiempo.<\/span><\/li>\n<\/ul>\n<p data-start=\"1352\" data-end=\"1370\"><span>\u2699<\/span> <strong data-start=\"1354\" data-end=\"1370\"><span>Mecanismo:<\/span><\/strong><\/p>\n<ul data-start=\"1371\" data-end=\"1586\">\n<li data-start=\"1371\" data-end=\"1500\"><strong data-start=\"1373\" data-end=\"1387\"><span>Apertura:<\/span><\/strong> <span>El cuchillo est\u00e1 equipado con un<\/span> mecanismo <strong data-start=\"1415\" data-end=\"1429\"><span>de bloqueo de marco<\/span><\/strong> confiable <span>que garantiza que la hoja est\u00e9 bloqueada de forma segura durante el uso.<\/span><\/li>\n<li data-start=\"1501\" data-end=\"1586\"><strong data-start=\"1503\" data-end=\"1516\"><span>Velocidad:<\/span><\/strong> <span>El mecanismo es suave y eficiente, permitiendo que el cuchillo se abra r\u00e1pidamente.<\/span><\/li>\n<\/ul>\n<p data-start=\"1588\" data-end=\"1603\"><span>\u2696<\/span> <strong data-start=\"1590\" data-end=\"1603\"><span>Peso:<\/span><\/strong><\/p>\n<ul data-start=\"1604\" data-end=\"1772\">\n<li data-start=\"1604\" data-end=\"1772\"><span>Aproximadamente 150-170 g: proporciona una construcci\u00f3n s\u00f3lida y equilibrada que es lo suficientemente liviana para el uso diario, pero lo suficientemente robusta para tareas m\u00e1s exigentes.<\/span><\/li>\n<\/ul>\n<p data-start=\"1774\" data-end=\"1798\"><span>\ud83d\udccc<\/span> <strong data-start=\"1777\" data-end=\"1798\"><span>Otras caracter\u00edsticas:<\/span><\/strong><\/p>\n<ul data-start=\"1799\" data-end=\"2075\">\n<li data-start=\"1799\" data-end=\"1911\"><strong data-start=\"1801\" data-end=\"1821\"><span>Edici\u00f3n limitada<\/span><\/strong> <span>: este cuchillo es parte de una edici\u00f3n exclusiva, lo que lo convierte en un art\u00edculo de colecci\u00f3n muy buscado.<\/span><\/li>\n<li data-start=\"1912\" data-end=\"2000\"><strong data-start=\"1914\" data-end=\"1937\"><span>Producci\u00f3n CNC de precisi\u00f3n<\/span><\/strong> <span>: cada pieza se procesa con el m\u00e1ximo cuidado y atenci\u00f3n al detalle.<\/span><\/li>\n<li data-start=\"2001\" data-end=\"2075\"><strong data-start=\"2003\" data-end=\"2019\"><span>Clip de acero<\/span><\/strong> <span>para f\u00e1cil transporte y fijaci\u00f3n a la ropa o mochila.<\/span><\/li>\n<\/ul>\n<h3 data-start=\"2077\" data-end=\"2100\"><span>Propiedades clave:<\/span><\/h3>\n<p data-start=\"2101\" data-end=\"2481\"><span>\u2705<\/span> <strong data-start=\"2103\" data-end=\"2123\"><span>Edici\u00f3n limitada<\/span><\/strong> <span>: una gran pieza para coleccionistas y usuarios exigentes que buscan algo \u00fanico.<\/span> <br data-start=\"2205\" data-end=\"2208\"><span>\u2705<\/span> <strong data-start=\"2210\" data-end=\"2227\"><span>Acero de Damasco<\/span><\/strong> <span>: hoja forjada a mano con un patr\u00f3n \u00fanico y excelentes propiedades de corte.<\/span> <br data-start=\"2314\" data-end=\"2317\"><span>\u2705<\/span> <strong data-start=\"2319\" data-end=\"2339\"><span>Apertura r\u00e1pida<\/span><\/strong> <span>: mecanismo de bloqueo del marco eficiente y confiable.<\/span> <br data-start=\"2388\" data-end=\"2391\"><span>\u2705<\/span> <strong data-start=\"2393\" data-end=\"2419\"><span>Anodizado de titanio azul<\/span><\/strong> <span>: un dise\u00f1o moderno y est\u00e9tico que aumenta el atractivo de los cuchillos.<\/span><\/p>\n<h3 data-start=\"2483\" data-end=\"2495\"><span>Usar:<\/span><\/h3>\n<p data-start=\"2496\" data-end=\"2878\"><span>\ud83c\udfaf<\/span> <strong data-start=\"2499\" data-end=\"2521\"><span>Art\u00edculo de colecci\u00f3n<\/span><\/strong> <span>: edici\u00f3n limitada con hermoso damasco, ideal para coleccionistas de cuchillos.<\/span> <br data-start=\"2597\" data-end=\"2600\"> <span>\ud83d\udd2a<\/span> <strong data-start=\"2603\" data-end=\"2627\"><span>EDC (Everyday Carry)<\/span><\/strong> <span>: un cuchillo elegante y de alta calidad para las tareas diarias, que tambi\u00e9n ofrece una apariencia \u00fanica y una alta funcionalidad.<\/span> <br data-start=\"2732\" data-end=\"2735\"> <span>\ud83d\udd27<\/span> <strong data-start=\"2738\" data-end=\"2758\"><span>Uso t\u00e1ctico<\/span><\/strong> <span>: gracias a su construcci\u00f3n de alta calidad y durabilidad, tambi\u00e9n es adecuado para uso t\u00e1ctico, donde la confiabilidad y el uso r\u00e1pido son importantes.<\/span><\/p>\n<h3 data-start=\"2880\" data-end=\"2902\"><span>Ventajas y desventajas:<\/span><\/h3>\n<p data-start=\"2903\" data-end=\"2916\"><span>\u2705<\/span> <strong data-start=\"2905\" data-end=\"2916\"><span>Beneficios:<\/span><\/strong><\/p>\n<ul data-start=\"2917\" data-end=\"3156\">\n<li data-start=\"2917\" data-end=\"2986\"><span>Dise\u00f1o \u00fanico con hoja de Damasco forjada a mano y titanio azul.<\/span><\/li>\n<li data-start=\"2987\" data-end=\"3035\"><span>Materiales de alta calidad y cuidada confecci\u00f3n.<\/span><\/li>\n<li data-start=\"3036\" data-end=\"3095\"><span>Apertura r\u00e1pida y fiable gracias al mecanismo de bloqueo del marco.<\/span><\/li>\n<li data-start=\"3096\" data-end=\"3156\"><span>Edici\u00f3n limitada, lo que la convierte en un valioso objeto de colecci\u00f3n.<\/span><\/li>\n<\/ul>\n<p data-start=\"3158\" data-end=\"3173\"><span>\u274c<\/span> <strong data-start=\"3160\" data-end=\"3173\"><span>Desventajas:<\/span><\/strong><\/p>\n<ul data-start=\"3174\" data-end=\"3362\">\n<li data-start=\"3174\" data-end=\"3239\"><span>Precio m\u00e1s elevado debido a la exclusividad del modelo y los materiales utilizados.<\/span><\/li>\n<li data-start=\"3240\" data-end=\"3285\"><span>Disponibilidad limitada debido a la producci\u00f3n limitada.<\/span><\/li>\n<li data-start=\"3286\" data-end=\"3362\"><span>Algunas jurisdicciones pueden tener leyes estrictas con respecto al porte de cuchillos plegables.<\/span><\/li>\n<\/ul>\n<h3 data-start=\"3364\" data-end=\"3374\"><span>conclusi\u00f3n:<\/span><\/h3>\n<p data-start=\"3375\" data-end=\"3697\" data-is-last-node=\"\"><span>El Spartan Blades Custom Harsey Nichols Damascus Blue es un cuchillo excepcional que combina un rendimiento superior, un hermoso dise\u00f1o y una edici\u00f3n limitada. Gracias al uso de acero de Damasco forjado a mano y anodizado de titanio azul, esta es una pieza \u00fanica para coleccionistas, pero tambi\u00e9n para usuarios que buscan un cuchillo confiable y de alta calidad para el uso diario \ud83d\ude80 \ud83d\udd2a <\/span><\/p>\n<\/div>\n<\/div>\n<\/div>\n<\/div>\n<div class=\"mb-2 flex gap-3 empty:hidden -ml-2\">\n<div class=\"items-center justify-start rounded-xl p-1 z-10 -mt-1 bg-token-main-surface-primary screen-arch:mt-1 md:absolute flex\">\n<div class=\"flex items-center\"><\/div>\n<\/div>\n<\/div>\n<div class=\"pr-2 lg:pr-0\"><\/div>\n<\/div>\n<\/div>\n<\/div>\n<\/div>\n<\/article>\n","protected":false},"excerpt":{"rendered":"<p><strong>El Spartan Blades Custom Harsey Nichols Damascus Blue es un cuchillo excepcional que combina un rendimiento superior, un hermoso dise\u00f1o y una edici\u00f3n limitada. Gracias al uso de acero de Damasco forjado a mano y anodizado de titanio azul, esta es una pieza \u00fanica para coleccionistas, pero tambi\u00e9n para usuarios que buscan un cuchillo confiable y de alta calidad para el uso diario \ud83d\ude80 \ud83d\udd2a <\/strong><\/p>\n<p><strong>Transporte gratuito.<\/strong><\/p>\n","protected":false},"featured_media":390313,"comment_status":"open","ping_status":"closed","template":"","meta":[],"pwb-brand":[3838],"product_brand":[],"product_cat":[3730,3726,3764],"product_tag":[],"class_list":{"0":"post-390410","1":"product","2":"type-product","3":"status-publish","4":"has-post-thumbnail","6":"pwb-brand-espadas-espartanas","7":"product_cat-cuchillas-de-cierre","8":"product_cat-cuchillos","9":"product_cat-cuchillos-damasquinados","11":"first","12":"instock","13":"taxable","14":"shipping-taxable","15":"purchasable","16":"product-type-simple"},"brands":[{"id":3838,"name":"Espadas espartanas","slug":"espadas-espartanas"}],"_links":{"self":[{"href":"https:\/\/www.moskito.cz\/es\/wp-json\/wp\/v2\/product\/390410","targetHints":{"allow":["GET"]}}],"collection":[{"href":"https:\/\/www.moskito.cz\/es\/wp-json\/wp\/v2\/product"}],"about":[{"href":"https:\/\/www.moskito.cz\/es\/wp-json\/wp\/v2\/types\/product"}],"replies":[{"embeddable":true,"href":"https:\/\/www.moskito.cz\/es\/wp-json\/wp\/v2\/comments?post=390410"}],"wp:featuredmedia":[{"embeddable":true,"href":"https:\/\/www.moskito.cz\/es\/wp-json\/wp\/v2\/media\/390313"}],"wp:attachment":[{"href":"https:\/\/www.moskito.cz\/es\/wp-json\/wp\/v2\/media?parent=390410"}],"wp:term":[{"taxonomy":"pwb-brand","embeddable":true,"href":"https:\/\/www.moskito.cz\/es\/wp-json\/wp\/v2\/pwb-brand?post=390410"},{"taxonomy":"product_brand","embeddable":true,"href":"https:\/\/www.moskito.cz\/es\/wp-json\/wp\/v2\/product_brand?post=390410"},{"taxonomy":"product_cat","embeddable":true,"href":"https:\/\/www.moskito.cz\/es\/wp-json\/wp\/v2\/product_cat?post=390410"},{"taxonomy":"product_tag","embeddable":true,"href":"https:\/\/www.moskito.cz\/es\/wp-json\/wp\/v2\/product_tag?post=390410"}],"curies":[{"name":"wp","href":"https:\/\/api.w.org\/{rel}","templated":true}]}}