{"id":393676,"date":"2025-02-23T12:02:49","date_gmt":"2025-02-23T11:02:49","guid":{"rendered":"https:\/\/www.moskito.cz\/?post_type=product&#038;p=393676"},"modified":"2026-01-07T14:23:45","modified_gmt":"2026-01-07T13:23:45","slug":"pevny-nuz-extrema-ratio-fulcrum-c-fh-desert-warfare-04-1000-0110-dw","status":"publish","type":"product","link":"https:\/\/www.moskito.cz\/es\/produkt\/pevny-nuz-extrema-ratio-fulcrum-c-fh-desert-warfare-04-1000-0110-dw\/","title":{"rendered":"Pevn\u00fd N\u016f\u017e Extrema Ratio FULCRUM C FH DESERT WARFARE 04.1000.0110\/DW"},"content":{"rendered":"<div class=\"flex max-w-full flex-col flex-grow\">\n<div class=\"min-h-8 text-message flex w-full flex-col items-end gap-2 whitespace-normal break-words text-start [.text-message+&amp;]:mt-5\" dir=\"auto\" data-message-author-role=\"assistant\" data-message-id=\"dad26a68-49a8-4172-af24-f916f8b99dff\" data-message-model-slug=\"gpt-4o\">\n<div class=\"flex w-full flex-col gap-1 empty:hidden first:pt-[3px]\">\n<div class=\"markdown prose w-full break-words dark:prose-invert light\">\n<p data-start=\"0\" data-end=\"76\">\ud83d\udd2a <strong data-start=\"3\" data-end=\"74\">Pevn\u00fd N\u016f\u017e Extrema Ratio FULCRUM C FH DESERT WARFARE 04.1000.0110\/DW<\/strong><\/p>\n<p data-start=\"78\" data-end=\"395\">Extrema Ratio FULCRUM C FH DESERT WARFARE je extr\u00e9mn\u011b odoln\u00fd a kompaktn\u00ed taktick\u00fd n\u016f\u017e navr\u017een\u00fd pro vojensk\u00e9 a survival nasazen\u00ed. D\u00edky pevn\u00e9 \u010depeli z vysoce kvalitn\u00ed oceli N690, speci\u00e1ln\u00ed povrchov\u00e9 \u00faprav\u011b Desert Warfare a ergonomick\u00e9 rukojeti z Forprene poskytuje maxim\u00e1ln\u00ed spolehlivost v nejn\u00e1ro\u010dn\u011bj\u0161\u00edch podm\u00ednk\u00e1ch.<\/p>\n<hr data-start=\"397\" data-end=\"400\" \/>\n<h3 data-start=\"402\" data-end=\"433\">\ud83d\udd11 <strong data-start=\"409\" data-end=\"431\">Kl\u00ed\u010dov\u00e9 vlastnosti<\/strong><\/h3>\n<p data-start=\"434\" data-end=\"915\">\u2714 <strong data-start=\"436\" data-end=\"472\">Pevn\u00e1 \u010depel s extr\u00e9mn\u00ed odolnost\u00ed<\/strong> \u2013 ide\u00e1ln\u00ed pro vojensk\u00e9 a survival pou\u017eit\u00ed.<br data-start=\"515\" data-end=\"518\" \/>\u2714 <strong data-start=\"520\" data-end=\"549\">Vysoce kvalitn\u00ed ocel N690<\/strong> \u2013 vynikaj\u00edc\u00ed odolnost proti korozi a dlouh\u00e1 v\u00fddr\u017e ost\u0159\u00ed.<br data-start=\"606\" data-end=\"609\" \/>\u2714 <strong data-start=\"611\" data-end=\"646\">Povrchov\u00e1 \u00faprava Desert Warfare<\/strong> \u2013 maskovac\u00ed vzor pro taktick\u00e1 nasazen\u00ed.<br data-start=\"686\" data-end=\"689\" \/>\u2714 <strong data-start=\"691\" data-end=\"725\">Ergonomick\u00e1 rukoje\u0165 z Forprene<\/strong> \u2013 zaji\u0161\u0165uje pevn\u00fd a bezpe\u010dn\u00fd \u00fachop.<br data-start=\"761\" data-end=\"764\" \/>\u2714 <strong data-start=\"766\" data-end=\"787\">Kompaktn\u00ed rozm\u011bry<\/strong> \u2013 snadn\u00e9 p\u0159en\u00e1\u0161en\u00ed bez omezen\u00ed v\u00fdkonu.<br data-start=\"826\" data-end=\"829\" \/>\u2714 <strong data-start=\"831\" data-end=\"860\">Kvalitn\u00ed taktick\u00e9 pouzdro<\/strong> \u2013 kompatibiln\u00ed s MOLLE syst\u00e9mem pro pohodln\u00e9 no\u0161en\u00ed.<\/p>\n<hr data-start=\"917\" data-end=\"920\" \/>\n<h3 data-start=\"922\" data-end=\"946\">\ud83d\udcd0 <strong data-start=\"929\" data-end=\"944\">Specifikace<\/strong><\/h3>\n<ul data-start=\"947\" data-end=\"1214\">\n<li data-start=\"947\" data-end=\"976\"><strong data-start=\"949\" data-end=\"967\">Celkov\u00e1 d\u00e9lka:<\/strong> 220 mm<\/li>\n<li data-start=\"977\" data-end=\"1005\"><strong data-start=\"979\" data-end=\"996\">D\u00e9lka \u010depele:<\/strong> 110 mm<\/li>\n<li data-start=\"1006\" data-end=\"1037\"><strong data-start=\"1008\" data-end=\"1028\">Tlou\u0161\u0165ka \u010depele:<\/strong> 6,3 mm<\/li>\n<li data-start=\"1038\" data-end=\"1061\"><strong data-start=\"1040\" data-end=\"1053\">Hmotnost:<\/strong> 250 g<\/li>\n<li data-start=\"1062\" data-end=\"1091\"><strong data-start=\"1064\" data-end=\"1084\">Materi\u00e1l \u010depele:<\/strong> N690<\/li>\n<li data-start=\"1092\" data-end=\"1132\"><strong data-start=\"1094\" data-end=\"1115\">Povrchov\u00e1 \u00faprava:<\/strong> Desert Warfare<\/li>\n<li data-start=\"1133\" data-end=\"1168\"><strong data-start=\"1135\" data-end=\"1157\">Materi\u00e1l rukojeti:<\/strong> Forprene<\/li>\n<li data-start=\"1169\" data-end=\"1214\"><strong data-start=\"1171\" data-end=\"1183\">Pouzdro:<\/strong> Nylon s MOLLE kompatibilitou<\/li>\n<\/ul>\n<hr data-start=\"1216\" data-end=\"1219\" \/>\n<h3 data-start=\"1221\" data-end=\"1262\">\ud83d\udee0\ufe0f <strong data-start=\"1229\" data-end=\"1260\">Materi\u00e1ly, slo\u017een\u00ed &amp; design<\/strong><\/h3>\n<p data-start=\"1264\" data-end=\"1279\">\ud83d\udd2a <strong data-start=\"1267\" data-end=\"1277\">\u010cepel:<\/strong><\/p>\n<ul data-start=\"1280\" data-end=\"1505\">\n<li data-start=\"1280\" data-end=\"1360\">Ocel <strong data-start=\"1287\" data-end=\"1295\">N690<\/strong>, kter\u00e1 zaji\u0161\u0165uje vynikaj\u00edc\u00ed odolnost v\u016f\u010di opot\u0159eben\u00ed a korozi.<\/li>\n<li data-start=\"1361\" data-end=\"1432\"><strong data-start=\"1363\" data-end=\"1381\">Speci\u00e1ln\u00ed tvar<\/strong> umo\u017e\u0148uje univerz\u00e1ln\u00ed vyu\u017eit\u00ed v boji i survivalu.<\/li>\n<li data-start=\"1433\" data-end=\"1505\"><strong data-start=\"1435\" data-end=\"1470\">Povrchov\u00e1 \u00faprava Desert Warfare<\/strong> chr\u00e1n\u00ed \u010depel a maskuje v ter\u00e9nu.<\/li>\n<\/ul>\n<p data-start=\"1507\" data-end=\"1523\">\u270b <strong data-start=\"1509\" data-end=\"1521\">Rukoje\u0165:<\/strong><\/p>\n<ul data-start=\"1524\" data-end=\"1722\">\n<li data-start=\"1524\" data-end=\"1607\"><strong data-start=\"1526\" data-end=\"1547\">Forprene materi\u00e1l<\/strong> poskytuje pevn\u00fd \u00fachop i v mokr\u00e9m nebo bl\u00e1tiv\u00e9m prost\u0159ed\u00ed.<\/li>\n<li data-start=\"1608\" data-end=\"1669\"><strong data-start=\"1610\" data-end=\"1632\">Ergonomick\u00fd design<\/strong> pro dlouhodob\u00e9 pohodln\u00e9 pou\u017e\u00edv\u00e1n\u00ed.<\/li>\n<li data-start=\"1670\" data-end=\"1722\"><strong data-start=\"1672\" data-end=\"1701\">Integrovan\u00fd rozb\u00edje\u010d skla<\/strong> na konci rukojeti.<\/li>\n<\/ul>\n<p data-start=\"1724\" data-end=\"1740\">\ud83c\udfa8 <strong data-start=\"1727\" data-end=\"1738\">Design:<\/strong><\/p>\n<ul data-start=\"1741\" data-end=\"1927\">\n<li data-start=\"1741\" data-end=\"1801\">Modern\u00ed <strong data-start=\"1751\" data-end=\"1770\">taktick\u00fd vzhled<\/strong> inspirovan\u00fd vojensk\u00fdmi no\u017ei.<\/li>\n<li data-start=\"1802\" data-end=\"1875\"><strong data-start=\"1804\" data-end=\"1826\">Kompaktn\u00ed velikost<\/strong> umo\u017e\u0148uje snadn\u00e9 no\u0161en\u00ed bez sn\u00ed\u017een\u00ed efektivity.<\/li>\n<li data-start=\"1876\" data-end=\"1927\"><strong data-start=\"1878\" data-end=\"1899\">Vyv\u00e1\u017een\u00e1 hmotnost<\/strong> pro optim\u00e1ln\u00ed manipulaci.<\/li>\n<\/ul>\n<hr data-start=\"1929\" data-end=\"1932\" \/>\n<h3 data-start=\"1934\" data-end=\"1973\">\ud83d\udd27 <strong data-start=\"1941\" data-end=\"1971\">Tvar \u010depele a jeho vyu\u017eit\u00ed<\/strong><\/h3>\n<p data-start=\"1975\" data-end=\"1996\">\ud83d\udd39 <strong data-start=\"1978\" data-end=\"1994\">Tvar \u010depele:<\/strong><\/p>\n<ul data-start=\"1997\" data-end=\"2073\">\n<li data-start=\"1997\" data-end=\"2073\">Modifikovan\u00fd drop point pro <strong data-start=\"2027\" data-end=\"2070\">v\u0161estrann\u00e9 vyu\u017eit\u00ed a maxim\u00e1ln\u00ed odolnost<\/strong>.<\/li>\n<\/ul>\n<p data-start=\"2075\" data-end=\"2313\">\ud83d\udd39 <strong data-start=\"2078\" data-end=\"2097\">Vyu\u017eit\u00ed \u010depele:<\/strong><br data-start=\"2097\" data-end=\"2100\" \/>\u2714 <strong data-start=\"2102\" data-end=\"2122\">Vojensk\u00e9 operace<\/strong> \u2013 ide\u00e1ln\u00ed pro boj a taktick\u00e1 nasazen\u00ed.<br data-start=\"2161\" data-end=\"2164\" \/>\u2714 <strong data-start=\"2166\" data-end=\"2188\">Survival &amp; outdoor<\/strong> \u2013 extr\u00e9mn\u011b odoln\u00e1 \u010depel vhodn\u00e1 pro tvrd\u00e9 podm\u00ednky.<br data-start=\"2239\" data-end=\"2242\" \/>\u2714 <strong data-start=\"2244\" data-end=\"2275\">Obrana &amp; ka\u017edodenn\u00ed pou\u017eit\u00ed<\/strong> \u2013 kompaktn\u00ed, ale velmi v\u00fdkonn\u00fd n\u016f\u017e.<\/p>\n<hr data-start=\"2315\" data-end=\"2318\" \/>\n<h3 data-start=\"2320\" data-end=\"2361\">\ud83d\udd27 <strong data-start=\"2327\" data-end=\"2359\">Tvar rukojeti a jeho vyu\u017eit\u00ed<\/strong><\/h3>\n<p data-start=\"2363\" data-end=\"2386\">\ud83d\udd39 <strong data-start=\"2366\" data-end=\"2384\">Tvar rukojeti:<\/strong><\/p>\n<ul data-start=\"2387\" data-end=\"2442\">\n<li data-start=\"2387\" data-end=\"2442\">Ergonomick\u00fd design s <strong data-start=\"2410\" data-end=\"2439\">protiskluzovou strukturou<\/strong>.<\/li>\n<\/ul>\n<p data-start=\"2444\" data-end=\"2684\">\ud83d\udd39 <strong data-start=\"2447\" data-end=\"2468\">Vyu\u017eit\u00ed rukojeti:<\/strong><br data-start=\"2468\" data-end=\"2471\" \/>\u2714 <strong data-start=\"2473\" data-end=\"2502\">Pohodln\u00fd a bezpe\u010dn\u00fd \u00fachop<\/strong> \u2013 vhodn\u00fd i pro del\u0161\u00ed pr\u00e1ci.<br data-start=\"2530\" data-end=\"2533\" \/>\u2714 <strong data-start=\"2535\" data-end=\"2560\">Odolnost proti skluzu<\/strong> \u2013 Forprene materi\u00e1l poskytuje jistotu p\u0159i manipulaci.<br data-start=\"2614\" data-end=\"2617\" \/>\u2714 <strong data-start=\"2619\" data-end=\"2648\">Integrovan\u00fd rozb\u00edje\u010d skla<\/strong> \u2013 u\u017eite\u010dn\u00fd pro z\u00e1chrann\u00e9 operace.<\/p>\n<hr data-start=\"2686\" data-end=\"2689\" \/>\n<h3 data-start=\"2691\" data-end=\"2727\">\u2699\ufe0f <strong data-start=\"2698\" data-end=\"2725\">Mechanismus &amp; funk\u010dnost<\/strong><\/h3>\n<ul data-start=\"2728\" data-end=\"2898\">\n<li data-start=\"2728\" data-end=\"2789\"><strong data-start=\"2730\" data-end=\"2745\">Pevn\u00e1 \u010depel<\/strong> poskytuje maxim\u00e1ln\u00ed odolnost a stabilitu.<\/li>\n<li data-start=\"2790\" data-end=\"2838\"><strong data-start=\"2792\" data-end=\"2812\">Kompaktn\u00ed design<\/strong> umo\u017e\u0148uje snadn\u00e9 no\u0161en\u00ed.<\/li>\n<li data-start=\"2839\" data-end=\"2898\"><strong data-start=\"2841\" data-end=\"2869\">Pouzdro s MOLLE syst\u00e9mem<\/strong> pro p\u0159ipevn\u011bn\u00ed na v\u00fdstroj.<\/li>\n<\/ul>\n<hr data-start=\"2900\" data-end=\"2903\" \/>\n<h3 data-start=\"2905\" data-end=\"2925\">\ud83c\udfaf <strong data-start=\"2912\" data-end=\"2923\">Pou\u017eit\u00ed<\/strong><\/h3>\n<p data-start=\"2926\" data-end=\"3155\">\ud83d\udc6e <strong data-start=\"2929\" data-end=\"2949\">Taktick\u00e9 operace<\/strong> \u2013 profesion\u00e1ln\u00ed n\u00e1stroj pro vojensk\u00e9 a bezpe\u010dnostn\u00ed slo\u017eky.<br data-start=\"3009\" data-end=\"3012\" \/>\ud83c\udfd5\ufe0f <strong data-start=\"3016\" data-end=\"3038\">Outdoor &amp; survival<\/strong> \u2013 ide\u00e1ln\u00ed pro extr\u00e9mn\u00ed podm\u00ednky.<br data-start=\"3071\" data-end=\"3074\" \/>\ud83d\udee1\ufe0f <strong data-start=\"3078\" data-end=\"3098\">Obrann\u00e9 nasazen\u00ed<\/strong> \u2013 kompaktn\u00ed a snadno p\u0159enosn\u00fd n\u016f\u017e s vysokou \u00fa\u010dinnost\u00ed.<\/p>\n<hr data-start=\"3157\" data-end=\"3160\" \/>\n<h3 data-start=\"3162\" data-end=\"3191\">\u2b50 <strong data-start=\"3168\" data-end=\"3189\">V\u00fdhody a nev\u00fdhody<\/strong><\/h3>\n<p data-start=\"3193\" data-end=\"3444\">\u2705 <strong data-start=\"3195\" data-end=\"3206\">V\u00fdhody:<\/strong><br data-start=\"3206\" data-end=\"3209\" \/>\u2714 Extr\u00e9mn\u011b pevn\u00e1 konstrukce z pr\u00e9miov\u00fdch materi\u00e1l\u016f.<br data-start=\"3260\" data-end=\"3263\" \/>\u2714 Kompaktn\u00ed velikost bez ztr\u00e1ty v\u00fdkonu.<br data-start=\"3302\" data-end=\"3305\" \/>\u2714 Ergonomick\u00e1 rukoje\u0165 s jist\u00fdm \u00fachopem.<br data-start=\"3344\" data-end=\"3347\" \/>\u2714 Taktick\u00e1 povrchov\u00e1 \u00faprava Desert Warfare.<br data-start=\"3390\" data-end=\"3393\" \/>\u2714 Kvalitn\u00ed pouzdro kompatibiln\u00ed s MOLLE syst\u00e9mem.<\/p>\n<p data-start=\"3446\" data-end=\"3648\">\u274c <strong data-start=\"3448\" data-end=\"3461\">Nev\u00fdhody:<\/strong><br data-start=\"3461\" data-end=\"3464\" \/>\u2716 Vy\u0161\u0161\u00ed cena odpov\u00eddaj\u00edc\u00ed \u0161pi\u010dkov\u00e9 kvalit\u011b.<br data-start=\"3507\" data-end=\"3510\" \/>\u2716 Pevn\u00e1 \u010depel bez skl\u00e1dac\u00edho mechanismu m\u016f\u017ee b\u00fdt m\u00e9n\u011b praktick\u00e1 pro EDC.<br data-start=\"3582\" data-end=\"3585\" \/>\u2716 Nutnost pravideln\u00e9 \u00fadr\u017eby pro zachov\u00e1n\u00ed maxim\u00e1ln\u00ed ostrosti.<\/p>\n<hr data-start=\"3650\" data-end=\"3653\" \/>\n<h3 data-start=\"3655\" data-end=\"3698\">\ud83d\udcdc <strong data-start=\"3662\" data-end=\"3696\">Historick\u00fd kontext a inspirace<\/strong><\/h3>\n<ul data-start=\"3699\" data-end=\"3852\">\n<li data-start=\"3699\" data-end=\"3778\">Vych\u00e1z\u00ed z <strong data-start=\"3711\" data-end=\"3739\">vojensk\u00fdch bojov\u00fdch no\u017e\u016f<\/strong>, p\u0159izp\u016fsoben\u00fdch pro modern\u00ed operace.<\/li>\n<li data-start=\"3779\" data-end=\"3852\">Navr\u017een pro <strong data-start=\"3793\" data-end=\"3814\">extr\u00e9mn\u00ed podm\u00ednky<\/strong>, inspirov\u00e1n speci\u00e1ln\u00edmi jednotkami.<\/li>\n<\/ul>\n<hr data-start=\"3854\" data-end=\"3857\" \/>\n<h3 data-start=\"3859\" data-end=\"3896\">\u2696\ufe0f <strong data-start=\"3866\" data-end=\"3894\">Bezpe\u010dnost a legislativa<\/strong><\/h3>\n<ul data-start=\"3897\" data-end=\"4057\">\n<li data-start=\"3897\" data-end=\"3987\">No\u0161en\u00ed tohoto no\u017ee m\u016f\u017ee b\u00fdt v n\u011bkter\u00fdch zem\u00edch regulov\u00e1no \u2013 ov\u011b\u0159te si m\u00edstn\u00ed p\u0159edpisy.<\/li>\n<li data-start=\"3988\" data-end=\"4057\">Bezpe\u010dn\u00e9 p\u0159en\u00e1\u0161en\u00ed zaji\u0161\u0165uje <strong data-start=\"4019\" data-end=\"4054\">pevn\u00e9 pouzdro s MOLLE uchycen\u00edm<\/strong>.<\/li>\n<\/ul>\n<hr data-start=\"4059\" data-end=\"4062\" \/>\n<h3 data-start=\"4064\" data-end=\"4109\">\ud83c\udf92 <strong data-start=\"4071\" data-end=\"4107\">P\u0159\u00edslu\u0161enstv\u00ed a mo\u017enosti upgradu<\/strong><\/h3>\n<ul data-start=\"4110\" data-end=\"4261\">\n<li data-start=\"4110\" data-end=\"4182\"><strong data-start=\"4112\" data-end=\"4146\">Pouzdro s MOLLE kompatibilitou<\/strong> pro snadn\u00e9 p\u0159ipevn\u011bn\u00ed na v\u00fdstroj.<\/li>\n<li data-start=\"4183\" data-end=\"4261\">Doporu\u010den\u00e9 p\u0159\u00edslu\u0161enstv\u00ed: <strong data-start=\"4211\" data-end=\"4258\">diamantov\u00fd brousek, ochrann\u00e9 oleje na \u010depel<\/strong>.<\/li>\n<\/ul>\n<hr data-start=\"4263\" data-end=\"4266\" \/>\n<h3 data-start=\"4268\" data-end=\"4298\">\ud83e\uddfd <strong data-start=\"4275\" data-end=\"4296\">\u00dadr\u017eba a brou\u0161en\u00ed<\/strong><\/h3>\n<p data-start=\"4300\" data-end=\"4421\">\ud83d\udd27 <strong data-start=\"4303\" data-end=\"4314\">\u00dadr\u017eba:<\/strong><br data-start=\"4314\" data-end=\"4317\" \/>\u2714 Po pou\u017eit\u00ed ot\u0159ete \u010depel a naneste ochrann\u00fd olej.<br data-start=\"4367\" data-end=\"4370\" \/>\u2714 Pravideln\u011b kontrolujte uchycen\u00ed no\u017ee v pouzd\u0159e.<\/p>\n<p data-start=\"4423\" data-end=\"4538\">\ud83d\udd2a <strong data-start=\"4426\" data-end=\"4439\">Brou\u0161en\u00ed:<\/strong><br data-start=\"4439\" data-end=\"4442\" \/>\u2714 Doporu\u010deno <strong data-start=\"4455\" data-end=\"4493\">diamantov\u00e9 nebo keramick\u00e9 brou\u0161en\u00ed<\/strong>.<br data-start=\"4494\" data-end=\"4497\" \/>\u2714 Optim\u00e1ln\u00ed \u00fahel brou\u0161en\u00ed: <strong data-start=\"4524\" data-end=\"4535\">20\u00b0\u201325\u00b0<\/strong>.<\/p>\n<hr data-start=\"4540\" data-end=\"4543\" \/>\n<h3 data-start=\"4545\" data-end=\"4563\">\ud83d\udcdd <strong data-start=\"4552\" data-end=\"4561\">Z\u00e1v\u011br<\/strong><\/h3>\n<p data-start=\"4564\" data-end=\"4941\" data-is-last-node=\"\" data-is-only-node=\"\">Extrema Ratio FULCRUM C FH DESERT WARFARE je vysoce odoln\u00fd, kompaktn\u00ed a <strong data-start=\"4636\" data-end=\"4670\">extr\u00e9mn\u011b spolehliv\u00fd bojov\u00fd n\u016f\u017e<\/strong>. Tento model nab\u00edz\u00ed <strong data-start=\"4691\" data-end=\"4764\">v\u00fdbornou ergonomii, \u0161pi\u010dkovou kvalitu materi\u00e1l\u016f a taktickou funk\u010dnost<\/strong>, d\u00edky \u010demu\u017e je ide\u00e1ln\u00ed pro <strong data-start=\"4792\" data-end=\"4839\">vojensk\u00e9 nasazen\u00ed, survival i osobn\u00ed obranu<\/strong>. Pokud hled\u00e1te <strong data-start=\"4855\" data-end=\"4903\">kompaktn\u00ed a v\u00fdkonn\u00fd n\u016f\u017e s taktick\u00fdm designem<\/strong>, tento model je vynikaj\u00edc\u00ed volbou. \ud83d\udd2a<\/p>\n<\/div>\n<\/div>\n<\/div>\n<\/div>\n<div class=\"mb-2 flex gap-3 empty:hidden -ml-2\">\n<div class=\"items-center justify-start rounded-xl p-1 flex\">\n<div class=\"flex items-center\"><\/div>\n<\/div>\n<\/div>\n","protected":false},"excerpt":{"rendered":"<p><strong>Extrema Ratio FULCRUM C FH DESERT WARFARE je vysoce odoln\u00fd, kompaktn\u00ed a extr\u00e9mn\u011b spolehliv\u00fd bojov\u00fd n\u016f\u017e. Tento model nab\u00edz\u00ed v\u00fdbornou ergonomii, \u0161pi\u010dkovou kvalitu materi\u00e1l\u016f a taktickou funk\u010dnost, d\u00edky \u010demu\u017e je ide\u00e1ln\u00ed pro vojensk\u00e9 nasazen\u00ed, survival i osobn\u00ed obranu. Pokud hled\u00e1te kompaktn\u00ed a v\u00fdkonn\u00fd n\u016f\u017e s taktick\u00fdm designem, tento model je vynikaj\u00edc\u00ed volbou. \ud83d\udd2a<\/strong><\/p>\n<p><strong>\ud83d\udce6 Objednejte nyn\u00ed a m\u00e1te dopravu zdarma \ud83d\ude9a<\/strong><\/p>\n","protected":false},"featured_media":393685,"comment_status":"open","ping_status":"closed","template":"","meta":[],"pwb-brand":[267],"product_brand":[],"product_cat":[17,23],"product_tag":[],"class_list":{"0":"post-393676","1":"product","2":"type-product","3":"status-publish","4":"has-post-thumbnail","6":"pwb-brand-extrema-ratio","7":"product_cat-noze","8":"product_cat-pevne-noze","10":"first","11":"instock","12":"taxable","13":"shipping-taxable","14":"purchasable","15":"product-type-simple"},"brands":[{"id":267,"name":"Extrema Ratio","slug":"extrema-ratio"}],"_links":{"self":[{"href":"https:\/\/www.moskito.cz\/es\/wp-json\/wp\/v2\/product\/393676","targetHints":{"allow":["GET"]}}],"collection":[{"href":"https:\/\/www.moskito.cz\/es\/wp-json\/wp\/v2\/product"}],"about":[{"href":"https:\/\/www.moskito.cz\/es\/wp-json\/wp\/v2\/types\/product"}],"replies":[{"embeddable":true,"href":"https:\/\/www.moskito.cz\/es\/wp-json\/wp\/v2\/comments?post=393676"}],"wp:featuredmedia":[{"embeddable":true,"href":"https:\/\/www.moskito.cz\/es\/wp-json\/wp\/v2\/media\/393685"}],"wp:attachment":[{"href":"https:\/\/www.moskito.cz\/es\/wp-json\/wp\/v2\/media?parent=393676"}],"wp:term":[{"taxonomy":"pwb-brand","embeddable":true,"href":"https:\/\/www.moskito.cz\/es\/wp-json\/wp\/v2\/pwb-brand?post=393676"},{"taxonomy":"product_brand","embeddable":true,"href":"https:\/\/www.moskito.cz\/es\/wp-json\/wp\/v2\/product_brand?post=393676"},{"taxonomy":"product_cat","embeddable":true,"href":"https:\/\/www.moskito.cz\/es\/wp-json\/wp\/v2\/product_cat?post=393676"},{"taxonomy":"product_tag","embeddable":true,"href":"https:\/\/www.moskito.cz\/es\/wp-json\/wp\/v2\/product_tag?post=393676"}],"curies":[{"name":"wp","href":"https:\/\/api.w.org\/{rel}","templated":true}]}}