{"id":398094,"date":"2025-02-12T20:52:42","date_gmt":"2025-02-12T19:52:42","guid":{"rendered":"https:\/\/www.moskito.cz\/produkt\/cuchillo-plegable-spartan-blades-harsey-ronin-gunfighter-sf5custom\/"},"modified":"2025-10-09T00:00:23","modified_gmt":"2025-10-08T23:00:23","slug":"cuchillo-plegable-spartan-blades-harsey-ronin-gunfighter-sf5custom","status":"publish","type":"product","link":"https:\/\/www.moskito.cz\/es\/produkt\/cuchillo-plegable-spartan-blades-harsey-ronin-gunfighter-sf5custom\/","title":{"rendered":"Cuchillo plegable Spartan Blades Harsey Ronin GunFighter SF5CUSTOM"},"content":{"rendered":"<p data-start=\"0\" data-end=\"65\"><strong data-start=\"0\" data-end=\"65\"><span>Cuchillo plegable Spartan Blades Harsey Ronin GunFighter SF5CUSTOM<\/span><\/strong><\/p>\n<p data-start=\"67\" data-end=\"426\"><span>El cuchillo plegable Spartan Blades Harsey Ronin GunFighter SF5CUSTOM tiene una construcci\u00f3n excelente, una funcionalidad inigualable y un dise\u00f1o \u00fanico. Este modelo es ideal para coleccionistas, profesionales y entusiastas de los cuchillos de calidad. Gracias a su durabilidad, precisi\u00f3n en su fabricaci\u00f3n y dise\u00f1o robusto, este cuchillo es una gran herramienta para el uso diario y las tareas m\u00e1s exigentes.  <\/span><\/p>\n<p data-start=\"428\" data-end=\"453\"><strong data-start=\"428\" data-end=\"453\"><span>Especificaciones t\u00e9cnicas<\/span><\/strong><\/p>\n<p data-start=\"455\" data-end=\"468\"><span>\ud83d\udd2a<\/span> <strong data-start=\"458\" data-end=\"468\"><span>Hoja:<\/span><\/strong><\/p>\n<ul data-start=\"469\" data-end=\"1005\">\n<li data-start=\"469\" data-end=\"594\"><strong data-start=\"471\" data-end=\"481\"><span>Longitud:<\/span><\/strong> <span>aproximadamente 9,4 cm: ideal para un uso vers\u00e1til, incluidas tareas pesadas como cortar, apu\u00f1alar y tirar.<\/span><\/li>\n<li data-start=\"595\" data-end=\"734\"><strong data-start=\"597\" data-end=\"610\"><span>Material:<\/span><\/strong> <span>CPM S35VN \u2013 acero de primera calidad, conocido por su excelente resistencia a la corrosi\u00f3n, excelentes propiedades de corte y larga vida \u00fatil.<\/span><\/li>\n<li data-start=\"735\" data-end=\"856\"><strong data-start=\"737\" data-end=\"746\"><span>Forma:<\/span><\/strong> <span>Punta: una forma vers\u00e1til para una amplia gama de tareas de corte y apu\u00f1alamiento, con excelente control y precisi\u00f3n.<\/span><\/li>\n<li data-start=\"857\" data-end=\"1005\"><strong data-start=\"859\" data-end=\"880\"><span>Acabado de la superficie:<\/span><\/strong> <span>Lavado a piedra: una superficie robusta y duradera que no solo mejora la apariencia del cuchillo, sino que tambi\u00e9n aumenta su resistencia a los ara\u00f1azos.<\/span><\/li>\n<\/ul>\n<p data-start=\"1007\" data-end=\"1022\"><span>\ud83d\udd90<\/span> <strong data-start=\"1010\" data-end=\"1022\"><span>Identificador:<\/span><\/strong><\/p>\n<ul data-start=\"1023\" data-end=\"1422\">\n<li data-start=\"1023\" data-end=\"1147\"><strong data-start=\"1025\" data-end=\"1038\"><span>Material:<\/span><\/strong> <span>G10: un material muy duradero, ligero y antideslizante que garantiza un agarre c\u00f3modo en condiciones exigentes.<\/span><\/li>\n<li data-start=\"1148\" data-end=\"1274\"><strong data-start=\"1150\" data-end=\"1161\"><span>Dise\u00f1o:<\/span><\/strong> <span>Gunfighter: el mango tiene un dise\u00f1o agresivo y moderno que es ergon\u00f3mico y proporciona un agarre seguro y c\u00f3modo.<\/span><\/li>\n<li data-start=\"1275\" data-end=\"1422\"><strong data-start=\"1277\" data-end=\"1298\"><span>Forma ergon\u00f3mica:<\/span><\/strong> <span>el mango est\u00e1 dise\u00f1ado para proporcionar un agarre seguro y firme, lo que es especialmente importante durante tareas exigentes o en situaciones t\u00e1cticas.<\/span><\/li>\n<\/ul>\n<p data-start=\"1424\" data-end=\"1442\"><span>\u2699<\/span> <strong data-start=\"1426\" data-end=\"1442\"><span>Mecanismo:<\/span><\/strong><\/p>\n<ul data-start=\"1443\" data-end=\"1708\">\n<li data-start=\"1443\" data-end=\"1576\"><strong data-start=\"1445\" data-end=\"1459\"><span>Apertura:<\/span><\/strong> <span>Bloqueo de marco: un mecanismo confiable para bloquear la hoja durante el uso, lo que garantiza una sujeci\u00f3n segura y estable.<\/span><\/li>\n<li data-start=\"1577\" data-end=\"1708\"><strong data-start=\"1579\" data-end=\"1592\"><span>Velocidad:<\/span><\/strong> <span>El mecanismo de apertura es suave y r\u00e1pido, lo que permite el despliegue instant\u00e1neo del cuchillo en situaciones donde la velocidad es clave.<\/span><\/li>\n<\/ul>\n<p data-start=\"1710\" data-end=\"1725\"><span>\u2696<\/span> <strong data-start=\"1712\" data-end=\"1725\"><span>Peso:<\/span><\/strong><\/p>\n<ul data-start=\"1726\" data-end=\"1848\">\n<li data-start=\"1726\" data-end=\"1848\"><span>Aproximadamente 160-180 g: el equilibrio ideal entre robustez para tareas exigentes y ligereza para el uso diario.<\/span><\/li>\n<\/ul>\n<p data-start=\"1850\" data-end=\"1874\"><span>\ud83d\udccc<\/span> <strong data-start=\"1853\" data-end=\"1874\"><span>Otras caracter\u00edsticas:<\/span><\/strong><\/p>\n<ul data-start=\"1875\" data-end=\"2174\">\n<li data-start=\"1875\" data-end=\"1979\"><strong data-start=\"1877\" data-end=\"1897\"><span>Edici\u00f3n limitada<\/span><\/strong> <span>: este modelo es parte de una edici\u00f3n exclusiva, lo que lo convierte en una pieza valiosa y rara.<\/span><\/li>\n<li data-start=\"1980\" data-end=\"2066\"><strong data-start=\"1982\" data-end=\"2005\"><span>Fabricaci\u00f3n CNC de precisi\u00f3n<\/span><\/strong> <span>: cada cuchillo se fabrica con el m\u00e1ximo cuidado y atenci\u00f3n al detalle.<\/span><\/li>\n<li data-start=\"2067\" data-end=\"2174\"><strong data-start=\"2069\" data-end=\"2087\"><span>Clip de transporte<\/span><\/strong> <span>: clip de acero para sujetar f\u00e1cilmente el cuchillo a la ropa o a una mochila para un transporte c\u00f3modo.<\/span><\/li>\n<\/ul>\n<p data-start=\"2176\" data-end=\"2591\"><strong data-start=\"2176\" data-end=\"2199\"><span>Caracter\u00edsticas principales:<\/span><\/strong> <span>\u2705<\/span> <strong data-start=\"2202\" data-end=\"2222\"><span>Edici\u00f3n limitada<\/span><\/strong> <span>: modelo exclusivo para coleccionistas y entusiastas.<\/span> <br data-start=\"2267\" data-end=\"2270\"><span>\u2705<\/span> <strong data-start=\"2272\" data-end=\"2290\"><span>Acero CPM S35VN<\/span><\/strong> <span>: acero inoxidable de alta calidad para una larga vida \u00fatil y excelentes propiedades de corte.<\/span> <br data-start=\"2371\" data-end=\"2374\"><span>\u2705<\/span> <strong data-start=\"2376\" data-end=\"2398\"><span>Superficie lavada a piedra<\/span><\/strong> <span>: superficie elegante y duradera para proteger contra rasgu\u00f1os y mejorar la apariencia de los cuchillos.<\/span> <br data-start=\"2481\" data-end=\"2484\"><span>\u2705<\/span> <strong data-start=\"2486\" data-end=\"2507\"><span>Dise\u00f1o Gunfighter<\/span><\/strong> <span>: dise\u00f1o moderno y agresivo que asegura un gran agarre y comodidad durante su uso.<\/span><\/p>\n<p data-start=\"2593\" data-end=\"2968\"><strong data-start=\"2593\" data-end=\"2605\"><span>Usos:<\/span><\/strong> <span>\ud83c\udfaf<\/span> <strong data-start=\"2609\" data-end=\"2631\"><span>Art\u00edculo de colecci\u00f3n<\/span><\/strong> <span>: la edici\u00f3n limitada y el dise\u00f1o exclusivo hacen que este cuchillo sea atractivo para los coleccionistas de cuchillos.<\/span> <br data-start=\"2716\" data-end=\"2719\"><span>\ud83d\udd2a<\/span> <strong data-start=\"2722\" data-end=\"2746\"><span>EDC (Everyday Carry)<\/span><\/strong> <span>: un cuchillo robusto y confiable para llevar todos los d\u00edas, adecuado para diversas tareas.<\/span> <br data-start=\"2827\" data-end=\"2830\"><span>\ud83d\udd27<\/span> <strong data-start=\"2833\" data-end=\"2853\"><span>Uso t\u00e1ctico<\/span><\/strong> <span>: gracias a su dise\u00f1o, este cuchillo es adecuado para situaciones t\u00e1cticas donde la velocidad, la confiabilidad y la durabilidad son importantes.<\/span><\/p>\n<p data-start=\"2970\" data-end=\"2992\"><strong data-start=\"2970\" data-end=\"2992\"><span>Ventajas y desventajas:<\/span><\/strong><\/p>\n<p data-start=\"2994\" data-end=\"3007\"><span>\u2705<\/span> <strong data-start=\"2996\" data-end=\"3007\"><span>Beneficios:<\/span><\/strong><\/p>\n<ul data-start=\"3008\" data-end=\"3264\">\n<li data-start=\"3008\" data-end=\"3068\"><span>Materiales de alta calidad, incluido acero CPM S35VN de primera calidad.<\/span><\/li>\n<li data-start=\"3069\" data-end=\"3134\"><span>Dise\u00f1o de Gunfighter \u00fanico y atractivo con agarre ergon\u00f3mico.<\/span><\/li>\n<li data-start=\"3135\" data-end=\"3194\"><span>Mecanismo de bloqueo de marco confiable para un uso seguro.<\/span><\/li>\n<li data-start=\"3195\" data-end=\"3264\"><span>La edici\u00f3n limitada convierte este cuchillo en un objeto de colecci\u00f3n raro y valioso.<\/span><\/li>\n<\/ul>\n<p data-start=\"3266\" data-end=\"3281\"><span>\u274c<\/span> <strong data-start=\"3268\" data-end=\"3281\"><span>Desventajas:<\/span><\/strong><\/p>\n<ul data-start=\"3282\" data-end=\"3461\">\n<li data-start=\"3282\" data-end=\"3338\"><span>Precio superior debido a la exclusividad y calidad de los materiales.<\/span><\/li>\n<li data-start=\"3339\" data-end=\"3384\"><span>Disponibilidad limitada debido a la producci\u00f3n limitada.<\/span><\/li>\n<li data-start=\"3385\" data-end=\"3461\"><span>Algunas jurisdicciones pueden tener leyes estrictas con respecto al porte de cuchillos plegables.<\/span><\/li>\n<\/ul>\n<p data-start=\"3463\" data-end=\"3941\"><strong data-start=\"3463\" data-end=\"3473\"><span>Conclusi\u00f3n:<\/span><\/strong><span>  El Spartan Blades Harsey Ronin GunFighter SF5CUSTOM es un cuchillo de alta calidad que combina una mano de obra precisa, un dise\u00f1o moderno y una excelente funcionalidad. Este cuchillo es una opci\u00f3n ideal para coleccionistas que buscan una pieza rara para su colecci\u00f3n, pero tambi\u00e9n para usuarios que necesitan una herramienta confiable para el uso diario o situaciones t\u00e1cticas. La edici\u00f3n limitada y el elegante dise\u00f1o con motivo de tirador lo convierten no solo en una herramienta eficaz, sino tambi\u00e9n en una pieza valiosa y rara. \ud83d\ude80 \ud83d\udd2a   <\/span><\/p>\n","protected":false},"excerpt":{"rendered":"<p><strong>Conclusi\u00f3n: El Spartan Blades Harsey Ronin GunFighter SF5CUSTOM es un cuchillo de alta calidad que combina una mano de obra precisa, un dise\u00f1o moderno y una excelente funcionalidad. Este cuchillo es una opci\u00f3n ideal para coleccionistas que buscan una pieza rara para su colecci\u00f3n, pero tambi\u00e9n para usuarios que necesitan una herramienta confiable para el uso diario o situaciones t\u00e1cticas. La edici\u00f3n limitada y el elegante dise\u00f1o con motivo de tirador lo convierten no solo en una herramienta eficaz, sino tambi\u00e9n en una pieza valiosa y rara. \ud83d\ude80 \ud83d\udd2a   <\/strong><\/p>\n<p><strong>Transporte gratuito.<\/strong><\/p>\n","protected":false},"featured_media":390433,"comment_status":"open","ping_status":"closed","template":"","meta":[],"pwb-brand":[3838],"product_brand":[],"product_cat":[3730,3726],"product_tag":[],"class_list":{"0":"post-398094","1":"product","2":"type-product","3":"status-publish","4":"has-post-thumbnail","6":"pwb-brand-espadas-espartanas","7":"product_cat-cuchillas-de-cierre","8":"product_cat-cuchillos","10":"first","11":"outofstock","12":"taxable","13":"shipping-taxable","14":"purchasable","15":"product-type-simple"},"brands":[{"id":3838,"name":"Espadas espartanas","slug":"espadas-espartanas"}],"_links":{"self":[{"href":"https:\/\/www.moskito.cz\/es\/wp-json\/wp\/v2\/product\/398094","targetHints":{"allow":["GET"]}}],"collection":[{"href":"https:\/\/www.moskito.cz\/es\/wp-json\/wp\/v2\/product"}],"about":[{"href":"https:\/\/www.moskito.cz\/es\/wp-json\/wp\/v2\/types\/product"}],"replies":[{"embeddable":true,"href":"https:\/\/www.moskito.cz\/es\/wp-json\/wp\/v2\/comments?post=398094"}],"wp:featuredmedia":[{"embeddable":true,"href":"https:\/\/www.moskito.cz\/es\/wp-json\/wp\/v2\/media\/390433"}],"wp:attachment":[{"href":"https:\/\/www.moskito.cz\/es\/wp-json\/wp\/v2\/media?parent=398094"}],"wp:term":[{"taxonomy":"pwb-brand","embeddable":true,"href":"https:\/\/www.moskito.cz\/es\/wp-json\/wp\/v2\/pwb-brand?post=398094"},{"taxonomy":"product_brand","embeddable":true,"href":"https:\/\/www.moskito.cz\/es\/wp-json\/wp\/v2\/product_brand?post=398094"},{"taxonomy":"product_cat","embeddable":true,"href":"https:\/\/www.moskito.cz\/es\/wp-json\/wp\/v2\/product_cat?post=398094"},{"taxonomy":"product_tag","embeddable":true,"href":"https:\/\/www.moskito.cz\/es\/wp-json\/wp\/v2\/product_tag?post=398094"}],"curies":[{"name":"wp","href":"https:\/\/api.w.org\/{rel}","templated":true}]}}