{"id":398100,"date":"2025-03-17T14:26:41","date_gmt":"2025-03-31T09:33:02","guid":{"rendered":"https:\/\/www.moskito.cz\/produkt\/cuchillo-de-cuerno-de-carnero-con-bayoneta-de-estilete-frank-beltrame-de-28-cm\/"},"modified":"2025-05-07T11:28:52","modified_gmt":"2025-05-07T10:28:52","slug":"cuchillo-de-cuerno-de-carnero-con-bayoneta-de-estilete-frank-beltrame-de-28-cm","status":"publish","type":"product","link":"https:\/\/www.moskito.cz\/es\/produkt\/cuchillo-de-cuerno-de-carnero-con-bayoneta-de-estilete-frank-beltrame-de-28-cm\/","title":{"rendered":"Cuchillo de cuerno de carnero con bayoneta de estilete Frank Beltrame de 28 cm"},"content":{"rendered":"<p data-pm-slice=\"1 1 []\"><strong>Cuchillo de cuerno de carnero con bayoneta de estilete Frank Beltrame de 28<\/strong> \ud83d\udd25<\/p>\n<p>\ud83d\udd2a  <strong>Bayoneta de estilete Frank Beltrame, cuerno de carnero, 28 cm<\/strong>  es  <strong>navaja plegable tradicional italiana<\/strong>que combina  <strong>Dise\u00f1o cl\u00e1sico, fabricaci\u00f3n artesanal precisa y materiales excepcionales.<\/strong>. Este modelo est\u00e1 equipado con <strong>un elegante mango fabricado en aut\u00e9ntico cuerno de carnero<\/strong> , que le confiere un aspecto \u00fanico y exclusividad. La hoja tipo <strong>bayoneta<\/strong> hecha de <strong>acero inoxidable<\/strong> pulido garantiza una larga vida \u00fatil y excelentes propiedades de corte.  <\/p>\n<div>\n<hr>\n<\/div>\n<h2>\ud83d\udcd0 Especificaciones<\/h2>\n<ul data-spread=\"false\">\n<li><strong>Longitud total:<\/strong> 28 cm<\/li>\n<li><strong>Longitud de la hoja:<\/strong> 11 cm<\/li>\n<li><strong>Grosor de la hoja:<\/strong> 3 mm<\/li>\n<li><strong>Material de la hoja:<\/strong> AISI 420 MA5M<\/li>\n<li><strong>Dureza:<\/strong> 56 HRC<\/li>\n<li><strong>Borde:<\/strong> Borde liso<\/li>\n<li><strong>Forma de la hoja:<\/strong> Bayoneta<\/li>\n<li><strong>Acabado superficial:<\/strong> Hoja pulida<\/li>\n<li><strong>Material del mango:<\/strong> Cuerno de carnero real<\/li>\n<li><strong>Bloqueo:<\/strong> Lockback (seguridad tradicional)<\/li>\n<li><strong>Peso:<\/strong> 160g<\/li>\n<\/ul>\n<div>\n<hr>\n<\/div>\n<h2>\ud83c\udfaf Caracter\u00edsticas principales<\/h2>\n<p>\u2705 <strong>Hecho a mano en Italia<\/strong> : cada pieza es un original con una textura de mango \u00fanica.<br \/>\n\u2705 <strong>Mango de cuerno de carnero genuino<\/strong> : un material natural aut\u00e9ntico con una apariencia elegante.<br \/>\n\u2705 <strong>Hoja de acero inoxidable AISI 420 MA5M pulida<\/strong> \u2013 resistente a la corrosi\u00f3n, f\u00e1cil de afilar.<br \/>\n\u2705 <strong>Perfil cl\u00e1sico de hoja de bayoneta<\/strong> : ideal para cortes precisos y apu\u00f1alamientos.<br \/>\n\u2705 <strong>Mecanismo de liberaci\u00f3n r\u00e1pida<\/strong> : apertura suave con solo presionar un bot\u00f3n.<br \/>\n\u2705 <strong>Seguridad de bloqueo<\/strong> : bloqueo de la hoja firme y seguro.<\/p>\n<div>\n<hr>\n<\/div>\n<h2>Historia \ud83d\udcdc la marca Frank Beltrame<\/h2>\n<p>Frank Beltrame es <strong>una reconocida marca italiana<\/strong> con una historia que se remonta a la d\u00e9cada de 1950. Los cuchillos <strong>Stiletto<\/strong> son un s\u00edmbolo <strong>de la artesan\u00eda tradicional italiana<\/strong> y se han vuelto ic\u00f3nicos gracias a <strong>su elegante dise\u00f1o, mecanismo preciso y mano de obra de alta calidad<\/strong> .   <\/p>\n<div>\n<hr>\n<\/div>\n<h2>\u2696\ufe0f Comparaci\u00f3n con otros modelos<\/h2>\n<p>\ud83d\udd39 <strong>Frank Beltrame Ram Horn vs. Buffalo Horn<\/strong> : el modelo <strong>Buffalo Horn<\/strong> tiene un mango m\u00e1s oscuro, mientras que <strong>el Ram Horn aporta una textura m\u00e1s clara y exclusiva<\/strong> .<\/p>\n<p>\ud83d\udd39 <strong>Frank Beltrame vs. AKC Swinguard<\/strong> \u2013 El AKC Swinguard tiene un tipo de seguridad diferente, mientras que el Beltrame Stiletto conserva <strong>la cl\u00e1sica seguridad Lockback<\/strong> .<\/p>\n<p>\ud83d\udd39 <strong>Frank Beltrame vs. Microtech Ultratech<\/strong> \u2013 Microtech es un <strong>cuchillo OTF<\/strong> moderno, mientras que <strong>Stiletto es un cuchillo italiano tradicional con un dise\u00f1o hist\u00f3rico<\/strong> .<\/p>\n<div>\n<hr>\n<\/div>\n<h2>\ud83d\udcdc Uso y finalidad<\/h2>\n<p>\ud83d\udd38 <strong>Un art\u00edculo de colecci\u00f3n<\/strong> , gracias a la producci\u00f3n artesanal y a los materiales de primera calidad.<br \/>\n\ud83d\udd38 <strong>Accesorio con estilo<\/strong> : dise\u00f1o elegante y atemporal.<br \/>\n\ud83d\udd38 <strong>Everyday Carry (EDC)<\/strong> : un cuchillo liviano y compacto adecuado para las tareas diarias.<\/p>\n<div>\n<hr>\n<\/div>\n<h2>\ud83c\udf92 Accesorios y contenido del paquete<\/h2>\n<p>\ud83d\udccc <strong>paquete incluye:<\/strong><br \/>\n \u2714 Navaja plegable <strong>Frank Beltrame Stiletto Bayonet Ram Horn de 28 cm<\/strong><br \/>\n \u2714 Funda protectora  <\/p>\n<p>\ud83d\udccc <strong>Accesorios recomendados:<\/strong><br \/>\n \ud83d\udd39 Estuche de cuero de lujo<br \/>\n Aceite especial \ud83d\udd39 cuchillas<br \/>\n \ud83d\udd39 Pa\u00f1o protector para pulir el mango<\/p>\n<div>\n<hr>\n<\/div>\n<h2>\ud83d\udd27 Mantenimiento y vida \u00fatil<\/h2>\n<p>\ud83d\udd39 <strong>Limpieza:<\/strong> Despu\u00e9s de su uso, limpie la cuchilla con un pa\u00f1o seco y aplique aceite protector.<br \/>\n\ud83d\udd39 <strong>Molienda:<\/strong> Utilice piedras de moler de calidad para una molienda fina.<br \/>\n\ud83d\udd39 <strong>Almacenamiento:<\/strong> Conservar en un ambiente seco, idealmente en un estuche protector.<\/p>\n<div>\n<hr>\n<\/div>\n<h2>\ud83d\udd25 qu\u00e9 comprar ahora?<\/h2>\n<p>\u2b50 <strong>Material hecho a mano y exclusivo<\/strong> : cada pieza es original.<br \/>\n\ud83d\ude9a <strong>Env\u00edo gratuito<\/strong> \u2013 aplica a todos los pedidos de este modelo.<br \/>\n\ud83c\udf96 <strong>Calidad tradicional italiana<\/strong> : una inversi\u00f3n en un cuchillo con historia.<\/p>\n<div>\n<hr>\n<\/div>\n<h2>\ud83d\udccc Conclusi\u00f3n<\/h2>\n<p><strong>El Frank Beltrame Stiletto Bayonet Ram Horn 28 cm<\/strong> es <strong>un cuchillo plegable elegante, coleccionable y prestigioso<\/strong> que combina <strong>un dise\u00f1o cl\u00e1sico, una artesan\u00eda de primer nivel y materiales de primera calidad<\/strong> . Si buscas <strong>un Stiletto lujoso y funcional<\/strong> , \u00a1este modelo es <strong>la elecci\u00f3n ideal<\/strong> ! <\/p>\n<div>\n<hr>\n<\/div>\n<p>\ud83d\udd17 <strong>\u00a1Pide hoy tu Frank Beltrame Stiletto Bayonet Ram Horn 28 cm!<\/strong> \ud83d\udd25<\/p>\n","protected":false},"excerpt":{"rendered":"<p>El Frank Beltrame Stiletto Bayonet Ram Horn 28 cm es un cuchillo plegable elegante, coleccionable y prestigioso que combina un dise\u00f1o cl\u00e1sico, una artesan\u00eda superior y materiales de primera calidad. Si buscas un Stiletto lujoso y funcional, \u00a1este modelo es la elecci\u00f3n perfecta! <\/p>\n","protected":false},"featured_media":397776,"comment_status":"open","ping_status":"closed","template":"","meta":[],"pwb-brand":[3781],"product_brand":[],"product_cat":[3726,3729],"product_tag":[4004],"class_list":{"0":"post-398100","1":"product","2":"type-product","3":"status-publish","4":"has-post-thumbnail","6":"pwb-brand-beltrame-es","7":"product_cat-cuchillos","8":"product_cat-cuchillos-de-tiro","9":"product_tag-nuevo","11":"first","12":"outofstock","13":"taxable","14":"shipping-taxable","15":"purchasable","16":"product-type-simple"},"brands":[{"id":3781,"name":"Beltram\u00e9","slug":"beltrame-es"}],"_links":{"self":[{"href":"https:\/\/www.moskito.cz\/es\/wp-json\/wp\/v2\/product\/398100","targetHints":{"allow":["GET"]}}],"collection":[{"href":"https:\/\/www.moskito.cz\/es\/wp-json\/wp\/v2\/product"}],"about":[{"href":"https:\/\/www.moskito.cz\/es\/wp-json\/wp\/v2\/types\/product"}],"replies":[{"embeddable":true,"href":"https:\/\/www.moskito.cz\/es\/wp-json\/wp\/v2\/comments?post=398100"}],"wp:featuredmedia":[{"embeddable":true,"href":"https:\/\/www.moskito.cz\/es\/wp-json\/wp\/v2\/media\/397776"}],"wp:attachment":[{"href":"https:\/\/www.moskito.cz\/es\/wp-json\/wp\/v2\/media?parent=398100"}],"wp:term":[{"taxonomy":"pwb-brand","embeddable":true,"href":"https:\/\/www.moskito.cz\/es\/wp-json\/wp\/v2\/pwb-brand?post=398100"},{"taxonomy":"product_brand","embeddable":true,"href":"https:\/\/www.moskito.cz\/es\/wp-json\/wp\/v2\/product_brand?post=398100"},{"taxonomy":"product_cat","embeddable":true,"href":"https:\/\/www.moskito.cz\/es\/wp-json\/wp\/v2\/product_cat?post=398100"},{"taxonomy":"product_tag","embeddable":true,"href":"https:\/\/www.moskito.cz\/es\/wp-json\/wp\/v2\/product_tag?post=398100"}],"curies":[{"name":"wp","href":"https:\/\/api.w.org\/{rel}","templated":true}]}}